{"id":755,"date":"2020-10-12T07:01:26","date_gmt":"2020-10-12T07:01:26","guid":{"rendered":"https:\/\/new.recmotestudio.com\/get-in-touch\/"},"modified":"2025-07-09T09:58:18","modified_gmt":"2025-07-09T09:58:18","slug":"contacto","status":"publish","type":"page","link":"https:\/\/recmotestudio.com\/es\/contacto\/","title":{"rendered":"Cont\u00e1ctanos"},"content":{"rendered":"\t\t<div data-elementor-type=\"wp-page\" data-elementor-id=\"755\" class=\"elementor elementor-755 elementor-29\" data-elementor-post-type=\"page\">\n\t\t\t\t<div class=\"elementor-element elementor-element-b45a26e e-flex e-con-boxed e-con e-parent\" data-id=\"b45a26e\" data-element_type=\"container\" data-e-type=\"container\">\n\t\t\t\t\t<div class=\"e-con-inner\">\n\t\t\t\t<div class=\"elementor-element elementor-element-91e55f6 elementor-widget elementor-widget-menu-anchor\" data-id=\"91e55f6\" data-element_type=\"widget\" data-e-type=\"widget\" data-widget_type=\"menu-anchor.default\">\n\t\t\t\t<div class=\"elementor-widget-container\">\n\t\t\t\t\t\t\t<div class=\"elementor-menu-anchor\" id=\"top\"><\/div>\n\t\t\t\t\t\t<\/div>\n\t\t\t\t<\/div>\n\t\t\t\t<div class=\"elementor-element elementor-element-b52beb6 elementor-widget elementor-widget-heading\" data-id=\"b52beb6\" data-element_type=\"widget\" data-e-type=\"widget\" data-widget_type=\"heading.default\">\n\t\t\t\t<div class=\"elementor-widget-container\">\n\t\t\t\t\t<h1 class=\"elementor-heading-title elementor-size-default\"> Cont\u00e1ctanos <\/h1>\t\t\t\t<\/div>\n\t\t\t\t<\/div>\n\t\t\t\t<div class=\"elementor-element elementor-element-0147d64 elementor-widget elementor-widget-text-editor\" data-id=\"0147d64\" data-element_type=\"widget\" data-e-type=\"widget\" data-widget_type=\"text-editor.default\">\n\t\t\t\t<div class=\"elementor-widget-container\">\n\t\t\t\t\t\t\t\t\t<div class=\"contact-title\"><p class=\"contact-title-description\">\u00a1Manos a la obra! Ll\u00e1manos o env\u00edanos un correo electr\u00f3nico y cu\u00e9ntanos tu proyecto, prometemos ponernos en contacto contigo en las pr\u00f3ximas horas.<\/p><\/div>\t\t\t\t\t\t\t\t<\/div>\n\t\t\t\t<\/div>\n\t\t\t\t\t<\/div>\n\t\t\t\t<\/div>\n\t\t<div class=\"elementor-element elementor-element-d458144 e-con-full e-flex e-con e-parent\" data-id=\"d458144\" data-element_type=\"container\" data-e-type=\"container\">\n\t\t<div class=\"elementor-element elementor-element-94f5df6 contact-links e-flex e-con-boxed e-con e-child\" data-id=\"94f5df6\" data-element_type=\"container\" data-e-type=\"container\" data-settings=\"{&quot;background_background&quot;:&quot;classic&quot;}\">\n\t\t\t\t\t<div class=\"e-con-inner\">\n\t\t<div class=\"elementor-element elementor-element-e913ed5 e-con-full e-flex e-con e-child\" data-id=\"e913ed5\" data-element_type=\"container\" data-e-type=\"container\">\n\t\t\t\t<div class=\"elementor-element elementor-element-291091b elementor-widget elementor-widget-image\" data-id=\"291091b\" data-element_type=\"widget\" data-e-type=\"widget\" data-widget_type=\"image.default\">\n\t\t\t\t<div class=\"elementor-widget-container\">\n\t\t\t\t\t\t\t\t\t\t\t\t\t\t\t<img fetchpriority=\"high\" decoding=\"async\" width=\"800\" height=\"800\" src=\"https:\/\/recmotestudio.com\/wp-content\/uploads\/2020\/10\/envelope-white.svg\" class=\"attachment-large size-large wp-image-85\" alt=\"\" \/>\t\t\t\t\t\t\t\t\t\t\t\t\t\t\t<\/div>\n\t\t\t\t<\/div>\n\t\t\t\t<div class=\"elementor-element elementor-element-4d20eb6 elementor-widget elementor-widget-text-editor\" data-id=\"4d20eb6\" data-element_type=\"widget\" data-e-type=\"widget\" data-widget_type=\"text-editor.default\">\n\t\t\t\t<div class=\"elementor-widget-container\">\n\t\t\t\t\t\t\t\t\t<p><a href=\"mailto:hola@recmotestudio.com\" target=\"_blank\" rel=\"noopener\">hola@recmotestudio.com<\/a><\/p>\t\t\t\t\t\t\t\t<\/div>\n\t\t\t\t<\/div>\n\t\t\t\t<\/div>\n\t\t<div class=\"elementor-element elementor-element-a2b27a7 e-con-full e-flex e-con e-child\" data-id=\"a2b27a7\" data-element_type=\"container\" data-e-type=\"container\">\n\t\t\t\t<div class=\"elementor-element elementor-element-4c06c7e elementor-widget elementor-widget-image\" data-id=\"4c06c7e\" data-element_type=\"widget\" data-e-type=\"widget\" data-widget_type=\"image.default\">\n\t\t\t\t<div class=\"elementor-widget-container\">\n\t\t\t\t\t\t\t\t\t\t\t\t\t\t\t<img decoding=\"async\" width=\"800\" height=\"800\" src=\"https:\/\/recmotestudio.com\/wp-content\/uploads\/2020\/10\/phone.svg\" class=\"attachment-large size-large wp-image-95\" alt=\"\" \/>\t\t\t\t\t\t\t\t\t\t\t\t\t\t\t<\/div>\n\t\t\t\t<\/div>\n\t\t\t\t<div class=\"elementor-element elementor-element-a357d32 elementor-widget elementor-widget-text-editor\" data-id=\"a357d32\" data-element_type=\"widget\" data-e-type=\"widget\" data-widget_type=\"text-editor.default\">\n\t\t\t\t<div class=\"elementor-widget-container\">\n\t\t\t\t\t\t\t\t\t<p><a href=\"tel:+34%20(0)%20696%20003%20156\">+34 (0) 681 068 035<\/a><\/p>\t\t\t\t\t\t\t\t<\/div>\n\t\t\t\t<\/div>\n\t\t\t\t<\/div>\n\t\t<div class=\"elementor-element elementor-element-2817f5e e-con-full e-flex e-con e-child\" data-id=\"2817f5e\" data-element_type=\"container\" data-e-type=\"container\">\n\t\t\t\t<div class=\"elementor-element elementor-element-ae184ed elementor-widget-tablet__width-auto elementor-widget elementor-widget-image\" data-id=\"ae184ed\" data-element_type=\"widget\" data-e-type=\"widget\" data-widget_type=\"image.default\">\n\t\t\t\t<div class=\"elementor-widget-container\">\n\t\t\t\t\t\t\t\t\t\t\t\t\t\t\t<img decoding=\"async\" width=\"800\" height=\"800\" src=\"https:\/\/recmotestudio.com\/wp-content\/uploads\/2020\/10\/geo.svg\" class=\"attachment-large size-large wp-image-86\" alt=\"\" \/>\t\t\t\t\t\t\t\t\t\t\t\t\t\t\t<\/div>\n\t\t\t\t<\/div>\n\t\t\t\t<div class=\"elementor-element elementor-element-8bbafe7 elementor-widget-tablet__width-initial elementor-widget elementor-widget-text-editor\" data-id=\"8bbafe7\" data-element_type=\"widget\" data-e-type=\"widget\" data-widget_type=\"text-editor.default\">\n\t\t\t\t<div class=\"elementor-widget-container\">\n\t\t\t\t\t\t\t\t\t<p><a href=\"https:\/\/maps.google.com\/?q=41.383512,%202.141424\" target=\"_blank\" rel=\"noopener\">C\/ Nicaragua 48, 1\u00ba 4\u00aa 08029, Barcelona, Espa\u00f1a<\/a><\/p><h6>(En colaboraci\u00f3n con el estudio de sonido G23)<\/h6>\t\t\t\t\t\t\t\t<\/div>\n\t\t\t\t<\/div>\n\t\t\t\t<\/div>\n\t\t\t\t\t<\/div>\n\t\t\t\t<\/div>\n\t\t<div class=\"elementor-element elementor-element-a4ab126 e-con-full e-flex e-con e-child\" data-id=\"a4ab126\" data-element_type=\"container\" data-e-type=\"container\" data-settings=\"{&quot;background_background&quot;:&quot;classic&quot;}\">\n\t\t\t\t<div class=\"elementor-element elementor-element-6750ba9 elementor-hidden-mobile elementor-widget elementor-widget-html\" data-id=\"6750ba9\" data-element_type=\"widget\" data-e-type=\"widget\" data-widget_type=\"html.default\">\n\t\t\t\t<div class=\"elementor-widget-container\">\n\t\t\t\t\t<iframe src=\"https:\/\/www.google.com\/maps\/embed?pb=!1m17!1m12!1m3!1d2709.0213605572035!2d2.138849076059434!3d41.38351197130038!2m3!1f0!2f0!3f0!3m2!1i1024!2i768!4f13.1!3m2!1m1!2zNDHCsDIzJzAwLjYiTiAywrAwOCcyOS4xIkU!5e1!3m2!1sen!2spt!4v1745771324864!5m2!1sen!2spt\" width=\"600\" height=\"360\" style=\"border:0;\" allowfullscreen=\"\" loading=\"lazy\" referrerpolicy=\"no-referrer-when-downgrade\"><\/iframe>\t\t\t\t<\/div>\n\t\t\t\t<\/div>\n\t\t\t\t<div class=\"elementor-element elementor-element-6900e0a elementor-hidden-desktop elementor-hidden-tablet elementor-widget elementor-widget-html\" data-id=\"6900e0a\" data-element_type=\"widget\" data-e-type=\"widget\" data-widget_type=\"html.default\">\n\t\t\t\t<div class=\"elementor-widget-container\">\n\t\t\t\t\t<iframe src=\"https:\/\/www.google.com\/maps\/embed?pb=!1m17!1m12!1m3!1d2709.0213605572035!2d2.138849076059434!3d41.38351197130038!2m3!1f0!2f0!3f0!3m2!1i1024!2i768!4f13.1!3m2!1m1!2zNDHCsDIzJzAwLjYiTiAywrAwOCcyOS4xIkU!5e1!3m2!1sen!2spt!4v1745771324864!5m2!1sen!2spt\" width=\"600\" height=\"218\" style=\"border:0;\" allowfullscreen=\"\" loading=\"lazy\" referrerpolicy=\"no-referrer-when-downgrade\"><\/iframe>\t\t\t\t<\/div>\n\t\t\t\t<\/div>\n\t\t\t\t<\/div>\n\t\t\t\t<\/div>\n\t\t\t\t<\/div>\n\t\t","protected":false},"excerpt":{"rendered":"<p>Cont\u00e1ctanos \u00a1Manos a la obra! Ll\u00e1manos o env\u00edanos un correo electr\u00f3nico y cu\u00e9ntanos tu proyecto, prometemos ponernos en contacto contigo en las pr\u00f3ximas horas. hola@recmotestudio.com +34 (0) 681 068 035 C\/ Nicaragua 48, 1\u00ba 4\u00aa 08029, Barcelona, Espa\u00f1a (En colaboraci\u00f3n con el estudio de sonido G23)<\/p>\n","protected":false},"author":1,"featured_media":0,"parent":0,"menu_order":0,"comment_status":"closed","ping_status":"closed","template":"","meta":{"_acf_changed":false,"inline_featured_image":false,"_monsterinsights_skip_tracking":false,"_monsterinsights_sitenote_active":false,"_monsterinsights_sitenote_note":"","_monsterinsights_sitenote_category":0,"footnotes":""},"class_list":["post-755","page","type-page","status-publish","hentry"],"acf":[],"yoast_head":"<!-- This site is optimized with the Yoast SEO plugin v25.3.1 - https:\/\/yoast.com\/wordpress\/plugins\/seo\/ -->\n<title>Estudio Recmote \ud83d\udcde Cont\u00e1ctanos<\/title>\n<meta name=\"description\" content=\"\ud83d\udc4b hola@recmotestudio.com, C\/ Nicaragua 48, 1\u00ba 4\u00aa, 08024, Barcelona, Espa\u00f1a. Env\u00edanos un mensaje y nos pondremos en contacto contigo el mismo d\u00eda.\" \/>\n<meta name=\"robots\" content=\"index, follow, max-snippet:-1, max-image-preview:large, max-video-preview:-1\" \/>\n<link rel=\"canonical\" href=\"https:\/\/recmotestudio.com\/es\/contacto\/\" \/>\n<meta property=\"og:locale\" content=\"es_ES\" \/>\n<meta property=\"og:type\" content=\"article\" \/>\n<meta property=\"og:title\" content=\"Estudio Recmote \ud83d\udcde Cont\u00e1ctanos\" \/>\n<meta property=\"og:description\" content=\"\ud83d\udc4b hola@recmotestudio.com, C\/ Nicaragua 48, 1\u00ba 4\u00aa, 08024, Barcelona, Espa\u00f1a. Env\u00edanos un mensaje y nos pondremos en contacto contigo el mismo d\u00eda.\" \/>\n<meta property=\"og:url\" content=\"https:\/\/recmotestudio.com\/es\/contacto\/\" \/>\n<meta property=\"og:site_name\" content=\"Recmote\" \/>\n<meta property=\"article:modified_time\" content=\"2025-07-09T09:58:18+00:00\" \/>\n<meta name=\"twitter:card\" content=\"summary_large_image\" \/>\n<meta name=\"twitter:label1\" content=\"Tiempo de lectura\" \/>\n\t<meta name=\"twitter:data1\" content=\"1 minuto\" \/>\n<script type=\"application\/ld+json\" class=\"yoast-schema-graph\">{\"@context\":\"https:\/\/schema.org\",\"@graph\":[{\"@type\":\"WebPage\",\"@id\":\"https:\/\/recmotestudio.com\/es\/contacto\/\",\"url\":\"https:\/\/recmotestudio.com\/es\/contacto\/\",\"name\":\"Estudio Recmote \ud83d\udcde Cont\u00e1ctanos\",\"isPartOf\":{\"@id\":\"https:\/\/recmotestudio.com\/#website\"},\"primaryImageOfPage\":{\"@id\":\"https:\/\/recmotestudio.com\/es\/contacto\/#primaryimage\"},\"image\":{\"@id\":\"https:\/\/recmotestudio.com\/es\/contacto\/#primaryimage\"},\"thumbnailUrl\":\"https:\/\/recmotestudio.com\/wp-content\/uploads\/2020\/10\/envelope-white.svg\",\"datePublished\":\"2020-10-12T07:01:26+00:00\",\"dateModified\":\"2025-07-09T09:58:18+00:00\",\"description\":\"\ud83d\udc4b hola@recmotestudio.com, C\/ Nicaragua 48, 1\u00ba 4\u00aa, 08024, Barcelona, Espa\u00f1a. Env\u00edanos un mensaje y nos pondremos en contacto contigo el mismo d\u00eda.\",\"breadcrumb\":{\"@id\":\"https:\/\/recmotestudio.com\/es\/contacto\/#breadcrumb\"},\"inLanguage\":\"es\",\"potentialAction\":[{\"@type\":\"ReadAction\",\"target\":[\"https:\/\/recmotestudio.com\/es\/contacto\/\"]}]},{\"@type\":\"ImageObject\",\"inLanguage\":\"es\",\"@id\":\"https:\/\/recmotestudio.com\/es\/contacto\/#primaryimage\",\"url\":\"https:\/\/recmotestudio.com\/wp-content\/uploads\/2020\/10\/envelope-white.svg\",\"contentUrl\":\"https:\/\/recmotestudio.com\/wp-content\/uploads\/2020\/10\/envelope-white.svg\"},{\"@type\":\"BreadcrumbList\",\"@id\":\"https:\/\/recmotestudio.com\/es\/contacto\/#breadcrumb\",\"itemListElement\":[{\"@type\":\"ListItem\",\"position\":1,\"name\":\"Home\",\"item\":\"https:\/\/recmotestudio.com\/es\/home-2-3\/\"},{\"@type\":\"ListItem\",\"position\":2,\"name\":\"Cont\u00e1ctanos\"}]},{\"@type\":\"WebSite\",\"@id\":\"https:\/\/recmotestudio.com\/#website\",\"url\":\"https:\/\/recmotestudio.com\/\",\"name\":\"Recmote\",\"description\":\"Audio Post Production\",\"publisher\":{\"@id\":\"https:\/\/recmotestudio.com\/#organization\"},\"potentialAction\":[{\"@type\":\"SearchAction\",\"target\":{\"@type\":\"EntryPoint\",\"urlTemplate\":\"https:\/\/recmotestudio.com\/?s={search_term_string}\"},\"query-input\":{\"@type\":\"PropertyValueSpecification\",\"valueRequired\":true,\"valueName\":\"search_term_string\"}}],\"inLanguage\":\"es\"},{\"@type\":\"Organization\",\"@id\":\"https:\/\/recmotestudio.com\/#organization\",\"name\":\"Recmote Studio\",\"url\":\"https:\/\/recmotestudio.com\/\",\"logo\":{\"@type\":\"ImageObject\",\"inLanguage\":\"es\",\"@id\":\"https:\/\/recmotestudio.com\/#\/schema\/logo\/image\/\",\"url\":\"https:\/\/recmotestudio.com\/wp-content\/uploads\/2020\/11\/recmote-logo.svg\",\"contentUrl\":\"https:\/\/recmotestudio.com\/wp-content\/uploads\/2020\/11\/recmote-logo.svg\",\"width\":209,\"height\":30,\"caption\":\"Recmote Studio\"},\"image\":{\"@id\":\"https:\/\/recmotestudio.com\/#\/schema\/logo\/image\/\"},\"sameAs\":[\"https:\/\/www.linkedin.com\/company\/recmote-studio\/\"]}]}<\/script>\n<!-- \/ Yoast SEO plugin. -->","yoast_head_json":{"title":"Estudio Recmote \ud83d\udcde Cont\u00e1ctanos","description":"\ud83d\udc4b hola@recmotestudio.com, C\/ Nicaragua 48, 1\u00ba 4\u00aa, 08024, Barcelona, Espa\u00f1a. Env\u00edanos un mensaje y nos pondremos en contacto contigo el mismo d\u00eda.","robots":{"index":"index","follow":"follow","max-snippet":"max-snippet:-1","max-image-preview":"max-image-preview:large","max-video-preview":"max-video-preview:-1"},"canonical":"https:\/\/recmotestudio.com\/es\/contacto\/","og_locale":"es_ES","og_type":"article","og_title":"Estudio Recmote \ud83d\udcde Cont\u00e1ctanos","og_description":"\ud83d\udc4b hola@recmotestudio.com, C\/ Nicaragua 48, 1\u00ba 4\u00aa, 08024, Barcelona, Espa\u00f1a. Env\u00edanos un mensaje y nos pondremos en contacto contigo el mismo d\u00eda.","og_url":"https:\/\/recmotestudio.com\/es\/contacto\/","og_site_name":"Recmote","article_modified_time":"2025-07-09T09:58:18+00:00","twitter_card":"summary_large_image","twitter_misc":{"Tiempo de lectura":"1 minuto"},"schema":{"@context":"https:\/\/schema.org","@graph":[{"@type":"WebPage","@id":"https:\/\/recmotestudio.com\/es\/contacto\/","url":"https:\/\/recmotestudio.com\/es\/contacto\/","name":"Estudio Recmote \ud83d\udcde Cont\u00e1ctanos","isPartOf":{"@id":"https:\/\/recmotestudio.com\/#website"},"primaryImageOfPage":{"@id":"https:\/\/recmotestudio.com\/es\/contacto\/#primaryimage"},"image":{"@id":"https:\/\/recmotestudio.com\/es\/contacto\/#primaryimage"},"thumbnailUrl":"https:\/\/recmotestudio.com\/wp-content\/uploads\/2020\/10\/envelope-white.svg","datePublished":"2020-10-12T07:01:26+00:00","dateModified":"2025-07-09T09:58:18+00:00","description":"\ud83d\udc4b hola@recmotestudio.com, C\/ Nicaragua 48, 1\u00ba 4\u00aa, 08024, Barcelona, Espa\u00f1a. Env\u00edanos un mensaje y nos pondremos en contacto contigo el mismo d\u00eda.","breadcrumb":{"@id":"https:\/\/recmotestudio.com\/es\/contacto\/#breadcrumb"},"inLanguage":"es","potentialAction":[{"@type":"ReadAction","target":["https:\/\/recmotestudio.com\/es\/contacto\/"]}]},{"@type":"ImageObject","inLanguage":"es","@id":"https:\/\/recmotestudio.com\/es\/contacto\/#primaryimage","url":"https:\/\/recmotestudio.com\/wp-content\/uploads\/2020\/10\/envelope-white.svg","contentUrl":"https:\/\/recmotestudio.com\/wp-content\/uploads\/2020\/10\/envelope-white.svg"},{"@type":"BreadcrumbList","@id":"https:\/\/recmotestudio.com\/es\/contacto\/#breadcrumb","itemListElement":[{"@type":"ListItem","position":1,"name":"Home","item":"https:\/\/recmotestudio.com\/es\/home-2-3\/"},{"@type":"ListItem","position":2,"name":"Cont\u00e1ctanos"}]},{"@type":"WebSite","@id":"https:\/\/recmotestudio.com\/#website","url":"https:\/\/recmotestudio.com\/","name":"Recmote","description":"Audio Post Production","publisher":{"@id":"https:\/\/recmotestudio.com\/#organization"},"potentialAction":[{"@type":"SearchAction","target":{"@type":"EntryPoint","urlTemplate":"https:\/\/recmotestudio.com\/?s={search_term_string}"},"query-input":{"@type":"PropertyValueSpecification","valueRequired":true,"valueName":"search_term_string"}}],"inLanguage":"es"},{"@type":"Organization","@id":"https:\/\/recmotestudio.com\/#organization","name":"Recmote Studio","url":"https:\/\/recmotestudio.com\/","logo":{"@type":"ImageObject","inLanguage":"es","@id":"https:\/\/recmotestudio.com\/#\/schema\/logo\/image\/","url":"https:\/\/recmotestudio.com\/wp-content\/uploads\/2020\/11\/recmote-logo.svg","contentUrl":"https:\/\/recmotestudio.com\/wp-content\/uploads\/2020\/11\/recmote-logo.svg","width":209,"height":30,"caption":"Recmote Studio"},"image":{"@id":"https:\/\/recmotestudio.com\/#\/schema\/logo\/image\/"},"sameAs":["https:\/\/www.linkedin.com\/company\/recmote-studio\/"]}]}},"_links":{"self":[{"href":"https:\/\/recmotestudio.com\/es\/wp-json\/wp\/v2\/pages\/755"}],"collection":[{"href":"https:\/\/recmotestudio.com\/es\/wp-json\/wp\/v2\/pages"}],"about":[{"href":"https:\/\/recmotestudio.com\/es\/wp-json\/wp\/v2\/types\/page"}],"author":[{"embeddable":true,"href":"https:\/\/recmotestudio.com\/es\/wp-json\/wp\/v2\/users\/1"}],"replies":[{"embeddable":true,"href":"https:\/\/recmotestudio.com\/es\/wp-json\/wp\/v2\/comments?post=755"}],"version-history":[{"count":10,"href":"https:\/\/recmotestudio.com\/es\/wp-json\/wp\/v2\/pages\/755\/revisions"}],"predecessor-version":[{"id":10344,"href":"https:\/\/recmotestudio.com\/es\/wp-json\/wp\/v2\/pages\/755\/revisions\/10344"}],"wp:attachment":[{"href":"https:\/\/recmotestudio.com\/es\/wp-json\/wp\/v2\/media?parent=755"}],"curies":[{"name":"wp","href":"https:\/\/api.w.org\/{rel}","templated":true}]}}