{"id":748,"date":"2020-10-12T07:03:29","date_gmt":"2020-10-12T07:03:29","guid":{"rendered":"https:\/\/new.recmotestudio.com\/privacy\/"},"modified":"2020-10-27T15:10:53","modified_gmt":"2020-10-27T15:10:53","slug":"privacy","status":"publish","type":"page","link":"https:\/\/recmotestudio.com\/es\/privacy\/","title":{"rendered":"Pol\u00edtica de privacidad"},"content":{"rendered":"\t\t<div data-elementor-type=\"wp-page\" data-elementor-id=\"748\" class=\"elementor elementor-748 elementor-35\" data-elementor-post-type=\"page\">\n\t\t\t\t\t\t<section class=\"elementor-section elementor-top-section elementor-element elementor-element-1326139 elementor-section-full_width elementor-section-height-default elementor-section-height-default\" data-id=\"1326139\" data-element_type=\"section\" data-e-type=\"section\">\n\t\t\t\t\t\t<div class=\"elementor-container elementor-column-gap-default\">\n\t\t\t\t\t<div class=\"elementor-column elementor-col-100 elementor-top-column elementor-element elementor-element-eb38045\" data-id=\"eb38045\" data-element_type=\"column\" data-e-type=\"column\">\n\t\t\t<div class=\"elementor-widget-wrap elementor-element-populated\">\n\t\t\t\t\t\t<div class=\"elementor-element elementor-element-a82aba1 elementor-widget elementor-widget-menu-anchor\" data-id=\"a82aba1\" data-element_type=\"widget\" data-e-type=\"widget\" data-widget_type=\"menu-anchor.default\">\n\t\t\t\t<div class=\"elementor-widget-container\">\n\t\t\t\t\t\t\t<div class=\"elementor-menu-anchor\" id=\"top\"><\/div>\n\t\t\t\t\t\t<\/div>\n\t\t\t\t<\/div>\n\t\t\t\t<div class=\"elementor-element elementor-element-d21153f elementor-widget elementor-widget-heading\" data-id=\"d21153f\" data-element_type=\"widget\" data-e-type=\"widget\" data-widget_type=\"heading.default\">\n\t\t\t\t<div class=\"elementor-widget-container\">\n\t\t\t\t\t<h1 class=\"elementor-heading-title elementor-size-default\">Pol\u00edtica de privacidad<\/h1>\t\t\t\t<\/div>\n\t\t\t\t<\/div>\n\t\t\t\t<div class=\"elementor-element elementor-element-44b334f elementor-widget elementor-widget-text-editor\" data-id=\"44b334f\" data-element_type=\"widget\" data-e-type=\"widget\" data-widget_type=\"text-editor.default\">\n\t\t\t\t<div class=\"elementor-widget-container\">\n\t\t\t\t\t\t\t\t\t<p>1. RESPONSABLE<\/p>\n\t\t\t\t\t\t\t\t<\/div>\n\t\t\t\t<\/div>\n\t\t\t\t<div class=\"elementor-element elementor-element-d2124c2 politic elementor-widget elementor-widget-text-editor\" data-id=\"d2124c2\" data-element_type=\"widget\" data-e-type=\"widget\" data-widget_type=\"text-editor.default\">\n\t\t\t\t<div class=\"elementor-widget-container\">\n\t\t\t\t\t\t\t\t\t<p>Identidad<\/p>\n<p>Empresa: RECMOTE STUDIO, S.L CIF: B67128660 Dir. Postal: VILA I VIL\u00c0 73, sa2, 08004, BARCELONA<br \/>E-Mail:\u00a0 <a class=\"underlined-hover\" href=\"mailto:carolina.salvador@recmotestudio.com\">carolina.salvador@recmotestudio.com<\/a><\/p>\n<p>Datos de contacto del delegado en protecci\u00f3n de datos:<br \/>No se dispone de Delegado.<\/p>\n\t\t\t\t\t\t\t\t<\/div>\n\t\t\t\t<\/div>\n\t\t\t\t<div class=\"elementor-element elementor-element-634cb92 elementor-widget elementor-widget-text-editor\" data-id=\"634cb92\" data-element_type=\"widget\" data-e-type=\"widget\" data-widget_type=\"text-editor.default\">\n\t\t\t\t<div class=\"elementor-widget-container\">\n\t\t\t\t\t\t\t\t\t<p>2. FINALIDADES<\/p>\n\t\t\t\t\t\t\t\t<\/div>\n\t\t\t\t<\/div>\n\t\t\t\t<div class=\"elementor-element elementor-element-219c44b politic elementor-widget elementor-widget-text-editor\" data-id=\"219c44b\" data-element_type=\"widget\" data-e-type=\"widget\" data-widget_type=\"text-editor.default\">\n\t\t\t\t<div class=\"elementor-widget-container\">\n\t\t\t\t\t\t\t\t\t<p>Descripci\u00f3n ampliada de la finalidad\/es del tratamiento:<br \/>Trataremos sus datos para la gesti\u00f3n administrativa, contable y fiscal.<\/p>\n\t\t\t\t\t\t\t\t<\/div>\n\t\t\t\t<\/div>\n\t\t\t\t<div class=\"elementor-element elementor-element-929c423 elementor-widget elementor-widget-text-editor\" data-id=\"929c423\" data-element_type=\"widget\" data-e-type=\"widget\" data-widget_type=\"text-editor.default\">\n\t\t\t\t<div class=\"elementor-widget-container\">\n\t\t\t\t\t\t\t\t\t<p>3. CONSERVACI\u00d3N<\/p>\n\t\t\t\t\t\t\t\t<\/div>\n\t\t\t\t<\/div>\n\t\t\t\t<div class=\"elementor-element elementor-element-3a77ab4 politic elementor-widget elementor-widget-text-editor\" data-id=\"3a77ab4\" data-element_type=\"widget\" data-e-type=\"widget\" data-widget_type=\"text-editor.default\">\n\t\t\t\t<div class=\"elementor-widget-container\">\n\t\t\t\t\t\t\t\t\t<p>Descripci\u00f3n amPlazos o criterios de conservaci\u00f3n de los datos:<\/p>\n<p>Los datos personales proporcionados se conservar\u00e1n mientras se mantenga la relaci\u00f3n con la entidad y no se solicite su supresi\u00f3n por el interesado, ser\u00e1n conservados conforme a los plazos legales establecidos en materia fiscal y contable, tomando como referencia la \u00faltima comunicaci\u00f3n.<\/p>\n\t\t\t\t\t\t\t\t<\/div>\n\t\t\t\t<\/div>\n\t\t\t\t<div class=\"elementor-element elementor-element-65a5720 elementor-widget elementor-widget-text-editor\" data-id=\"65a5720\" data-element_type=\"widget\" data-e-type=\"widget\" data-widget_type=\"text-editor.default\">\n\t\t\t\t<div class=\"elementor-widget-container\">\n\t\t\t\t\t\t\t\t\t<p>4. DECISIONES<\/p>\n\t\t\t\t\t\t\t\t<\/div>\n\t\t\t\t<\/div>\n\t\t\t\t<div class=\"elementor-element elementor-element-525067b politic elementor-widget elementor-widget-text-editor\" data-id=\"525067b\" data-element_type=\"widget\" data-e-type=\"widget\" data-widget_type=\"text-editor.default\">\n\t\t\t\t<div class=\"elementor-widget-container\">\n\t\t\t\t\t\t\t\t\t<p>Decisiones automatizadas, perfiles y l\u00f3gica aplicada:<br \/>La empresa NO tomar\u00e1 decisiones automatizadas, perfiles \u00f3 l\u00f3gica aplicada a sus datos.<\/p>\n\t\t\t\t\t\t\t\t<\/div>\n\t\t\t\t<\/div>\n\t\t\t\t<div class=\"elementor-element elementor-element-22d7e2d elementor-widget elementor-widget-text-editor\" data-id=\"22d7e2d\" data-element_type=\"widget\" data-e-type=\"widget\" data-widget_type=\"text-editor.default\">\n\t\t\t\t<div class=\"elementor-widget-container\">\n\t\t\t\t\t\t\t\t\t<p>5. LEGITIMACI\u00d3N<\/p>\n\t\t\t\t\t\t\t\t<\/div>\n\t\t\t\t<\/div>\n\t\t\t\t<div class=\"elementor-element elementor-element-d55e7c1 politic elementor-widget elementor-widget-text-editor\" data-id=\"d55e7c1\" data-element_type=\"widget\" data-e-type=\"widget\" data-widget_type=\"text-editor.default\">\n\t\t\t\t<div class=\"elementor-widget-container\">\n\t\t\t\t\t\t\t\t\t<p>Legitimaci\u00f3n por ejecuci\u00f3n de un contrato:<br \/>Debido a que el tratamiento es necesario para la ejecuci\u00f3n de un contrato mercantil, en el que usted es parte , se hace constar que el tipo de contrato de que se trata, es el citado contrato mercantil o la relaci\u00f3n precontractual.<\/p>\n<p>Como la comunicaci\u00f3n de datos personales es un requisito legal o contractual y un requisito necesario para suscribir el citado contrato, se informa al interesado que est\u00e1 obligado a facilitar los datos personales, y as\u00ed mismo que las consecuencias de no hacerlo pueden suponer la no prestaci\u00f3n del servicio solicitado.<\/p>\n\t\t\t\t\t\t\t\t<\/div>\n\t\t\t\t<\/div>\n\t\t\t\t<div class=\"elementor-element elementor-element-aefdb92 elementor-widget elementor-widget-text-editor\" data-id=\"aefdb92\" data-element_type=\"widget\" data-e-type=\"widget\" data-widget_type=\"text-editor.default\">\n\t\t\t\t<div class=\"elementor-widget-container\">\n\t\t\t\t\t\t\t\t\t<p>6. DESTINATARIOS<\/p>\n\t\t\t\t\t\t\t\t<\/div>\n\t\t\t\t<\/div>\n\t\t\t\t<div class=\"elementor-element elementor-element-c6a55e7 politic elementor-widget elementor-widget-text-editor\" data-id=\"c6a55e7\" data-element_type=\"widget\" data-e-type=\"widget\" data-widget_type=\"text-editor.default\">\n\t\t\t\t<div class=\"elementor-widget-container\">\n\t\t\t\t\t\t\t\t\t<p>Durante el periodo de duraci\u00f3n del tratamiento, RECMOTE STUDIO, S.L no realizar\u00e1 ninguna cesi\u00f3n, salvo obligaci\u00f3n legal, ni tampoco transferencia alguna.<\/p>\n\t\t\t\t\t\t\t\t<\/div>\n\t\t\t\t<\/div>\n\t\t\t\t<div class=\"elementor-element elementor-element-d16bfeb elementor-widget elementor-widget-text-editor\" data-id=\"d16bfeb\" data-element_type=\"widget\" data-e-type=\"widget\" data-widget_type=\"text-editor.default\">\n\t\t\t\t<div class=\"elementor-widget-container\">\n\t\t\t\t\t\t\t\t\t<p>7. DERECHOS<\/p>\n\t\t\t\t\t\t\t\t<\/div>\n\t\t\t\t<\/div>\n\t\t\t\t<div class=\"elementor-element elementor-element-eb71cc3 politic elementor-widget elementor-widget-text-editor\" data-id=\"eb71cc3\" data-element_type=\"widget\" data-e-type=\"widget\" data-widget_type=\"text-editor.default\">\n\t\t\t\t<div class=\"elementor-widget-container\">\n\t\t\t\t\t\t\t\t\t<p>El interesado puede ejercer los siguientes derechos:<\/p>\n<p>\u2022 Derecho a solicitar el acceso a sus datos personales.<br \/>\u2022 Derecho a solicitar su rectificaci\u00f3n o supresi\u00f3n.<br \/>\u2022 Derecho a solicitar la limitaci\u00f3n de su tratamiento.<br \/>\u2022 Derecho a oponerse al tratamiento.<br \/>\u2022 Derecho a la portabilidad de los datos.<br \/>\u2022 Derecho a retirar el consentimiento prestado.<\/p>\n<p>Cualquier persona tiene derecho a obtener confirmaci\u00f3n sobre si en la Entidad estamos tratando datos personales que les conciernan, o no. Las personas interesadas tienen derecho a acceder a sus datos personales, as\u00ed como a solicitar la rectificaci\u00f3n de los datos inexactos o, en su caso, solicitar su supresi\u00f3n cuando, entre otros motivos, los datos ya no sean necesarios para los fines que fueron recogidos.<\/p>\n<p>En determinadas circunstancias, los interesados podr\u00e1n solicitar la limitaci\u00f3n del tratamiento de sus datos, en cuyo caso \u00fanicamente los conservaremos para el ejercicio o la defensa de reclamaciones. En determinadas circunstancias y por motivos relacionados con su situaci\u00f3n particular, los interesados podr\u00e1n oponerse al tratamiento de sus datos. En este caso, la entidad, dejar\u00e1 de tratar los datos, salvo por motivos leg\u00edtimos imperiosos, o el ejercicio o la defensa de posibles reclamaciones.<\/p>\n<p>Si ha otorgado su consentimiento para alguna finalidad concreta, tiene derecho a retirar el consentimiento otorgado en cualquier momento, sin que ello afecte a la licitud del tratamiento basado en el consentimiento previo a su retirada. Para ello podr\u00e1 emplear los formularios habilitados por la empresa, o bien dirigir un escrito a RECMOTE STUDIO, S.L &#8211; VILA I VIL\u00c0 73, sa2, 08004, BARCELONA tambi\u00e9n puede enviar un email a:\u00a0 <a class=\"underlined-hover\" href=\"mailto:carolina.salvador@recmotestudio.com\">carolina.salvador@recmotestudio.com<\/a><\/p>\n<p>En caso de que sienta vulnerados sus derechos en lo concerniente a la protecci\u00f3n de sus datos personales, especialmente cuando no haya obtenido satisfacci\u00f3n en el ejercicio de sus derechos, puede presentar una reclamaci\u00f3n ante la Autoridad de Control en materia de Protecci\u00f3n de Datos competente a trav\u00e9s de su sitio web:\u00a0<a class=\"underlined-hover\" href=\"https:\/\/recmote.vercel.app\/pages\/www.agpd.es\" target=\"_blank\" rel=\"noopener\">www.agpd.es<\/a>.<\/p>\n<p>En cumplimiento de lo prevenido en el art\u00edculo 21 de la Ley 34\/2002 de servicios de la sociedad de la informaci\u00f3n y comercio electr\u00f3nico, si usted no desea recibir m\u00e1s informaci\u00f3n sobre nuestros servicios, puede darse de baja en la siguiente direcci\u00f3n de correo electr\u00f3nico de la entidad, indicando en el asunto \u00abNo enviar correos\u00bb.<\/p>\n\t\t\t\t\t\t\t\t<\/div>\n\t\t\t\t<\/div>\n\t\t\t\t<div class=\"elementor-element elementor-element-58e6226 elementor-widget elementor-widget-text-editor\" data-id=\"58e6226\" data-element_type=\"widget\" data-e-type=\"widget\" data-widget_type=\"text-editor.default\">\n\t\t\t\t<div class=\"elementor-widget-container\">\n\t\t\t\t\t\t\t\t\t<p>PROCEDENCIA DE LOS DATOS<\/p>\n\t\t\t\t\t\t\t\t<\/div>\n\t\t\t\t<\/div>\n\t\t\t\t<div class=\"elementor-element elementor-element-a918397 politic elementor-widget elementor-widget-text-editor\" data-id=\"a918397\" data-element_type=\"widget\" data-e-type=\"widget\" data-widget_type=\"text-editor.default\">\n\t\t\t\t<div class=\"elementor-widget-container\">\n\t\t\t\t\t\t\t\t\t<p>Los datos personales que tratamos en RECMOTE STUDIO, S.L proceden directamente de usted:<\/p>\n<p>Las categor\u00edas de datos que se tratan son:<\/p>\n<p>\u2022 Datos de identificaci\u00f3n<br \/>\n\u2022 Caracter\u00edsticas Personales.<br \/>\n\u2022 C\u00f3digos o claves de identificaci\u00f3n<br \/>\n\u2022 Detalles de empleo<br \/>\n\u2022 Direcciones postales o electr\u00f3nicas<br \/>\n\u2022 Informaci\u00f3n comercial<br \/>\n\u2022 Datos econ\u00f3micos \u2013 Financieros<br \/>\n\u2022 Transacciones.<\/p>\n<p>No se tratan datos especialmente protegidos.<\/p>\n\t\t\t\t\t\t\t\t<\/div>\n\t\t\t\t<\/div>\n\t\t\t\t\t<\/div>\n\t\t<\/div>\n\t\t\t\t\t<\/div>\n\t\t<\/section>\n\t\t\t\t<\/div>\n\t\t","protected":false},"excerpt":{"rendered":"<p>Pol\u00edtica de privacidad 1. RESPONSABLE Identidad Empresa: RECMOTE STUDIO, S.L CIF: B67128660 Dir. Postal: VILA I VIL\u00c0 73, sa2, 08004, BARCELONAE-Mail:\u00a0 carolina.salvador@recmotestudio.com Datos de contacto del delegado en protecci\u00f3n de datos:No se dispone de Delegado. 2. FINALIDADES Descripci\u00f3n ampliada de la finalidad\/es del tratamiento:Trataremos sus datos para la gesti\u00f3n administrativa, contable y fiscal. 3. CONSERVACI\u00d3N [&hellip;]<\/p>\n","protected":false},"author":1,"featured_media":0,"parent":0,"menu_order":0,"comment_status":"closed","ping_status":"closed","template":"","meta":{"_acf_changed":false,"inline_featured_image":false,"_monsterinsights_skip_tracking":false,"_monsterinsights_sitenote_active":false,"_monsterinsights_sitenote_note":"","_monsterinsights_sitenote_category":0,"footnotes":""},"class_list":["post-748","page","type-page","status-publish","hentry"],"acf":[],"yoast_head":"<!-- This site is optimized with the Yoast SEO plugin v25.3.1 - https:\/\/yoast.com\/wordpress\/plugins\/seo\/ -->\n<title>Pol\u00edtica de privacidad - Recmote<\/title>\n<meta name=\"robots\" content=\"noindex, nofollow\" \/>\n<meta property=\"og:locale\" content=\"es_ES\" \/>\n<meta property=\"og:type\" content=\"article\" \/>\n<meta property=\"og:title\" content=\"Pol\u00edtica de privacidad - Recmote\" \/>\n<meta property=\"og:description\" content=\"Pol\u00edtica de privacidad 1. RESPONSABLE Identidad Empresa: RECMOTE STUDIO, S.L CIF: B67128660 Dir. Postal: VILA I VIL\u00c0 73, sa2, 08004, BARCELONAE-Mail:\u00a0 carolina.salvador@recmotestudio.com Datos de contacto del delegado en protecci\u00f3n de datos:No se dispone de Delegado. 2. FINALIDADES Descripci\u00f3n ampliada de la finalidad\/es del tratamiento:Trataremos sus datos para la gesti\u00f3n administrativa, contable y fiscal. 3. CONSERVACI\u00d3N [&hellip;]\" \/>\n<meta property=\"og:url\" content=\"https:\/\/recmotestudio.com\/es\/privacy\/\" \/>\n<meta property=\"og:site_name\" content=\"Recmote\" \/>\n<meta property=\"article:modified_time\" content=\"2020-10-27T15:10:53+00:00\" \/>\n<meta name=\"twitter:card\" content=\"summary_large_image\" \/>\n<meta name=\"twitter:label1\" content=\"Tiempo de lectura\" \/>\n\t<meta name=\"twitter:data1\" content=\"4 minutos\" \/>\n<script type=\"application\/ld+json\" class=\"yoast-schema-graph\">{\"@context\":\"https:\/\/schema.org\",\"@graph\":[{\"@type\":\"WebPage\",\"@id\":\"https:\/\/recmotestudio.com\/es\/privacy\/\",\"url\":\"https:\/\/recmotestudio.com\/es\/privacy\/\",\"name\":\"Pol\u00edtica de privacidad - Recmote\",\"isPartOf\":{\"@id\":\"https:\/\/recmotestudio.com\/#website\"},\"datePublished\":\"2020-10-12T07:03:29+00:00\",\"dateModified\":\"2020-10-27T15:10:53+00:00\",\"breadcrumb\":{\"@id\":\"https:\/\/recmotestudio.com\/es\/privacy\/#breadcrumb\"},\"inLanguage\":\"es\",\"potentialAction\":[{\"@type\":\"ReadAction\",\"target\":[\"https:\/\/recmotestudio.com\/es\/privacy\/\"]}]},{\"@type\":\"BreadcrumbList\",\"@id\":\"https:\/\/recmotestudio.com\/es\/privacy\/#breadcrumb\",\"itemListElement\":[{\"@type\":\"ListItem\",\"position\":1,\"name\":\"Home\",\"item\":\"https:\/\/recmotestudio.com\/es\/home-2-3\/\"},{\"@type\":\"ListItem\",\"position\":2,\"name\":\"Pol\u00edtica de privacidad\"}]},{\"@type\":\"WebSite\",\"@id\":\"https:\/\/recmotestudio.com\/#website\",\"url\":\"https:\/\/recmotestudio.com\/\",\"name\":\"Recmote\",\"description\":\"Audio Post Production\",\"publisher\":{\"@id\":\"https:\/\/recmotestudio.com\/#organization\"},\"potentialAction\":[{\"@type\":\"SearchAction\",\"target\":{\"@type\":\"EntryPoint\",\"urlTemplate\":\"https:\/\/recmotestudio.com\/?s={search_term_string}\"},\"query-input\":{\"@type\":\"PropertyValueSpecification\",\"valueRequired\":true,\"valueName\":\"search_term_string\"}}],\"inLanguage\":\"es\"},{\"@type\":\"Organization\",\"@id\":\"https:\/\/recmotestudio.com\/#organization\",\"name\":\"Recmote Studio\",\"url\":\"https:\/\/recmotestudio.com\/\",\"logo\":{\"@type\":\"ImageObject\",\"inLanguage\":\"es\",\"@id\":\"https:\/\/recmotestudio.com\/#\/schema\/logo\/image\/\",\"url\":\"https:\/\/recmotestudio.com\/wp-content\/uploads\/2020\/11\/recmote-logo.svg\",\"contentUrl\":\"https:\/\/recmotestudio.com\/wp-content\/uploads\/2020\/11\/recmote-logo.svg\",\"width\":209,\"height\":30,\"caption\":\"Recmote Studio\"},\"image\":{\"@id\":\"https:\/\/recmotestudio.com\/#\/schema\/logo\/image\/\"},\"sameAs\":[\"https:\/\/www.linkedin.com\/company\/recmote-studio\/\"]}]}<\/script>\n<!-- \/ Yoast SEO plugin. -->","yoast_head_json":{"title":"Pol\u00edtica de privacidad - Recmote","robots":{"index":"noindex","follow":"nofollow"},"og_locale":"es_ES","og_type":"article","og_title":"Pol\u00edtica de privacidad - Recmote","og_description":"Pol\u00edtica de privacidad 1. RESPONSABLE Identidad Empresa: RECMOTE STUDIO, S.L CIF: B67128660 Dir. Postal: VILA I VIL\u00c0 73, sa2, 08004, BARCELONAE-Mail:\u00a0 carolina.salvador@recmotestudio.com Datos de contacto del delegado en protecci\u00f3n de datos:No se dispone de Delegado. 2. FINALIDADES Descripci\u00f3n ampliada de la finalidad\/es del tratamiento:Trataremos sus datos para la gesti\u00f3n administrativa, contable y fiscal. 3. CONSERVACI\u00d3N [&hellip;]","og_url":"https:\/\/recmotestudio.com\/es\/privacy\/","og_site_name":"Recmote","article_modified_time":"2020-10-27T15:10:53+00:00","twitter_card":"summary_large_image","twitter_misc":{"Tiempo de lectura":"4 minutos"},"schema":{"@context":"https:\/\/schema.org","@graph":[{"@type":"WebPage","@id":"https:\/\/recmotestudio.com\/es\/privacy\/","url":"https:\/\/recmotestudio.com\/es\/privacy\/","name":"Pol\u00edtica de privacidad - Recmote","isPartOf":{"@id":"https:\/\/recmotestudio.com\/#website"},"datePublished":"2020-10-12T07:03:29+00:00","dateModified":"2020-10-27T15:10:53+00:00","breadcrumb":{"@id":"https:\/\/recmotestudio.com\/es\/privacy\/#breadcrumb"},"inLanguage":"es","potentialAction":[{"@type":"ReadAction","target":["https:\/\/recmotestudio.com\/es\/privacy\/"]}]},{"@type":"BreadcrumbList","@id":"https:\/\/recmotestudio.com\/es\/privacy\/#breadcrumb","itemListElement":[{"@type":"ListItem","position":1,"name":"Home","item":"https:\/\/recmotestudio.com\/es\/home-2-3\/"},{"@type":"ListItem","position":2,"name":"Pol\u00edtica de privacidad"}]},{"@type":"WebSite","@id":"https:\/\/recmotestudio.com\/#website","url":"https:\/\/recmotestudio.com\/","name":"Recmote","description":"Audio Post Production","publisher":{"@id":"https:\/\/recmotestudio.com\/#organization"},"potentialAction":[{"@type":"SearchAction","target":{"@type":"EntryPoint","urlTemplate":"https:\/\/recmotestudio.com\/?s={search_term_string}"},"query-input":{"@type":"PropertyValueSpecification","valueRequired":true,"valueName":"search_term_string"}}],"inLanguage":"es"},{"@type":"Organization","@id":"https:\/\/recmotestudio.com\/#organization","name":"Recmote Studio","url":"https:\/\/recmotestudio.com\/","logo":{"@type":"ImageObject","inLanguage":"es","@id":"https:\/\/recmotestudio.com\/#\/schema\/logo\/image\/","url":"https:\/\/recmotestudio.com\/wp-content\/uploads\/2020\/11\/recmote-logo.svg","contentUrl":"https:\/\/recmotestudio.com\/wp-content\/uploads\/2020\/11\/recmote-logo.svg","width":209,"height":30,"caption":"Recmote Studio"},"image":{"@id":"https:\/\/recmotestudio.com\/#\/schema\/logo\/image\/"},"sameAs":["https:\/\/www.linkedin.com\/company\/recmote-studio\/"]}]}},"_links":{"self":[{"href":"https:\/\/recmotestudio.com\/es\/wp-json\/wp\/v2\/pages\/748"}],"collection":[{"href":"https:\/\/recmotestudio.com\/es\/wp-json\/wp\/v2\/pages"}],"about":[{"href":"https:\/\/recmotestudio.com\/es\/wp-json\/wp\/v2\/types\/page"}],"author":[{"embeddable":true,"href":"https:\/\/recmotestudio.com\/es\/wp-json\/wp\/v2\/users\/1"}],"replies":[{"embeddable":true,"href":"https:\/\/recmotestudio.com\/es\/wp-json\/wp\/v2\/comments?post=748"}],"version-history":[{"count":0,"href":"https:\/\/recmotestudio.com\/es\/wp-json\/wp\/v2\/pages\/748\/revisions"}],"wp:attachment":[{"href":"https:\/\/recmotestudio.com\/es\/wp-json\/wp\/v2\/media?parent=748"}],"curies":[{"name":"wp","href":"https:\/\/api.w.org\/{rel}","templated":true}]}}