{"id":6971,"date":"2023-03-09T18:03:14","date_gmt":"2023-03-09T18:03:14","guid":{"rendered":"https:\/\/recmotestudio.com\/?page_id=6971"},"modified":"2023-04-03T17:08:17","modified_gmt":"2023-04-03T17:08:17","slug":"postproduccion-de-sonido","status":"publish","type":"page","link":"https:\/\/recmotestudio.com\/es\/servicios\/postproduccion-de-sonido\/","title":{"rendered":"Postproducci\u00f3n de sonido"},"content":{"rendered":"\t\t<div data-elementor-type=\"wp-page\" data-elementor-id=\"6971\" class=\"elementor elementor-6971 elementor-6969\" data-elementor-post-type=\"page\">\n\t\t\t\t\t\t<section class=\"elementor-section elementor-top-section elementor-element elementor-element-6494c34 elementor-section-full_width elementor-section-height-default elementor-section-height-default\" data-id=\"6494c34\" data-element_type=\"section\" data-e-type=\"section\">\n\t\t\t\t\t\t<div class=\"elementor-container elementor-column-gap-default\">\n\t\t\t\t\t<div class=\"elementor-column elementor-col-100 elementor-top-column elementor-element elementor-element-4af67ba\" data-id=\"4af67ba\" data-element_type=\"column\" data-e-type=\"column\">\n\t\t\t<div class=\"elementor-widget-wrap elementor-element-populated\">\n\t\t\t\t\t\t<div class=\"elementor-element elementor-element-ed99669 elementor-widget elementor-widget-menu-anchor\" data-id=\"ed99669\" data-element_type=\"widget\" data-e-type=\"widget\" data-widget_type=\"menu-anchor.default\">\n\t\t\t\t<div class=\"elementor-widget-container\">\n\t\t\t\t\t\t\t<div class=\"elementor-menu-anchor\" id=\"top\"><\/div>\n\t\t\t\t\t\t<\/div>\n\t\t\t\t<\/div>\n\t\t\t\t<div class=\"elementor-element elementor-element-8cb21e4 elementor-widget elementor-widget-heading\" data-id=\"8cb21e4\" data-element_type=\"widget\" data-e-type=\"widget\" data-widget_type=\"heading.default\">\n\t\t\t\t<div class=\"elementor-widget-container\">\n\t\t\t\t\t<h1 class=\"elementor-heading-title elementor-size-default\">Postproducci\u00f3n de sonido<\/h1>\t\t\t\t<\/div>\n\t\t\t\t<\/div>\n\t\t\t\t<div class=\"elementor-element elementor-element-fed228f elementor-widget elementor-widget-text-editor\" data-id=\"fed228f\" data-element_type=\"widget\" data-e-type=\"widget\" data-widget_type=\"text-editor.default\">\n\t\t\t\t<div class=\"elementor-widget-container\">\n\t\t\t\t\t\t\t\t\t<p>La postproducci\u00f3n de sonido es el proceso de edici\u00f3n, mejora y sincronizaci\u00f3n de los elementos sonoros en un medio audiovisual, como pel\u00edculas, programas de televisi\u00f3n, anuncios y videojuegos entre otros.<\/p>\n<p>Durante el proceso de postproducci\u00f3n se combinan, ajustan y mejoran los diferentes elementos sonoros para crear un resultado final coherente y en sincron\u00eda con la imagen. Esto puede incluir la adici\u00f3n de efectos de sonido, m\u00fasica, di\u00e1logo y sonidos ambientales, as\u00ed como la eliminaci\u00f3n de ruido o problemas t\u00e9cnicos en la grabaci\u00f3n original.<\/p>\n<p>En Recmote Studio estamos especializados en la postproducci\u00f3n de sonido para todo tipo de formatos audiovisuales. Nuestro equipo de t\u00e9cnicos cuenta con m\u00e1s de 15 a\u00f1os de experiencia en postproducci\u00f3n de sonido para radio, TV y cine, adem\u00e1s de programas de televisi\u00f3n, podcasts, audiolibros, y mucho m\u00e1s.<\/p>\n<p>Contamos con un estudio de sonido completamente equipado con la \u00faltima tecnolog\u00eda para ofrecer servicios de postproducci\u00f3n en Stereo y 5.1.<\/p>\n<p>Cont\u00e1ctanos para solicitar un presupuesto sin compromiso, nuestros precios son muy competitivos.<\/p>\n\t\t\t\t\t\t\t\t<\/div>\n\t\t\t\t<\/div>\n\t\t\t\t\t<\/div>\n\t\t<\/div>\n\t\t\t\t\t<\/div>\n\t\t<\/section>\n\t\t\t\t<section class=\"elementor-section elementor-top-section elementor-element elementor-element-271421e elementor-section-boxed elementor-section-height-default elementor-section-height-default\" data-id=\"271421e\" data-element_type=\"section\" data-e-type=\"section\">\n\t\t\t\t\t\t<div class=\"elementor-container elementor-column-gap-default\">\n\t\t\t\t\t<div class=\"elementor-column elementor-col-100 elementor-top-column elementor-element elementor-element-4863fe6\" data-id=\"4863fe6\" data-element_type=\"column\" data-e-type=\"column\">\n\t\t\t<div class=\"elementor-widget-wrap elementor-element-populated\">\n\t\t\t\t\t\t<div class=\"elementor-element elementor-element-d4b2a16 elementor-widget elementor-widget-image\" data-id=\"d4b2a16\" data-element_type=\"widget\" data-e-type=\"widget\" data-widget_type=\"image.default\">\n\t\t\t\t<div class=\"elementor-widget-container\">\n\t\t\t\t\t\t\t\t\t\t\t\t\t\t\t<img fetchpriority=\"high\" decoding=\"async\" width=\"567\" height=\"378\" src=\"https:\/\/recmotestudio.com\/wp-content\/uploads\/2023\/03\/Postproduccion.jpg\" class=\"attachment-large size-large wp-image-7029\" alt=\"\" srcset=\"https:\/\/recmotestudio.com\/wp-content\/uploads\/2023\/03\/Postproduccion.jpg 567w, https:\/\/recmotestudio.com\/wp-content\/uploads\/2023\/03\/Postproduccion-300x200.jpg 300w\" sizes=\"(max-width: 567px) 100vw, 567px\" \/>\t\t\t\t\t\t\t\t\t\t\t\t\t\t\t<\/div>\n\t\t\t\t<\/div>\n\t\t\t\t\t<\/div>\n\t\t<\/div>\n\t\t\t\t\t<\/div>\n\t\t<\/section>\n\t\t\t\t<section class=\"elementor-section elementor-top-section elementor-element elementor-element-4818667 elementor-section-boxed elementor-section-height-default elementor-section-height-default\" data-id=\"4818667\" data-element_type=\"section\" data-e-type=\"section\">\n\t\t\t\t\t\t<div class=\"elementor-container elementor-column-gap-default\">\n\t\t\t\t\t<div class=\"elementor-column elementor-col-100 elementor-top-column elementor-element elementor-element-85a0675\" data-id=\"85a0675\" data-element_type=\"column\" data-e-type=\"column\">\n\t\t\t<div class=\"elementor-widget-wrap elementor-element-populated\">\n\t\t\t\t\t\t<div class=\"elementor-element elementor-element-a8a0736 elementor-align-center elementor-widget elementor-widget-button\" data-id=\"a8a0736\" data-element_type=\"widget\" data-e-type=\"widget\" data-widget_type=\"button.default\">\n\t\t\t\t<div class=\"elementor-widget-container\">\n\t\t\t\t\t\t\t\t\t<div class=\"elementor-button-wrapper\">\n\t\t\t\t\t<a class=\"elementor-button elementor-button-link elementor-size-sm\" href=\"https:\/\/recmotestudio.com\/es\/get-in-touch\/\">\n\t\t\t\t\t\t<span class=\"elementor-button-content-wrapper\">\n\t\t\t\t\t\t\t\t\t<span class=\"elementor-button-text\">CONT\u00c1CTANOS<\/span>\n\t\t\t\t\t<\/span>\n\t\t\t\t\t<\/a>\n\t\t\t\t<\/div>\n\t\t\t\t\t\t\t\t<\/div>\n\t\t\t\t<\/div>\n\t\t\t\t\t<\/div>\n\t\t<\/div>\n\t\t\t\t\t<\/div>\n\t\t<\/section>\n\t\t\t\t<\/div>\n\t\t","protected":false},"excerpt":{"rendered":"<p>Postproducci\u00f3n de sonido La postproducci\u00f3n de sonido es el proceso de edici\u00f3n, mejora y sincronizaci\u00f3n de los elementos sonoros en un medio audiovisual, como pel\u00edculas, programas de televisi\u00f3n, anuncios y videojuegos entre otros. Durante el proceso de postproducci\u00f3n se combinan, ajustan y mejoran los diferentes elementos sonoros para crear un resultado final coherente y en [&hellip;]<\/p>\n","protected":false},"author":1,"featured_media":0,"parent":760,"menu_order":0,"comment_status":"closed","ping_status":"closed","template":"","meta":{"_acf_changed":false,"inline_featured_image":false,"_monsterinsights_skip_tracking":false,"_monsterinsights_sitenote_active":false,"_monsterinsights_sitenote_note":"","_monsterinsights_sitenote_category":0,"footnotes":""},"class_list":["post-6971","page","type-page","status-publish","hentry"],"acf":[],"yoast_head":"<!-- This site is optimized with the Yoast SEO plugin v25.3.1 - https:\/\/yoast.com\/wordpress\/plugins\/seo\/ -->\n<title>Postproducci\u00f3n de sonido en Barcelona | RemoteStudio.com<\/title>\n<meta name=\"description\" content=\"Postproducci\u00f3n de sonido en Recmote Studio. Estudio totalmente equipado y preparado para cualquier tipo de proyecto. \u00a1Cont\u00e1ctanos!\" \/>\n<meta name=\"robots\" content=\"index, follow, max-snippet:-1, max-image-preview:large, max-video-preview:-1\" \/>\n<link rel=\"canonical\" href=\"https:\/\/recmotestudio.com\/es\/servicios\/postproduccion-de-sonido\/\" \/>\n<meta property=\"og:locale\" content=\"es_ES\" \/>\n<meta property=\"og:type\" content=\"article\" \/>\n<meta property=\"og:title\" content=\"Postproducci\u00f3n de sonido en Barcelona | RemoteStudio.com\" \/>\n<meta property=\"og:description\" content=\"Postproducci\u00f3n de sonido en Recmote Studio. Estudio totalmente equipado y preparado para cualquier tipo de proyecto. \u00a1Cont\u00e1ctanos!\" \/>\n<meta property=\"og:url\" content=\"https:\/\/recmotestudio.com\/es\/servicios\/postproduccion-de-sonido\/\" \/>\n<meta property=\"og:site_name\" content=\"Recmote\" \/>\n<meta property=\"article:modified_time\" content=\"2023-04-03T17:08:17+00:00\" \/>\n<meta property=\"og:image\" content=\"https:\/\/recmotestudio.com\/wp-content\/uploads\/2023\/03\/Postproduccion.jpg\" \/>\n<meta name=\"twitter:card\" content=\"summary_large_image\" \/>\n<meta name=\"twitter:label1\" content=\"Tiempo de lectura\" \/>\n\t<meta name=\"twitter:data1\" content=\"1 minuto\" \/>\n<script type=\"application\/ld+json\" class=\"yoast-schema-graph\">{\"@context\":\"https:\/\/schema.org\",\"@graph\":[{\"@type\":\"WebPage\",\"@id\":\"https:\/\/recmotestudio.com\/es\/servicios\/postproduccion-de-sonido\/\",\"url\":\"https:\/\/recmotestudio.com\/es\/servicios\/postproduccion-de-sonido\/\",\"name\":\"Postproducci\u00f3n de sonido en Barcelona | RemoteStudio.com\",\"isPartOf\":{\"@id\":\"https:\/\/recmotestudio.com\/#website\"},\"primaryImageOfPage\":{\"@id\":\"https:\/\/recmotestudio.com\/es\/servicios\/postproduccion-de-sonido\/#primaryimage\"},\"image\":{\"@id\":\"https:\/\/recmotestudio.com\/es\/servicios\/postproduccion-de-sonido\/#primaryimage\"},\"thumbnailUrl\":\"https:\/\/recmotestudio.com\/wp-content\/uploads\/2023\/03\/Postproduccion.jpg\",\"datePublished\":\"2023-03-09T18:03:14+00:00\",\"dateModified\":\"2023-04-03T17:08:17+00:00\",\"description\":\"Postproducci\u00f3n de sonido en Recmote Studio. Estudio totalmente equipado y preparado para cualquier tipo de proyecto. \u00a1Cont\u00e1ctanos!\",\"breadcrumb\":{\"@id\":\"https:\/\/recmotestudio.com\/es\/servicios\/postproduccion-de-sonido\/#breadcrumb\"},\"inLanguage\":\"es\",\"potentialAction\":[{\"@type\":\"ReadAction\",\"target\":[\"https:\/\/recmotestudio.com\/es\/servicios\/postproduccion-de-sonido\/\"]}]},{\"@type\":\"ImageObject\",\"inLanguage\":\"es\",\"@id\":\"https:\/\/recmotestudio.com\/es\/servicios\/postproduccion-de-sonido\/#primaryimage\",\"url\":\"https:\/\/recmotestudio.com\/wp-content\/uploads\/2023\/03\/Postproduccion.jpg\",\"contentUrl\":\"https:\/\/recmotestudio.com\/wp-content\/uploads\/2023\/03\/Postproduccion.jpg\"},{\"@type\":\"BreadcrumbList\",\"@id\":\"https:\/\/recmotestudio.com\/es\/servicios\/postproduccion-de-sonido\/#breadcrumb\",\"itemListElement\":[{\"@type\":\"ListItem\",\"position\":1,\"name\":\"Home\",\"item\":\"https:\/\/recmotestudio.com\/es\/home-2-3\/\"},{\"@type\":\"ListItem\",\"position\":2,\"name\":\"Servicios\",\"item\":\"https:\/\/recmotestudio.com\/es\/servicios\/\"},{\"@type\":\"ListItem\",\"position\":3,\"name\":\"Postproducci\u00f3n de sonido\"}]},{\"@type\":\"WebSite\",\"@id\":\"https:\/\/recmotestudio.com\/#website\",\"url\":\"https:\/\/recmotestudio.com\/\",\"name\":\"Recmote\",\"description\":\"Audio Post Production\",\"publisher\":{\"@id\":\"https:\/\/recmotestudio.com\/#organization\"},\"potentialAction\":[{\"@type\":\"SearchAction\",\"target\":{\"@type\":\"EntryPoint\",\"urlTemplate\":\"https:\/\/recmotestudio.com\/?s={search_term_string}\"},\"query-input\":{\"@type\":\"PropertyValueSpecification\",\"valueRequired\":true,\"valueName\":\"search_term_string\"}}],\"inLanguage\":\"es\"},{\"@type\":\"Organization\",\"@id\":\"https:\/\/recmotestudio.com\/#organization\",\"name\":\"Recmote Studio\",\"url\":\"https:\/\/recmotestudio.com\/\",\"logo\":{\"@type\":\"ImageObject\",\"inLanguage\":\"es\",\"@id\":\"https:\/\/recmotestudio.com\/#\/schema\/logo\/image\/\",\"url\":\"https:\/\/recmotestudio.com\/wp-content\/uploads\/2020\/11\/recmote-logo.svg\",\"contentUrl\":\"https:\/\/recmotestudio.com\/wp-content\/uploads\/2020\/11\/recmote-logo.svg\",\"width\":209,\"height\":30,\"caption\":\"Recmote Studio\"},\"image\":{\"@id\":\"https:\/\/recmotestudio.com\/#\/schema\/logo\/image\/\"},\"sameAs\":[\"https:\/\/www.linkedin.com\/company\/recmote-studio\/\"]}]}<\/script>\n<!-- \/ Yoast SEO plugin. -->","yoast_head_json":{"title":"Postproducci\u00f3n de sonido en Barcelona | RemoteStudio.com","description":"Postproducci\u00f3n de sonido en Recmote Studio. Estudio totalmente equipado y preparado para cualquier tipo de proyecto. \u00a1Cont\u00e1ctanos!","robots":{"index":"index","follow":"follow","max-snippet":"max-snippet:-1","max-image-preview":"max-image-preview:large","max-video-preview":"max-video-preview:-1"},"canonical":"https:\/\/recmotestudio.com\/es\/servicios\/postproduccion-de-sonido\/","og_locale":"es_ES","og_type":"article","og_title":"Postproducci\u00f3n de sonido en Barcelona | RemoteStudio.com","og_description":"Postproducci\u00f3n de sonido en Recmote Studio. Estudio totalmente equipado y preparado para cualquier tipo de proyecto. \u00a1Cont\u00e1ctanos!","og_url":"https:\/\/recmotestudio.com\/es\/servicios\/postproduccion-de-sonido\/","og_site_name":"Recmote","article_modified_time":"2023-04-03T17:08:17+00:00","og_image":[{"url":"https:\/\/recmotestudio.com\/wp-content\/uploads\/2023\/03\/Postproduccion.jpg","type":"","width":"","height":""}],"twitter_card":"summary_large_image","twitter_misc":{"Tiempo de lectura":"1 minuto"},"schema":{"@context":"https:\/\/schema.org","@graph":[{"@type":"WebPage","@id":"https:\/\/recmotestudio.com\/es\/servicios\/postproduccion-de-sonido\/","url":"https:\/\/recmotestudio.com\/es\/servicios\/postproduccion-de-sonido\/","name":"Postproducci\u00f3n de sonido en Barcelona | RemoteStudio.com","isPartOf":{"@id":"https:\/\/recmotestudio.com\/#website"},"primaryImageOfPage":{"@id":"https:\/\/recmotestudio.com\/es\/servicios\/postproduccion-de-sonido\/#primaryimage"},"image":{"@id":"https:\/\/recmotestudio.com\/es\/servicios\/postproduccion-de-sonido\/#primaryimage"},"thumbnailUrl":"https:\/\/recmotestudio.com\/wp-content\/uploads\/2023\/03\/Postproduccion.jpg","datePublished":"2023-03-09T18:03:14+00:00","dateModified":"2023-04-03T17:08:17+00:00","description":"Postproducci\u00f3n de sonido en Recmote Studio. Estudio totalmente equipado y preparado para cualquier tipo de proyecto. \u00a1Cont\u00e1ctanos!","breadcrumb":{"@id":"https:\/\/recmotestudio.com\/es\/servicios\/postproduccion-de-sonido\/#breadcrumb"},"inLanguage":"es","potentialAction":[{"@type":"ReadAction","target":["https:\/\/recmotestudio.com\/es\/servicios\/postproduccion-de-sonido\/"]}]},{"@type":"ImageObject","inLanguage":"es","@id":"https:\/\/recmotestudio.com\/es\/servicios\/postproduccion-de-sonido\/#primaryimage","url":"https:\/\/recmotestudio.com\/wp-content\/uploads\/2023\/03\/Postproduccion.jpg","contentUrl":"https:\/\/recmotestudio.com\/wp-content\/uploads\/2023\/03\/Postproduccion.jpg"},{"@type":"BreadcrumbList","@id":"https:\/\/recmotestudio.com\/es\/servicios\/postproduccion-de-sonido\/#breadcrumb","itemListElement":[{"@type":"ListItem","position":1,"name":"Home","item":"https:\/\/recmotestudio.com\/es\/home-2-3\/"},{"@type":"ListItem","position":2,"name":"Servicios","item":"https:\/\/recmotestudio.com\/es\/servicios\/"},{"@type":"ListItem","position":3,"name":"Postproducci\u00f3n de sonido"}]},{"@type":"WebSite","@id":"https:\/\/recmotestudio.com\/#website","url":"https:\/\/recmotestudio.com\/","name":"Recmote","description":"Audio Post Production","publisher":{"@id":"https:\/\/recmotestudio.com\/#organization"},"potentialAction":[{"@type":"SearchAction","target":{"@type":"EntryPoint","urlTemplate":"https:\/\/recmotestudio.com\/?s={search_term_string}"},"query-input":{"@type":"PropertyValueSpecification","valueRequired":true,"valueName":"search_term_string"}}],"inLanguage":"es"},{"@type":"Organization","@id":"https:\/\/recmotestudio.com\/#organization","name":"Recmote Studio","url":"https:\/\/recmotestudio.com\/","logo":{"@type":"ImageObject","inLanguage":"es","@id":"https:\/\/recmotestudio.com\/#\/schema\/logo\/image\/","url":"https:\/\/recmotestudio.com\/wp-content\/uploads\/2020\/11\/recmote-logo.svg","contentUrl":"https:\/\/recmotestudio.com\/wp-content\/uploads\/2020\/11\/recmote-logo.svg","width":209,"height":30,"caption":"Recmote Studio"},"image":{"@id":"https:\/\/recmotestudio.com\/#\/schema\/logo\/image\/"},"sameAs":["https:\/\/www.linkedin.com\/company\/recmote-studio\/"]}]}},"_links":{"self":[{"href":"https:\/\/recmotestudio.com\/es\/wp-json\/wp\/v2\/pages\/6971"}],"collection":[{"href":"https:\/\/recmotestudio.com\/es\/wp-json\/wp\/v2\/pages"}],"about":[{"href":"https:\/\/recmotestudio.com\/es\/wp-json\/wp\/v2\/types\/page"}],"author":[{"embeddable":true,"href":"https:\/\/recmotestudio.com\/es\/wp-json\/wp\/v2\/users\/1"}],"replies":[{"embeddable":true,"href":"https:\/\/recmotestudio.com\/es\/wp-json\/wp\/v2\/comments?post=6971"}],"version-history":[{"count":0,"href":"https:\/\/recmotestudio.com\/es\/wp-json\/wp\/v2\/pages\/6971\/revisions"}],"up":[{"embeddable":true,"href":"https:\/\/recmotestudio.com\/es\/wp-json\/wp\/v2\/pages\/760"}],"wp:attachment":[{"href":"https:\/\/recmotestudio.com\/es\/wp-json\/wp\/v2\/media?parent=6971"}],"curies":[{"name":"wp","href":"https:\/\/api.w.org\/{rel}","templated":true}]}}