{"id":6962,"date":"2023-03-09T18:03:07","date_gmt":"2023-03-09T18:03:07","guid":{"rendered":"https:\/\/recmotestudio.com\/?page_id=6962"},"modified":"2023-04-03T17:06:54","modified_gmt":"2023-04-03T17:06:54","slug":"musica-de-libreria-y-composiciones-ad-hoc","status":"publish","type":"page","link":"https:\/\/recmotestudio.com\/es\/servicios\/musica-de-libreria-y-composiciones-ad-hoc\/","title":{"rendered":"M\u00fasica de librer\u00eda y composiciones ad-hoc"},"content":{"rendered":"\t\t<div data-elementor-type=\"wp-page\" data-elementor-id=\"6962\" class=\"elementor elementor-6962 elementor-6960\" data-elementor-post-type=\"page\">\n\t\t\t\t\t\t<section class=\"elementor-section elementor-top-section elementor-element elementor-element-6494c34 elementor-section-full_width elementor-section-height-default elementor-section-height-default\" data-id=\"6494c34\" data-element_type=\"section\" data-e-type=\"section\">\n\t\t\t\t\t\t<div class=\"elementor-container elementor-column-gap-default\">\n\t\t\t\t\t<div class=\"elementor-column elementor-col-100 elementor-top-column elementor-element elementor-element-4af67ba\" data-id=\"4af67ba\" data-element_type=\"column\" data-e-type=\"column\">\n\t\t\t<div class=\"elementor-widget-wrap elementor-element-populated\">\n\t\t\t\t\t\t<div class=\"elementor-element elementor-element-ed99669 elementor-widget elementor-widget-menu-anchor\" data-id=\"ed99669\" data-element_type=\"widget\" data-e-type=\"widget\" data-widget_type=\"menu-anchor.default\">\n\t\t\t\t<div class=\"elementor-widget-container\">\n\t\t\t\t\t\t\t<div class=\"elementor-menu-anchor\" id=\"top\"><\/div>\n\t\t\t\t\t\t<\/div>\n\t\t\t\t<\/div>\n\t\t\t\t<div class=\"elementor-element elementor-element-8cb21e4 elementor-widget elementor-widget-heading\" data-id=\"8cb21e4\" data-element_type=\"widget\" data-e-type=\"widget\" data-widget_type=\"heading.default\">\n\t\t\t\t<div class=\"elementor-widget-container\">\n\t\t\t\t\t<h1 class=\"elementor-heading-title elementor-size-default\">M\u00fasica de librer\u00eda y composiciones ad-hoc<\/h1>\t\t\t\t<\/div>\n\t\t\t\t<\/div>\n\t\t\t\t<div class=\"elementor-element elementor-element-fed228f elementor-widget elementor-widget-text-editor\" data-id=\"fed228f\" data-element_type=\"widget\" data-e-type=\"widget\" data-widget_type=\"text-editor.default\">\n\t\t\t\t<div class=\"elementor-widget-container\">\n\t\t\t\t\t\t\t\t\t<p>En Recmote Studio tenemos soluciones personalizadas de selecci\u00f3n de m\u00fasica basadas en las necesidades espec\u00edficas de cada cliente.<\/p>\n<p>Ofrecemos tanto m\u00fasica de librer\u00eda, con una amplia variedad de opciones de alta calidad disponibles para licenciar, como composiciones ad-hoc, piezas de m\u00fasica originales compuestas espec\u00edficamente para un proyecto.<\/p>\n<p>Nuestro objetivo es proporcionar soluciones adaptadas a las necesidades del proyecto y del presupuesto de cada cliente.<\/p>\n\t\t\t\t\t\t\t\t<\/div>\n\t\t\t\t<\/div>\n\t\t\t\t\t<\/div>\n\t\t<\/div>\n\t\t\t\t\t<\/div>\n\t\t<\/section>\n\t\t\t\t<section class=\"elementor-section elementor-top-section elementor-element elementor-element-271421e elementor-section-boxed elementor-section-height-default elementor-section-height-default\" data-id=\"271421e\" data-element_type=\"section\" data-e-type=\"section\">\n\t\t\t\t\t\t<div class=\"elementor-container elementor-column-gap-default\">\n\t\t\t\t\t<div class=\"elementor-column elementor-col-100 elementor-top-column elementor-element elementor-element-4863fe6\" data-id=\"4863fe6\" data-element_type=\"column\" data-e-type=\"column\">\n\t\t\t<div class=\"elementor-widget-wrap elementor-element-populated\">\n\t\t\t\t\t\t<div class=\"elementor-element elementor-element-d4b2a16 elementor-widget elementor-widget-image\" data-id=\"d4b2a16\" data-element_type=\"widget\" data-e-type=\"widget\" data-widget_type=\"image.default\">\n\t\t\t\t<div class=\"elementor-widget-container\">\n\t\t\t\t\t\t\t\t\t\t\t\t\t\t\t<img fetchpriority=\"high\" decoding=\"async\" width=\"800\" height=\"450\" src=\"https:\/\/recmotestudio.com\/wp-content\/uploads\/2023\/03\/MusicaLibreria-1024x576.png\" class=\"attachment-large size-large wp-image-7023\" alt=\"\" srcset=\"https:\/\/recmotestudio.com\/wp-content\/uploads\/2023\/03\/MusicaLibreria-1024x576.png 1024w, https:\/\/recmotestudio.com\/wp-content\/uploads\/2023\/03\/MusicaLibreria-300x169.png 300w, https:\/\/recmotestudio.com\/wp-content\/uploads\/2023\/03\/MusicaLibreria-768x432.png 768w, https:\/\/recmotestudio.com\/wp-content\/uploads\/2023\/03\/MusicaLibreria-1536x864.png 1536w, https:\/\/recmotestudio.com\/wp-content\/uploads\/2023\/03\/MusicaLibreria.png 1920w\" sizes=\"(max-width: 800px) 100vw, 800px\" \/>\t\t\t\t\t\t\t\t\t\t\t\t\t\t\t<\/div>\n\t\t\t\t<\/div>\n\t\t\t\t\t<\/div>\n\t\t<\/div>\n\t\t\t\t\t<\/div>\n\t\t<\/section>\n\t\t\t\t<section class=\"elementor-section elementor-top-section elementor-element elementor-element-648c012 elementor-section-full_width elementor-section-height-default elementor-section-height-default\" data-id=\"648c012\" data-element_type=\"section\" data-e-type=\"section\">\n\t\t\t\t\t\t<div class=\"elementor-container elementor-column-gap-default\">\n\t\t\t\t\t<div class=\"elementor-column elementor-col-100 elementor-top-column elementor-element elementor-element-716cb5c\" data-id=\"716cb5c\" data-element_type=\"column\" data-e-type=\"column\">\n\t\t\t<div class=\"elementor-widget-wrap elementor-element-populated\">\n\t\t\t\t\t\t<div class=\"elementor-element elementor-element-2c4bcbe elementor-widget elementor-widget-text-editor\" data-id=\"2c4bcbe\" data-element_type=\"widget\" data-e-type=\"widget\" data-widget_type=\"text-editor.default\">\n\t\t\t\t<div class=\"elementor-widget-container\">\n\t\t\t\t\t\t\t\t\t<h2>Amplio cat\u00e1logo de m\u00fasica de librer\u00eda<\/h2>\n<p>En Recmote Studio contamos con una amplia variedad de m\u00fasica de librer\u00eda que abarca todos los g\u00e9neros y estilos, desde pop, rock y house, pasando por ambiental, electr\u00f3nica y dance.<\/p>\n<p>Nos esforzamos por entender las preferencias y requisitos de cada proyecto para hacer propuestas musicales personalizadas y asegurarnos de que el resultado sea el adecuado.<\/p>\n<p>Cont\u00e1ctanos para solicitar un presupuesto sin compromiso, nuestros precios son muy competitivos.<\/p>\n\t\t\t\t\t\t\t\t<\/div>\n\t\t\t\t<\/div>\n\t\t\t\t<div class=\"elementor-element elementor-element-ef92a2c elementor-widget elementor-widget-text-editor\" data-id=\"ef92a2c\" data-element_type=\"widget\" data-e-type=\"widget\" data-widget_type=\"text-editor.default\">\n\t\t\t\t<div class=\"elementor-widget-container\">\n\t\t\t\t\t\t\t\t\t<h2>Composici\u00f3n de m\u00fasica ad-hoc para anuncios<\/h2>\n<p>En Recmote Studio tenemos vasta experiencia en la producci\u00f3n de composiciones musicales para proyectos publicitarios. Trabajamos codo con codo con nuestros clientes para crear la m\u00fasica perfecta para sus proyectos, miramos hasta el \u00faltimo detalle para que la m\u00fasica suene exactamente como te la imaginas.<\/p>\n\t\t\t\t\t\t\t\t<\/div>\n\t\t\t\t<\/div>\n\t\t\t\t\t<\/div>\n\t\t<\/div>\n\t\t\t\t\t<\/div>\n\t\t<\/section>\n\t\t\t\t<section class=\"elementor-section elementor-top-section elementor-element elementor-element-4818667 elementor-section-boxed elementor-section-height-default elementor-section-height-default\" data-id=\"4818667\" data-element_type=\"section\" data-e-type=\"section\">\n\t\t\t\t\t\t<div class=\"elementor-container elementor-column-gap-default\">\n\t\t\t\t\t<div class=\"elementor-column elementor-col-100 elementor-top-column elementor-element elementor-element-85a0675\" data-id=\"85a0675\" data-element_type=\"column\" data-e-type=\"column\">\n\t\t\t<div class=\"elementor-widget-wrap elementor-element-populated\">\n\t\t\t\t\t\t<div class=\"elementor-element elementor-element-a8a0736 elementor-align-center elementor-widget elementor-widget-button\" data-id=\"a8a0736\" data-element_type=\"widget\" data-e-type=\"widget\" data-widget_type=\"button.default\">\n\t\t\t\t<div class=\"elementor-widget-container\">\n\t\t\t\t\t\t\t\t\t<div class=\"elementor-button-wrapper\">\n\t\t\t\t\t<a class=\"elementor-button elementor-button-link elementor-size-sm\" href=\"https:\/\/recmotestudio.com\/es\/get-in-touch\/\">\n\t\t\t\t\t\t<span class=\"elementor-button-content-wrapper\">\n\t\t\t\t\t\t\t\t\t<span class=\"elementor-button-text\">CONT\u00c1CTANOS<\/span>\n\t\t\t\t\t<\/span>\n\t\t\t\t\t<\/a>\n\t\t\t\t<\/div>\n\t\t\t\t\t\t\t\t<\/div>\n\t\t\t\t<\/div>\n\t\t\t\t\t<\/div>\n\t\t<\/div>\n\t\t\t\t\t<\/div>\n\t\t<\/section>\n\t\t\t\t<\/div>\n\t\t","protected":false},"excerpt":{"rendered":"<p>M\u00fasica de librer\u00eda y composiciones ad-hoc En Recmote Studio tenemos soluciones personalizadas de selecci\u00f3n de m\u00fasica basadas en las necesidades espec\u00edficas de cada cliente. Ofrecemos tanto m\u00fasica de librer\u00eda, con una amplia variedad de opciones de alta calidad disponibles para licenciar, como composiciones ad-hoc, piezas de m\u00fasica originales compuestas espec\u00edficamente para un proyecto. Nuestro objetivo [&hellip;]<\/p>\n","protected":false},"author":1,"featured_media":0,"parent":760,"menu_order":0,"comment_status":"closed","ping_status":"closed","template":"","meta":{"_acf_changed":false,"inline_featured_image":false,"_monsterinsights_skip_tracking":false,"_monsterinsights_sitenote_active":false,"_monsterinsights_sitenote_note":"","_monsterinsights_sitenote_category":0,"footnotes":""},"class_list":["post-6962","page","type-page","status-publish","hentry"],"acf":[],"yoast_head":"<!-- This site is optimized with the Yoast SEO plugin v25.3.1 - https:\/\/yoast.com\/wordpress\/plugins\/seo\/ -->\n<title>M\u00fasica de librer\u00eda y composiciones ad-hoc | RecmoteStudio.com<\/title>\n<meta name=\"description\" content=\"M\u00fasica de librer\u00eda y composiciones ad-hoc personalizadas en Recmote Studio. Totalmente equipado y preparado para cualquier tipo de proyecto. \u00a1Cont\u00e1ctanos!\" \/>\n<meta name=\"robots\" content=\"index, follow, max-snippet:-1, max-image-preview:large, max-video-preview:-1\" \/>\n<link rel=\"canonical\" href=\"https:\/\/recmotestudio.com\/es\/servicios\/musica-de-libreria-y-composiciones-ad-hoc\/\" \/>\n<meta property=\"og:locale\" content=\"es_ES\" \/>\n<meta property=\"og:type\" content=\"article\" \/>\n<meta property=\"og:title\" content=\"M\u00fasica de librer\u00eda y composiciones ad-hoc | RecmoteStudio.com\" \/>\n<meta property=\"og:description\" content=\"M\u00fasica de librer\u00eda y composiciones ad-hoc personalizadas en Recmote Studio. Totalmente equipado y preparado para cualquier tipo de proyecto. \u00a1Cont\u00e1ctanos!\" \/>\n<meta property=\"og:url\" content=\"https:\/\/recmotestudio.com\/es\/servicios\/musica-de-libreria-y-composiciones-ad-hoc\/\" \/>\n<meta property=\"og:site_name\" content=\"Recmote\" \/>\n<meta property=\"article:modified_time\" content=\"2023-04-03T17:06:54+00:00\" \/>\n<meta property=\"og:image\" content=\"https:\/\/recmotestudio.com\/wp-content\/uploads\/2023\/03\/MusicaLibreria-1024x576.png\" \/>\n<meta name=\"twitter:card\" content=\"summary_large_image\" \/>\n<meta name=\"twitter:label1\" content=\"Tiempo de lectura\" \/>\n\t<meta name=\"twitter:data1\" content=\"2 minutos\" \/>\n<script type=\"application\/ld+json\" class=\"yoast-schema-graph\">{\"@context\":\"https:\/\/schema.org\",\"@graph\":[{\"@type\":\"WebPage\",\"@id\":\"https:\/\/recmotestudio.com\/es\/servicios\/musica-de-libreria-y-composiciones-ad-hoc\/\",\"url\":\"https:\/\/recmotestudio.com\/es\/servicios\/musica-de-libreria-y-composiciones-ad-hoc\/\",\"name\":\"M\u00fasica de librer\u00eda y composiciones ad-hoc | RecmoteStudio.com\",\"isPartOf\":{\"@id\":\"https:\/\/recmotestudio.com\/#website\"},\"primaryImageOfPage\":{\"@id\":\"https:\/\/recmotestudio.com\/es\/servicios\/musica-de-libreria-y-composiciones-ad-hoc\/#primaryimage\"},\"image\":{\"@id\":\"https:\/\/recmotestudio.com\/es\/servicios\/musica-de-libreria-y-composiciones-ad-hoc\/#primaryimage\"},\"thumbnailUrl\":\"https:\/\/recmotestudio.com\/wp-content\/uploads\/2023\/03\/MusicaLibreria-1024x576.png\",\"datePublished\":\"2023-03-09T18:03:07+00:00\",\"dateModified\":\"2023-04-03T17:06:54+00:00\",\"description\":\"M\u00fasica de librer\u00eda y composiciones ad-hoc personalizadas en Recmote Studio. Totalmente equipado y preparado para cualquier tipo de proyecto. \u00a1Cont\u00e1ctanos!\",\"breadcrumb\":{\"@id\":\"https:\/\/recmotestudio.com\/es\/servicios\/musica-de-libreria-y-composiciones-ad-hoc\/#breadcrumb\"},\"inLanguage\":\"es\",\"potentialAction\":[{\"@type\":\"ReadAction\",\"target\":[\"https:\/\/recmotestudio.com\/es\/servicios\/musica-de-libreria-y-composiciones-ad-hoc\/\"]}]},{\"@type\":\"ImageObject\",\"inLanguage\":\"es\",\"@id\":\"https:\/\/recmotestudio.com\/es\/servicios\/musica-de-libreria-y-composiciones-ad-hoc\/#primaryimage\",\"url\":\"https:\/\/recmotestudio.com\/wp-content\/uploads\/2023\/03\/MusicaLibreria-1024x576.png\",\"contentUrl\":\"https:\/\/recmotestudio.com\/wp-content\/uploads\/2023\/03\/MusicaLibreria-1024x576.png\"},{\"@type\":\"BreadcrumbList\",\"@id\":\"https:\/\/recmotestudio.com\/es\/servicios\/musica-de-libreria-y-composiciones-ad-hoc\/#breadcrumb\",\"itemListElement\":[{\"@type\":\"ListItem\",\"position\":1,\"name\":\"Home\",\"item\":\"https:\/\/recmotestudio.com\/es\/home-2-3\/\"},{\"@type\":\"ListItem\",\"position\":2,\"name\":\"Servicios\",\"item\":\"https:\/\/recmotestudio.com\/es\/servicios\/\"},{\"@type\":\"ListItem\",\"position\":3,\"name\":\"M\u00fasica de librer\u00eda y composiciones ad-hoc\"}]},{\"@type\":\"WebSite\",\"@id\":\"https:\/\/recmotestudio.com\/#website\",\"url\":\"https:\/\/recmotestudio.com\/\",\"name\":\"Recmote\",\"description\":\"Audio Post Production\",\"publisher\":{\"@id\":\"https:\/\/recmotestudio.com\/#organization\"},\"potentialAction\":[{\"@type\":\"SearchAction\",\"target\":{\"@type\":\"EntryPoint\",\"urlTemplate\":\"https:\/\/recmotestudio.com\/?s={search_term_string}\"},\"query-input\":{\"@type\":\"PropertyValueSpecification\",\"valueRequired\":true,\"valueName\":\"search_term_string\"}}],\"inLanguage\":\"es\"},{\"@type\":\"Organization\",\"@id\":\"https:\/\/recmotestudio.com\/#organization\",\"name\":\"Recmote Studio\",\"url\":\"https:\/\/recmotestudio.com\/\",\"logo\":{\"@type\":\"ImageObject\",\"inLanguage\":\"es\",\"@id\":\"https:\/\/recmotestudio.com\/#\/schema\/logo\/image\/\",\"url\":\"https:\/\/recmotestudio.com\/wp-content\/uploads\/2020\/11\/recmote-logo.svg\",\"contentUrl\":\"https:\/\/recmotestudio.com\/wp-content\/uploads\/2020\/11\/recmote-logo.svg\",\"width\":209,\"height\":30,\"caption\":\"Recmote Studio\"},\"image\":{\"@id\":\"https:\/\/recmotestudio.com\/#\/schema\/logo\/image\/\"},\"sameAs\":[\"https:\/\/www.linkedin.com\/company\/recmote-studio\/\"]}]}<\/script>\n<!-- \/ Yoast SEO plugin. -->","yoast_head_json":{"title":"M\u00fasica de librer\u00eda y composiciones ad-hoc | RecmoteStudio.com","description":"M\u00fasica de librer\u00eda y composiciones ad-hoc personalizadas en Recmote Studio. Totalmente equipado y preparado para cualquier tipo de proyecto. \u00a1Cont\u00e1ctanos!","robots":{"index":"index","follow":"follow","max-snippet":"max-snippet:-1","max-image-preview":"max-image-preview:large","max-video-preview":"max-video-preview:-1"},"canonical":"https:\/\/recmotestudio.com\/es\/servicios\/musica-de-libreria-y-composiciones-ad-hoc\/","og_locale":"es_ES","og_type":"article","og_title":"M\u00fasica de librer\u00eda y composiciones ad-hoc | RecmoteStudio.com","og_description":"M\u00fasica de librer\u00eda y composiciones ad-hoc personalizadas en Recmote Studio. Totalmente equipado y preparado para cualquier tipo de proyecto. \u00a1Cont\u00e1ctanos!","og_url":"https:\/\/recmotestudio.com\/es\/servicios\/musica-de-libreria-y-composiciones-ad-hoc\/","og_site_name":"Recmote","article_modified_time":"2023-04-03T17:06:54+00:00","og_image":[{"url":"https:\/\/recmotestudio.com\/wp-content\/uploads\/2023\/03\/MusicaLibreria-1024x576.png","type":"","width":"","height":""}],"twitter_card":"summary_large_image","twitter_misc":{"Tiempo de lectura":"2 minutos"},"schema":{"@context":"https:\/\/schema.org","@graph":[{"@type":"WebPage","@id":"https:\/\/recmotestudio.com\/es\/servicios\/musica-de-libreria-y-composiciones-ad-hoc\/","url":"https:\/\/recmotestudio.com\/es\/servicios\/musica-de-libreria-y-composiciones-ad-hoc\/","name":"M\u00fasica de librer\u00eda y composiciones ad-hoc | RecmoteStudio.com","isPartOf":{"@id":"https:\/\/recmotestudio.com\/#website"},"primaryImageOfPage":{"@id":"https:\/\/recmotestudio.com\/es\/servicios\/musica-de-libreria-y-composiciones-ad-hoc\/#primaryimage"},"image":{"@id":"https:\/\/recmotestudio.com\/es\/servicios\/musica-de-libreria-y-composiciones-ad-hoc\/#primaryimage"},"thumbnailUrl":"https:\/\/recmotestudio.com\/wp-content\/uploads\/2023\/03\/MusicaLibreria-1024x576.png","datePublished":"2023-03-09T18:03:07+00:00","dateModified":"2023-04-03T17:06:54+00:00","description":"M\u00fasica de librer\u00eda y composiciones ad-hoc personalizadas en Recmote Studio. Totalmente equipado y preparado para cualquier tipo de proyecto. \u00a1Cont\u00e1ctanos!","breadcrumb":{"@id":"https:\/\/recmotestudio.com\/es\/servicios\/musica-de-libreria-y-composiciones-ad-hoc\/#breadcrumb"},"inLanguage":"es","potentialAction":[{"@type":"ReadAction","target":["https:\/\/recmotestudio.com\/es\/servicios\/musica-de-libreria-y-composiciones-ad-hoc\/"]}]},{"@type":"ImageObject","inLanguage":"es","@id":"https:\/\/recmotestudio.com\/es\/servicios\/musica-de-libreria-y-composiciones-ad-hoc\/#primaryimage","url":"https:\/\/recmotestudio.com\/wp-content\/uploads\/2023\/03\/MusicaLibreria-1024x576.png","contentUrl":"https:\/\/recmotestudio.com\/wp-content\/uploads\/2023\/03\/MusicaLibreria-1024x576.png"},{"@type":"BreadcrumbList","@id":"https:\/\/recmotestudio.com\/es\/servicios\/musica-de-libreria-y-composiciones-ad-hoc\/#breadcrumb","itemListElement":[{"@type":"ListItem","position":1,"name":"Home","item":"https:\/\/recmotestudio.com\/es\/home-2-3\/"},{"@type":"ListItem","position":2,"name":"Servicios","item":"https:\/\/recmotestudio.com\/es\/servicios\/"},{"@type":"ListItem","position":3,"name":"M\u00fasica de librer\u00eda y composiciones ad-hoc"}]},{"@type":"WebSite","@id":"https:\/\/recmotestudio.com\/#website","url":"https:\/\/recmotestudio.com\/","name":"Recmote","description":"Audio Post Production","publisher":{"@id":"https:\/\/recmotestudio.com\/#organization"},"potentialAction":[{"@type":"SearchAction","target":{"@type":"EntryPoint","urlTemplate":"https:\/\/recmotestudio.com\/?s={search_term_string}"},"query-input":{"@type":"PropertyValueSpecification","valueRequired":true,"valueName":"search_term_string"}}],"inLanguage":"es"},{"@type":"Organization","@id":"https:\/\/recmotestudio.com\/#organization","name":"Recmote Studio","url":"https:\/\/recmotestudio.com\/","logo":{"@type":"ImageObject","inLanguage":"es","@id":"https:\/\/recmotestudio.com\/#\/schema\/logo\/image\/","url":"https:\/\/recmotestudio.com\/wp-content\/uploads\/2020\/11\/recmote-logo.svg","contentUrl":"https:\/\/recmotestudio.com\/wp-content\/uploads\/2020\/11\/recmote-logo.svg","width":209,"height":30,"caption":"Recmote Studio"},"image":{"@id":"https:\/\/recmotestudio.com\/#\/schema\/logo\/image\/"},"sameAs":["https:\/\/www.linkedin.com\/company\/recmote-studio\/"]}]}},"_links":{"self":[{"href":"https:\/\/recmotestudio.com\/es\/wp-json\/wp\/v2\/pages\/6962"}],"collection":[{"href":"https:\/\/recmotestudio.com\/es\/wp-json\/wp\/v2\/pages"}],"about":[{"href":"https:\/\/recmotestudio.com\/es\/wp-json\/wp\/v2\/types\/page"}],"author":[{"embeddable":true,"href":"https:\/\/recmotestudio.com\/es\/wp-json\/wp\/v2\/users\/1"}],"replies":[{"embeddable":true,"href":"https:\/\/recmotestudio.com\/es\/wp-json\/wp\/v2\/comments?post=6962"}],"version-history":[{"count":0,"href":"https:\/\/recmotestudio.com\/es\/wp-json\/wp\/v2\/pages\/6962\/revisions"}],"up":[{"embeddable":true,"href":"https:\/\/recmotestudio.com\/es\/wp-json\/wp\/v2\/pages\/760"}],"wp:attachment":[{"href":"https:\/\/recmotestudio.com\/es\/wp-json\/wp\/v2\/media?parent=6962"}],"curies":[{"name":"wp","href":"https:\/\/api.w.org\/{rel}","templated":true}]}}