{"id":6943,"date":"2023-03-09T18:02:46","date_gmt":"2023-03-09T18:02:46","guid":{"rendered":"https:\/\/recmotestudio.com\/?page_id=6943"},"modified":"2023-04-03T17:05:34","modified_gmt":"2023-04-03T17:05:34","slug":"doblaje-y-localizacion-de-anuncios-publicitarios","status":"publish","type":"page","link":"https:\/\/recmotestudio.com\/es\/servicios\/doblaje-y-localizacion-de-anuncios-publicitarios\/","title":{"rendered":"Doblaje y localizaci\u00f3n de anuncios publicitarios"},"content":{"rendered":"\t\t<div data-elementor-type=\"wp-page\" data-elementor-id=\"6943\" class=\"elementor elementor-6943 elementor-6941\" data-elementor-post-type=\"page\">\n\t\t\t\t\t\t<section class=\"elementor-section elementor-top-section elementor-element elementor-element-6494c34 elementor-section-full_width elementor-section-height-default elementor-section-height-default\" data-id=\"6494c34\" data-element_type=\"section\" data-e-type=\"section\">\n\t\t\t\t\t\t<div class=\"elementor-container elementor-column-gap-default\">\n\t\t\t\t\t<div class=\"elementor-column elementor-col-100 elementor-top-column elementor-element elementor-element-4af67ba\" data-id=\"4af67ba\" data-element_type=\"column\" data-e-type=\"column\">\n\t\t\t<div class=\"elementor-widget-wrap elementor-element-populated\">\n\t\t\t\t\t\t<div class=\"elementor-element elementor-element-ed99669 elementor-widget elementor-widget-menu-anchor\" data-id=\"ed99669\" data-element_type=\"widget\" data-e-type=\"widget\" data-widget_type=\"menu-anchor.default\">\n\t\t\t\t<div class=\"elementor-widget-container\">\n\t\t\t\t\t\t\t<div class=\"elementor-menu-anchor\" id=\"top\"><\/div>\n\t\t\t\t\t\t<\/div>\n\t\t\t\t<\/div>\n\t\t\t\t<div class=\"elementor-element elementor-element-8cb21e4 elementor-widget elementor-widget-heading\" data-id=\"8cb21e4\" data-element_type=\"widget\" data-e-type=\"widget\" data-widget_type=\"heading.default\">\n\t\t\t\t<div class=\"elementor-widget-container\">\n\t\t\t\t\t<h1 class=\"elementor-heading-title elementor-size-default\">Doblaje y localizaci\u00f3n de anuncios publicitarios<\/h1>\t\t\t\t<\/div>\n\t\t\t\t<\/div>\n\t\t\t\t<div class=\"elementor-element elementor-element-fed228f elementor-widget elementor-widget-text-editor\" data-id=\"fed228f\" data-element_type=\"widget\" data-e-type=\"widget\" data-widget_type=\"text-editor.default\">\n\t\t\t\t<div class=\"elementor-widget-container\">\n\t\t\t\t\t\t\t\t\t<p>El equipo de producci\u00f3n y los t\u00e9cnicos de sonido de Recmote Studio llevan m\u00e1s de quince a\u00f1os dedic\u00e1ndose a proyectos de localizaci\u00f3n a gran escala.<\/p>\n<p>Tenemos amplia experiencia trabajando con algunas de las marcas m\u00e1s importantes del mundo y reversionando miles de anuncios para TV e Internet en los mercados internacionales.<\/p>\n\t\t\t\t\t\t\t\t<\/div>\n\t\t\t\t<\/div>\n\t\t\t\t\t<\/div>\n\t\t<\/div>\n\t\t\t\t\t<\/div>\n\t\t<\/section>\n\t\t\t\t<section class=\"elementor-section elementor-top-section elementor-element elementor-element-271421e elementor-section-boxed elementor-section-height-default elementor-section-height-default\" data-id=\"271421e\" data-element_type=\"section\" data-e-type=\"section\">\n\t\t\t\t\t\t<div class=\"elementor-container elementor-column-gap-default\">\n\t\t\t\t\t<div class=\"elementor-column elementor-col-100 elementor-top-column elementor-element elementor-element-4863fe6\" data-id=\"4863fe6\" data-element_type=\"column\" data-e-type=\"column\">\n\t\t\t<div class=\"elementor-widget-wrap elementor-element-populated\">\n\t\t\t\t\t\t<div class=\"elementor-element elementor-element-d4b2a16 elementor-widget elementor-widget-image\" data-id=\"d4b2a16\" data-element_type=\"widget\" data-e-type=\"widget\" data-widget_type=\"image.default\">\n\t\t\t\t<div class=\"elementor-widget-container\">\n\t\t\t\t\t\t\t\t\t\t\t\t\t\t\t<img fetchpriority=\"high\" decoding=\"async\" width=\"567\" height=\"378\" src=\"https:\/\/recmotestudio.com\/wp-content\/uploads\/2023\/03\/Localizacion-de-anuncios-publicitarios.jpg\" class=\"attachment-large size-large wp-image-7008\" alt=\"\" srcset=\"https:\/\/recmotestudio.com\/wp-content\/uploads\/2023\/03\/Localizacion-de-anuncios-publicitarios.jpg 567w, https:\/\/recmotestudio.com\/wp-content\/uploads\/2023\/03\/Localizacion-de-anuncios-publicitarios-300x200.jpg 300w\" sizes=\"(max-width: 567px) 100vw, 567px\" \/>\t\t\t\t\t\t\t\t\t\t\t\t\t\t\t<\/div>\n\t\t\t\t<\/div>\n\t\t\t\t\t<\/div>\n\t\t<\/div>\n\t\t\t\t\t<\/div>\n\t\t<\/section>\n\t\t\t\t<section class=\"elementor-section elementor-top-section elementor-element elementor-element-648c012 elementor-section-full_width elementor-section-height-default elementor-section-height-default\" data-id=\"648c012\" data-element_type=\"section\" data-e-type=\"section\">\n\t\t\t\t\t\t<div class=\"elementor-container elementor-column-gap-default\">\n\t\t\t\t\t<div class=\"elementor-column elementor-col-100 elementor-top-column elementor-element elementor-element-716cb5c\" data-id=\"716cb5c\" data-element_type=\"column\" data-e-type=\"column\">\n\t\t\t<div class=\"elementor-widget-wrap elementor-element-populated\">\n\t\t\t\t\t\t<div class=\"elementor-element elementor-element-2c4bcbe elementor-widget elementor-widget-text-editor\" data-id=\"2c4bcbe\" data-element_type=\"widget\" data-e-type=\"widget\" data-widget_type=\"text-editor.default\">\n\t\t\t\t<div class=\"elementor-widget-container\">\n\t\t\t\t\t\t\t\t\t<h2>Gran variedad de voces para doblaje e idiomas<\/h2>\n<p>Nuestro estudio de sonido se encuentra ubicado en Barcelona, ciudad donde residen voces profesionales locales y tambi\u00e9n internacionales. Con nuestro partner estudio en Madrid, ampliamos a\u00fan m\u00e1s nuestro alcance y multiplicamos nuestras posibilidades.<\/p>\n<p>El banco de voces de Remote Studio incluye locutores y locutoras nativos en ingl\u00e9s, americano, portugu\u00e9s, franc\u00e9s, alem\u00e1n, italiano, noruego, fin\u00e9s, dan\u00e9s y muchos m\u00e1s idiomas. Lo que nos permite ofrecer a nuestros clientes la conveniencia de centralizar el trabajo en un \u00fanico estudio de sonido y, lo m\u00e1s importante, a precios competitivos.<\/p>\n\t\t\t\t\t\t\t\t<\/div>\n\t\t\t\t<\/div>\n\t\t\t\t<div class=\"elementor-element elementor-element-ef92a2c elementor-widget elementor-widget-text-editor\" data-id=\"ef92a2c\" data-element_type=\"widget\" data-e-type=\"widget\" data-widget_type=\"text-editor.default\">\n\t\t\t\t<div class=\"elementor-widget-container\">\n\t\t\t\t\t\t\t\t\t<h2>Clientes internacionales<\/h2>\n<p>Entre nuestros proyectos de localizaci\u00f3n de anuncios publicitarios se encuentran marcas como Durex, l\u2019Or, Finish, Hills, Zalando, Vanish, Michelin y Seat. Y entre nuestros clientes importantes agencias, productoras y tambi\u00e9n estudios de sonido de todo el mundo.<\/p>\n<p>En Remote Studio utilizamos tecnolog\u00eda avanzada para que nuestros clientes sigan la grabaci\u00f3n en tiempo real desde cualquier lugar, con una calidad de audio excelente, y desde una amplia variedad de dispositivos y sistemas operativos, solo es necesaria una conexi\u00f3n a Internet. Que nuestros clientes sigan la sesi\u00f3n desde la comodidad de su casa u oficina nos permite ser m\u00e1s eficientes en t\u00e9rminos de tiempo y recursos.<\/p>\n<p>Adem\u00e1s, nuestro equipo habla ingl\u00e9s, lo que nos permite trabajar de manera efectiva y fluida con clientes extranjeros y asegurarnos de que sus mensajes se transmitan de manera clara y precisa.<\/p>\n\t\t\t\t\t\t\t\t<\/div>\n\t\t\t\t<\/div>\n\t\t\t\t\t<\/div>\n\t\t<\/div>\n\t\t\t\t\t<\/div>\n\t\t<\/section>\n\t\t\t\t<section class=\"elementor-section elementor-top-section elementor-element elementor-element-4818667 elementor-section-boxed elementor-section-height-default elementor-section-height-default\" data-id=\"4818667\" data-element_type=\"section\" data-e-type=\"section\">\n\t\t\t\t\t\t<div class=\"elementor-container elementor-column-gap-default\">\n\t\t\t\t\t<div class=\"elementor-column elementor-col-100 elementor-top-column elementor-element elementor-element-85a0675\" data-id=\"85a0675\" data-element_type=\"column\" data-e-type=\"column\">\n\t\t\t<div class=\"elementor-widget-wrap elementor-element-populated\">\n\t\t\t\t\t\t<div class=\"elementor-element elementor-element-a8a0736 elementor-align-center elementor-widget elementor-widget-button\" data-id=\"a8a0736\" data-element_type=\"widget\" data-e-type=\"widget\" data-widget_type=\"button.default\">\n\t\t\t\t<div class=\"elementor-widget-container\">\n\t\t\t\t\t\t\t\t\t<div class=\"elementor-button-wrapper\">\n\t\t\t\t\t<a class=\"elementor-button elementor-button-link elementor-size-sm\" href=\"https:\/\/recmotestudio.com\/es\/get-in-touch\/\">\n\t\t\t\t\t\t<span class=\"elementor-button-content-wrapper\">\n\t\t\t\t\t\t\t\t\t<span class=\"elementor-button-text\">CONT\u00c1CTANOS<\/span>\n\t\t\t\t\t<\/span>\n\t\t\t\t\t<\/a>\n\t\t\t\t<\/div>\n\t\t\t\t\t\t\t\t<\/div>\n\t\t\t\t<\/div>\n\t\t\t\t\t<\/div>\n\t\t<\/div>\n\t\t\t\t\t<\/div>\n\t\t<\/section>\n\t\t\t\t<\/div>\n\t\t","protected":false},"excerpt":{"rendered":"<p>Doblaje y localizaci\u00f3n de anuncios publicitarios El equipo de producci\u00f3n y los t\u00e9cnicos de sonido de Recmote Studio llevan m\u00e1s de quince a\u00f1os dedic\u00e1ndose a proyectos de localizaci\u00f3n a gran escala. Tenemos amplia experiencia trabajando con algunas de las marcas m\u00e1s importantes del mundo y reversionando miles de anuncios para TV e Internet en los [&hellip;]<\/p>\n","protected":false},"author":1,"featured_media":0,"parent":760,"menu_order":0,"comment_status":"closed","ping_status":"closed","template":"","meta":{"_acf_changed":false,"inline_featured_image":false,"_monsterinsights_skip_tracking":false,"_monsterinsights_sitenote_active":false,"_monsterinsights_sitenote_note":"","_monsterinsights_sitenote_category":0,"footnotes":""},"class_list":["post-6943","page","type-page","status-publish","hentry"],"acf":[],"yoast_head":"<!-- This site is optimized with the Yoast SEO plugin v25.3.1 - https:\/\/yoast.com\/wordpress\/plugins\/seo\/ -->\n<title>Localizaci\u00f3n de anuncios publicitarios en Barcelona | RemoteStudio.com<\/title>\n<meta name=\"description\" content=\"Doblaje y localizaci\u00f3n de anuncios en Recmote Studio. Estudio totalmente equipado y preparado para cualquier tipo de proyecto. \u00a1Cont\u00e1ctanos!\" \/>\n<meta name=\"robots\" content=\"index, follow, max-snippet:-1, max-image-preview:large, max-video-preview:-1\" \/>\n<link rel=\"canonical\" href=\"https:\/\/recmotestudio.com\/es\/servicios\/doblaje-y-localizacion-de-anuncios-publicitarios\/\" \/>\n<meta property=\"og:locale\" content=\"es_ES\" \/>\n<meta property=\"og:type\" content=\"article\" \/>\n<meta property=\"og:title\" content=\"Localizaci\u00f3n de anuncios publicitarios en Barcelona | RemoteStudio.com\" \/>\n<meta property=\"og:description\" content=\"Doblaje y localizaci\u00f3n de anuncios en Recmote Studio. Estudio totalmente equipado y preparado para cualquier tipo de proyecto. \u00a1Cont\u00e1ctanos!\" \/>\n<meta property=\"og:url\" content=\"https:\/\/recmotestudio.com\/es\/servicios\/doblaje-y-localizacion-de-anuncios-publicitarios\/\" \/>\n<meta property=\"og:site_name\" content=\"Recmote\" \/>\n<meta property=\"article:modified_time\" content=\"2023-04-03T17:05:34+00:00\" \/>\n<meta property=\"og:image\" content=\"https:\/\/recmotestudio.com\/wp-content\/uploads\/2023\/03\/Localizacion-de-anuncios-publicitarios.jpg\" \/>\n<meta name=\"twitter:card\" content=\"summary_large_image\" \/>\n<meta name=\"twitter:label1\" content=\"Tiempo de lectura\" \/>\n\t<meta name=\"twitter:data1\" content=\"2 minutos\" \/>\n<script type=\"application\/ld+json\" class=\"yoast-schema-graph\">{\"@context\":\"https:\/\/schema.org\",\"@graph\":[{\"@type\":\"WebPage\",\"@id\":\"https:\/\/recmotestudio.com\/es\/servicios\/doblaje-y-localizacion-de-anuncios-publicitarios\/\",\"url\":\"https:\/\/recmotestudio.com\/es\/servicios\/doblaje-y-localizacion-de-anuncios-publicitarios\/\",\"name\":\"Localizaci\u00f3n de anuncios publicitarios en Barcelona | RemoteStudio.com\",\"isPartOf\":{\"@id\":\"https:\/\/recmotestudio.com\/#website\"},\"primaryImageOfPage\":{\"@id\":\"https:\/\/recmotestudio.com\/es\/servicios\/doblaje-y-localizacion-de-anuncios-publicitarios\/#primaryimage\"},\"image\":{\"@id\":\"https:\/\/recmotestudio.com\/es\/servicios\/doblaje-y-localizacion-de-anuncios-publicitarios\/#primaryimage\"},\"thumbnailUrl\":\"https:\/\/recmotestudio.com\/wp-content\/uploads\/2023\/03\/Localizacion-de-anuncios-publicitarios.jpg\",\"datePublished\":\"2023-03-09T18:02:46+00:00\",\"dateModified\":\"2023-04-03T17:05:34+00:00\",\"description\":\"Doblaje y localizaci\u00f3n de anuncios en Recmote Studio. Estudio totalmente equipado y preparado para cualquier tipo de proyecto. \u00a1Cont\u00e1ctanos!\",\"breadcrumb\":{\"@id\":\"https:\/\/recmotestudio.com\/es\/servicios\/doblaje-y-localizacion-de-anuncios-publicitarios\/#breadcrumb\"},\"inLanguage\":\"es\",\"potentialAction\":[{\"@type\":\"ReadAction\",\"target\":[\"https:\/\/recmotestudio.com\/es\/servicios\/doblaje-y-localizacion-de-anuncios-publicitarios\/\"]}]},{\"@type\":\"ImageObject\",\"inLanguage\":\"es\",\"@id\":\"https:\/\/recmotestudio.com\/es\/servicios\/doblaje-y-localizacion-de-anuncios-publicitarios\/#primaryimage\",\"url\":\"https:\/\/recmotestudio.com\/wp-content\/uploads\/2023\/03\/Localizacion-de-anuncios-publicitarios.jpg\",\"contentUrl\":\"https:\/\/recmotestudio.com\/wp-content\/uploads\/2023\/03\/Localizacion-de-anuncios-publicitarios.jpg\"},{\"@type\":\"BreadcrumbList\",\"@id\":\"https:\/\/recmotestudio.com\/es\/servicios\/doblaje-y-localizacion-de-anuncios-publicitarios\/#breadcrumb\",\"itemListElement\":[{\"@type\":\"ListItem\",\"position\":1,\"name\":\"Home\",\"item\":\"https:\/\/recmotestudio.com\/es\/home-2-3\/\"},{\"@type\":\"ListItem\",\"position\":2,\"name\":\"Servicios\",\"item\":\"https:\/\/recmotestudio.com\/es\/servicios\/\"},{\"@type\":\"ListItem\",\"position\":3,\"name\":\"Doblaje y localizaci\u00f3n de anuncios publicitarios\"}]},{\"@type\":\"WebSite\",\"@id\":\"https:\/\/recmotestudio.com\/#website\",\"url\":\"https:\/\/recmotestudio.com\/\",\"name\":\"Recmote\",\"description\":\"Audio Post Production\",\"publisher\":{\"@id\":\"https:\/\/recmotestudio.com\/#organization\"},\"potentialAction\":[{\"@type\":\"SearchAction\",\"target\":{\"@type\":\"EntryPoint\",\"urlTemplate\":\"https:\/\/recmotestudio.com\/?s={search_term_string}\"},\"query-input\":{\"@type\":\"PropertyValueSpecification\",\"valueRequired\":true,\"valueName\":\"search_term_string\"}}],\"inLanguage\":\"es\"},{\"@type\":\"Organization\",\"@id\":\"https:\/\/recmotestudio.com\/#organization\",\"name\":\"Recmote Studio\",\"url\":\"https:\/\/recmotestudio.com\/\",\"logo\":{\"@type\":\"ImageObject\",\"inLanguage\":\"es\",\"@id\":\"https:\/\/recmotestudio.com\/#\/schema\/logo\/image\/\",\"url\":\"https:\/\/recmotestudio.com\/wp-content\/uploads\/2020\/11\/recmote-logo.svg\",\"contentUrl\":\"https:\/\/recmotestudio.com\/wp-content\/uploads\/2020\/11\/recmote-logo.svg\",\"width\":209,\"height\":30,\"caption\":\"Recmote Studio\"},\"image\":{\"@id\":\"https:\/\/recmotestudio.com\/#\/schema\/logo\/image\/\"},\"sameAs\":[\"https:\/\/www.linkedin.com\/company\/recmote-studio\/\"]}]}<\/script>\n<!-- \/ Yoast SEO plugin. -->","yoast_head_json":{"title":"Localizaci\u00f3n de anuncios publicitarios en Barcelona | RemoteStudio.com","description":"Doblaje y localizaci\u00f3n de anuncios en Recmote Studio. Estudio totalmente equipado y preparado para cualquier tipo de proyecto. \u00a1Cont\u00e1ctanos!","robots":{"index":"index","follow":"follow","max-snippet":"max-snippet:-1","max-image-preview":"max-image-preview:large","max-video-preview":"max-video-preview:-1"},"canonical":"https:\/\/recmotestudio.com\/es\/servicios\/doblaje-y-localizacion-de-anuncios-publicitarios\/","og_locale":"es_ES","og_type":"article","og_title":"Localizaci\u00f3n de anuncios publicitarios en Barcelona | RemoteStudio.com","og_description":"Doblaje y localizaci\u00f3n de anuncios en Recmote Studio. Estudio totalmente equipado y preparado para cualquier tipo de proyecto. \u00a1Cont\u00e1ctanos!","og_url":"https:\/\/recmotestudio.com\/es\/servicios\/doblaje-y-localizacion-de-anuncios-publicitarios\/","og_site_name":"Recmote","article_modified_time":"2023-04-03T17:05:34+00:00","og_image":[{"url":"https:\/\/recmotestudio.com\/wp-content\/uploads\/2023\/03\/Localizacion-de-anuncios-publicitarios.jpg","type":"","width":"","height":""}],"twitter_card":"summary_large_image","twitter_misc":{"Tiempo de lectura":"2 minutos"},"schema":{"@context":"https:\/\/schema.org","@graph":[{"@type":"WebPage","@id":"https:\/\/recmotestudio.com\/es\/servicios\/doblaje-y-localizacion-de-anuncios-publicitarios\/","url":"https:\/\/recmotestudio.com\/es\/servicios\/doblaje-y-localizacion-de-anuncios-publicitarios\/","name":"Localizaci\u00f3n de anuncios publicitarios en Barcelona | RemoteStudio.com","isPartOf":{"@id":"https:\/\/recmotestudio.com\/#website"},"primaryImageOfPage":{"@id":"https:\/\/recmotestudio.com\/es\/servicios\/doblaje-y-localizacion-de-anuncios-publicitarios\/#primaryimage"},"image":{"@id":"https:\/\/recmotestudio.com\/es\/servicios\/doblaje-y-localizacion-de-anuncios-publicitarios\/#primaryimage"},"thumbnailUrl":"https:\/\/recmotestudio.com\/wp-content\/uploads\/2023\/03\/Localizacion-de-anuncios-publicitarios.jpg","datePublished":"2023-03-09T18:02:46+00:00","dateModified":"2023-04-03T17:05:34+00:00","description":"Doblaje y localizaci\u00f3n de anuncios en Recmote Studio. Estudio totalmente equipado y preparado para cualquier tipo de proyecto. \u00a1Cont\u00e1ctanos!","breadcrumb":{"@id":"https:\/\/recmotestudio.com\/es\/servicios\/doblaje-y-localizacion-de-anuncios-publicitarios\/#breadcrumb"},"inLanguage":"es","potentialAction":[{"@type":"ReadAction","target":["https:\/\/recmotestudio.com\/es\/servicios\/doblaje-y-localizacion-de-anuncios-publicitarios\/"]}]},{"@type":"ImageObject","inLanguage":"es","@id":"https:\/\/recmotestudio.com\/es\/servicios\/doblaje-y-localizacion-de-anuncios-publicitarios\/#primaryimage","url":"https:\/\/recmotestudio.com\/wp-content\/uploads\/2023\/03\/Localizacion-de-anuncios-publicitarios.jpg","contentUrl":"https:\/\/recmotestudio.com\/wp-content\/uploads\/2023\/03\/Localizacion-de-anuncios-publicitarios.jpg"},{"@type":"BreadcrumbList","@id":"https:\/\/recmotestudio.com\/es\/servicios\/doblaje-y-localizacion-de-anuncios-publicitarios\/#breadcrumb","itemListElement":[{"@type":"ListItem","position":1,"name":"Home","item":"https:\/\/recmotestudio.com\/es\/home-2-3\/"},{"@type":"ListItem","position":2,"name":"Servicios","item":"https:\/\/recmotestudio.com\/es\/servicios\/"},{"@type":"ListItem","position":3,"name":"Doblaje y localizaci\u00f3n de anuncios publicitarios"}]},{"@type":"WebSite","@id":"https:\/\/recmotestudio.com\/#website","url":"https:\/\/recmotestudio.com\/","name":"Recmote","description":"Audio Post Production","publisher":{"@id":"https:\/\/recmotestudio.com\/#organization"},"potentialAction":[{"@type":"SearchAction","target":{"@type":"EntryPoint","urlTemplate":"https:\/\/recmotestudio.com\/?s={search_term_string}"},"query-input":{"@type":"PropertyValueSpecification","valueRequired":true,"valueName":"search_term_string"}}],"inLanguage":"es"},{"@type":"Organization","@id":"https:\/\/recmotestudio.com\/#organization","name":"Recmote Studio","url":"https:\/\/recmotestudio.com\/","logo":{"@type":"ImageObject","inLanguage":"es","@id":"https:\/\/recmotestudio.com\/#\/schema\/logo\/image\/","url":"https:\/\/recmotestudio.com\/wp-content\/uploads\/2020\/11\/recmote-logo.svg","contentUrl":"https:\/\/recmotestudio.com\/wp-content\/uploads\/2020\/11\/recmote-logo.svg","width":209,"height":30,"caption":"Recmote Studio"},"image":{"@id":"https:\/\/recmotestudio.com\/#\/schema\/logo\/image\/"},"sameAs":["https:\/\/www.linkedin.com\/company\/recmote-studio\/"]}]}},"_links":{"self":[{"href":"https:\/\/recmotestudio.com\/es\/wp-json\/wp\/v2\/pages\/6943"}],"collection":[{"href":"https:\/\/recmotestudio.com\/es\/wp-json\/wp\/v2\/pages"}],"about":[{"href":"https:\/\/recmotestudio.com\/es\/wp-json\/wp\/v2\/types\/page"}],"author":[{"embeddable":true,"href":"https:\/\/recmotestudio.com\/es\/wp-json\/wp\/v2\/users\/1"}],"replies":[{"embeddable":true,"href":"https:\/\/recmotestudio.com\/es\/wp-json\/wp\/v2\/comments?post=6943"}],"version-history":[{"count":0,"href":"https:\/\/recmotestudio.com\/es\/wp-json\/wp\/v2\/pages\/6943\/revisions"}],"up":[{"embeddable":true,"href":"https:\/\/recmotestudio.com\/es\/wp-json\/wp\/v2\/pages\/760"}],"wp:attachment":[{"href":"https:\/\/recmotestudio.com\/es\/wp-json\/wp\/v2\/media?parent=6943"}],"curies":[{"name":"wp","href":"https:\/\/api.w.org\/{rel}","templated":true}]}}