{"id":6897,"date":"2023-03-09T18:02:30","date_gmt":"2023-03-09T18:02:30","guid":{"rendered":"https:\/\/recmotestudio.com\/?page_id=6897"},"modified":"2023-04-03T17:04:15","modified_gmt":"2023-04-03T17:04:15","slug":"casting-de-voces-en-barcelona","status":"publish","type":"page","link":"https:\/\/recmotestudio.com\/es\/servicios\/casting-de-voces-en-barcelona\/","title":{"rendered":"Casting de voces en Barcelona"},"content":{"rendered":"\t\t<div data-elementor-type=\"wp-page\" data-elementor-id=\"6897\" class=\"elementor elementor-6897 elementor-6895\" data-elementor-post-type=\"page\">\n\t\t\t\t\t\t<section class=\"elementor-section elementor-top-section elementor-element elementor-element-6494c34 elementor-section-full_width elementor-section-height-default elementor-section-height-default\" data-id=\"6494c34\" data-element_type=\"section\" data-e-type=\"section\">\n\t\t\t\t\t\t<div class=\"elementor-container elementor-column-gap-default\">\n\t\t\t\t\t<div class=\"elementor-column elementor-col-100 elementor-top-column elementor-element elementor-element-4af67ba\" data-id=\"4af67ba\" data-element_type=\"column\" data-e-type=\"column\">\n\t\t\t<div class=\"elementor-widget-wrap elementor-element-populated\">\n\t\t\t\t\t\t<div class=\"elementor-element elementor-element-ed99669 elementor-widget elementor-widget-menu-anchor\" data-id=\"ed99669\" data-element_type=\"widget\" data-e-type=\"widget\" data-widget_type=\"menu-anchor.default\">\n\t\t\t\t<div class=\"elementor-widget-container\">\n\t\t\t\t\t\t\t<div class=\"elementor-menu-anchor\" id=\"top\"><\/div>\n\t\t\t\t\t\t<\/div>\n\t\t\t\t<\/div>\n\t\t\t\t<div class=\"elementor-element elementor-element-8cb21e4 elementor-widget elementor-widget-heading\" data-id=\"8cb21e4\" data-element_type=\"widget\" data-e-type=\"widget\" data-widget_type=\"heading.default\">\n\t\t\t\t<div class=\"elementor-widget-container\">\n\t\t\t\t\t<h1 class=\"elementor-heading-title elementor-size-default\">Casting de voces<\/h1>\t\t\t\t<\/div>\n\t\t\t\t<\/div>\n\t\t\t\t<div class=\"elementor-element elementor-element-fed228f elementor-widget elementor-widget-text-editor\" data-id=\"fed228f\" data-element_type=\"widget\" data-e-type=\"widget\" data-widget_type=\"text-editor.default\">\n\t\t\t\t<div class=\"elementor-widget-container\">\n\t\t\t\t\t\t\t\t\t<p>En Recmote Studio ofrecemos una amplia selecci\u00f3n de voces nacionales e internacionales, todos ellos son locutores y locutoras profesionales y nativos en su idioma.<\/p>\n<p>No importa qu\u00e9 idioma requieras para tu proyecto de locuci\u00f3n, ya sea en Espa\u00f1a o en el extranjero, encontraremos la voz perfecta para ti.<\/p>\n\t\t\t\t\t\t\t\t<\/div>\n\t\t\t\t<\/div>\n\t\t\t\t\t<\/div>\n\t\t<\/div>\n\t\t\t\t\t<\/div>\n\t\t<\/section>\n\t\t\t\t<section class=\"elementor-section elementor-top-section elementor-element elementor-element-271421e elementor-section-boxed elementor-section-height-default elementor-section-height-default\" data-id=\"271421e\" data-element_type=\"section\" data-e-type=\"section\">\n\t\t\t\t\t\t<div class=\"elementor-container elementor-column-gap-default\">\n\t\t\t\t\t<div class=\"elementor-column elementor-col-100 elementor-top-column elementor-element elementor-element-4863fe6\" data-id=\"4863fe6\" data-element_type=\"column\" data-e-type=\"column\">\n\t\t\t<div class=\"elementor-widget-wrap elementor-element-populated\">\n\t\t\t\t\t\t<div class=\"elementor-element elementor-element-d4b2a16 elementor-widget elementor-widget-image\" data-id=\"d4b2a16\" data-element_type=\"widget\" data-e-type=\"widget\" data-widget_type=\"image.default\">\n\t\t\t\t<div class=\"elementor-widget-container\">\n\t\t\t\t\t\t\t\t\t\t\t\t\t\t\t<img fetchpriority=\"high\" decoding=\"async\" width=\"567\" height=\"378\" src=\"https:\/\/recmotestudio.com\/wp-content\/uploads\/2023\/03\/Casting-de-voces.jpg\" class=\"attachment-large size-large wp-image-6996\" alt=\"\" srcset=\"https:\/\/recmotestudio.com\/wp-content\/uploads\/2023\/03\/Casting-de-voces.jpg 567w, https:\/\/recmotestudio.com\/wp-content\/uploads\/2023\/03\/Casting-de-voces-300x200.jpg 300w\" sizes=\"(max-width: 567px) 100vw, 567px\" \/>\t\t\t\t\t\t\t\t\t\t\t\t\t\t\t<\/div>\n\t\t\t\t<\/div>\n\t\t\t\t\t<\/div>\n\t\t<\/div>\n\t\t\t\t\t<\/div>\n\t\t<\/section>\n\t\t\t\t<section class=\"elementor-section elementor-top-section elementor-element elementor-element-648c012 elementor-section-full_width elementor-section-height-default elementor-section-height-default\" data-id=\"648c012\" data-element_type=\"section\" data-e-type=\"section\">\n\t\t\t\t\t\t<div class=\"elementor-container elementor-column-gap-default\">\n\t\t\t\t\t<div class=\"elementor-column elementor-col-100 elementor-top-column elementor-element elementor-element-716cb5c\" data-id=\"716cb5c\" data-element_type=\"column\" data-e-type=\"column\">\n\t\t\t<div class=\"elementor-widget-wrap elementor-element-populated\">\n\t\t\t\t\t\t<div class=\"elementor-element elementor-element-2c4bcbe elementor-widget elementor-widget-text-editor\" data-id=\"2c4bcbe\" data-element_type=\"widget\" data-e-type=\"widget\" data-widget_type=\"text-editor.default\">\n\t\t\t\t<div class=\"elementor-widget-container\">\n\t\t\t\t\t\t\t\t\t<h2>Casting de voces sin coste<\/h2>\n<p>En Recmote Studio, nos esforzamos por hacer que la b\u00fasqueda de la voz perfecta para tu proyecto sea lo m\u00e1s f\u00e1cil y accesible posible. Por eso, nos alegra ofrecerte el servicio de casting de voces sin coste. No importa cu\u00e1ntas selecciones hagamos hasta encontrar la voz ideal, nunca te cobraremos por este servicio.<\/p>\n<p>\u00a1Elige la voz que mejor se adapte a tus necesidades y comienza a dar vida a tu proyecto!<\/p>\n\t\t\t\t\t\t\t\t<\/div>\n\t\t\t\t<\/div>\n\t\t\t\t<div class=\"elementor-element elementor-element-ef92a2c elementor-widget elementor-widget-text-editor\" data-id=\"ef92a2c\" data-element_type=\"widget\" data-e-type=\"widget\" data-widget_type=\"text-editor.default\">\n\t\t\t\t<div class=\"elementor-widget-container\">\n\t\t\t\t\t\t\t\t\t<h2>Voz para v\u00eddeos y doblaje: tenemos la que buscas<\/h2><p>Tenemos acceso a un amplio banco de voces profesionales, desde actores y cantantes hasta personalidades p\u00fablicas y actores de doblaje.<\/p><p>Trabajamos con los mejores profesionales del sector para garantizar que tu proyecto cumpla tus expectativas. Cont\u00e1ctanos para que podamos ayudarte a encontrar la voz perfecta para tu proyecto.<\/p>\t\t\t\t\t\t\t\t<\/div>\n\t\t\t\t<\/div>\n\t\t\t\t<div class=\"elementor-element elementor-element-1bb8424 elementor-widget elementor-widget-text-editor\" data-id=\"1bb8424\" data-element_type=\"widget\" data-e-type=\"widget\" data-widget_type=\"text-editor.default\">\n\t\t\t\t<div class=\"elementor-widget-container\">\n\t\t\t\t\t\t\t\t\t<h2>Locuciones profesionales<\/h2>\n<p>El equipo de producci\u00f3n de Remote Studio estar\u00e1 contigo en cada paso del proceso. Tanto si ya sabes con qu\u00e9 voz quieres grabar como si necesitas propuestas de casting de voces basadas en el mensaje que quieres transmitir, el tono y el p\u00fablico objetivo.<\/p>\n<p>Adem\u00e1s, comprendemos que a veces los proyectos requieren una atenci\u00f3n especial por manejar tiempos de entrega ajustados, por eso somos flexibles y estamos disponibles las 24 horas del d\u00eda, los 7 d\u00edas de la semana. Queremos ayudarte a cumplir tus plazos de entrega.<\/p>\n\t\t\t\t\t\t\t\t<\/div>\n\t\t\t\t<\/div>\n\t\t\t\t\t<\/div>\n\t\t<\/div>\n\t\t\t\t\t<\/div>\n\t\t<\/section>\n\t\t\t\t<section class=\"elementor-section elementor-top-section elementor-element elementor-element-4818667 elementor-section-boxed elementor-section-height-default elementor-section-height-default\" data-id=\"4818667\" data-element_type=\"section\" data-e-type=\"section\">\n\t\t\t\t\t\t<div class=\"elementor-container elementor-column-gap-default\">\n\t\t\t\t\t<div class=\"elementor-column elementor-col-100 elementor-top-column elementor-element elementor-element-85a0675\" data-id=\"85a0675\" data-element_type=\"column\" data-e-type=\"column\">\n\t\t\t<div class=\"elementor-widget-wrap elementor-element-populated\">\n\t\t\t\t\t\t<div class=\"elementor-element elementor-element-a8a0736 elementor-align-center elementor-widget elementor-widget-button\" data-id=\"a8a0736\" data-element_type=\"widget\" data-e-type=\"widget\" data-widget_type=\"button.default\">\n\t\t\t\t<div class=\"elementor-widget-container\">\n\t\t\t\t\t\t\t\t\t<div class=\"elementor-button-wrapper\">\n\t\t\t\t\t<a class=\"elementor-button elementor-button-link elementor-size-sm\" href=\"https:\/\/recmotestudio.com\/es\/get-in-touch\/\">\n\t\t\t\t\t\t<span class=\"elementor-button-content-wrapper\">\n\t\t\t\t\t\t\t\t\t<span class=\"elementor-button-text\">CONT\u00c1CTANOS<\/span>\n\t\t\t\t\t<\/span>\n\t\t\t\t\t<\/a>\n\t\t\t\t<\/div>\n\t\t\t\t\t\t\t\t<\/div>\n\t\t\t\t<\/div>\n\t\t\t\t\t<\/div>\n\t\t<\/div>\n\t\t\t\t\t<\/div>\n\t\t<\/section>\n\t\t\t\t<\/div>\n\t\t","protected":false},"excerpt":{"rendered":"<p>Casting de voces En Recmote Studio ofrecemos una amplia selecci\u00f3n de voces nacionales e internacionales, todos ellos son locutores y locutoras profesionales y nativos en su idioma. No importa qu\u00e9 idioma requieras para tu proyecto de locuci\u00f3n, ya sea en Espa\u00f1a o en el extranjero, encontraremos la voz perfecta para ti. Casting de voces sin [&hellip;]<\/p>\n","protected":false},"author":1,"featured_media":0,"parent":760,"menu_order":0,"comment_status":"closed","ping_status":"closed","template":"","meta":{"_acf_changed":false,"inline_featured_image":false,"_monsterinsights_skip_tracking":false,"_monsterinsights_sitenote_active":false,"_monsterinsights_sitenote_note":"","_monsterinsights_sitenote_category":0,"footnotes":""},"class_list":["post-6897","page","type-page","status-publish","hentry"],"acf":[],"yoast_head":"<!-- This site is optimized with the Yoast SEO plugin v25.3.1 - https:\/\/yoast.com\/wordpress\/plugins\/seo\/ -->\n<title>Casting de voces en Barcelona | RemoteStudio.com<\/title>\n<meta name=\"description\" content=\"Estudio de locuci\u00f3n Recmote Studio. Totalmente equipado y preparado para cualquier tipo de proyecto. \u00a1Cont\u00e1ctanos!\" \/>\n<meta name=\"robots\" content=\"index, follow, max-snippet:-1, max-image-preview:large, max-video-preview:-1\" \/>\n<link rel=\"canonical\" href=\"https:\/\/recmotestudio.com\/es\/servicios\/casting-de-voces-en-barcelona\/\" \/>\n<meta property=\"og:locale\" content=\"es_ES\" \/>\n<meta property=\"og:type\" content=\"article\" \/>\n<meta property=\"og:title\" content=\"Casting de voces en Barcelona | RemoteStudio.com\" \/>\n<meta property=\"og:description\" content=\"Estudio de locuci\u00f3n Recmote Studio. Totalmente equipado y preparado para cualquier tipo de proyecto. \u00a1Cont\u00e1ctanos!\" \/>\n<meta property=\"og:url\" content=\"https:\/\/recmotestudio.com\/es\/servicios\/casting-de-voces-en-barcelona\/\" \/>\n<meta property=\"og:site_name\" content=\"Recmote\" \/>\n<meta property=\"article:modified_time\" content=\"2023-04-03T17:04:15+00:00\" \/>\n<meta property=\"og:image\" content=\"https:\/\/recmotestudio.com\/wp-content\/uploads\/2023\/03\/Casting-de-voces.jpg\" \/>\n<meta name=\"twitter:card\" content=\"summary_large_image\" \/>\n<meta name=\"twitter:label1\" content=\"Tiempo de lectura\" \/>\n\t<meta name=\"twitter:data1\" content=\"2 minutos\" \/>\n<script type=\"application\/ld+json\" class=\"yoast-schema-graph\">{\"@context\":\"https:\/\/schema.org\",\"@graph\":[{\"@type\":\"WebPage\",\"@id\":\"https:\/\/recmotestudio.com\/es\/servicios\/casting-de-voces-en-barcelona\/\",\"url\":\"https:\/\/recmotestudio.com\/es\/servicios\/casting-de-voces-en-barcelona\/\",\"name\":\"Casting de voces en Barcelona | RemoteStudio.com\",\"isPartOf\":{\"@id\":\"https:\/\/recmotestudio.com\/#website\"},\"primaryImageOfPage\":{\"@id\":\"https:\/\/recmotestudio.com\/es\/servicios\/casting-de-voces-en-barcelona\/#primaryimage\"},\"image\":{\"@id\":\"https:\/\/recmotestudio.com\/es\/servicios\/casting-de-voces-en-barcelona\/#primaryimage\"},\"thumbnailUrl\":\"https:\/\/recmotestudio.com\/wp-content\/uploads\/2023\/03\/Casting-de-voces.jpg\",\"datePublished\":\"2023-03-09T18:02:30+00:00\",\"dateModified\":\"2023-04-03T17:04:15+00:00\",\"description\":\"Estudio de locuci\u00f3n Recmote Studio. Totalmente equipado y preparado para cualquier tipo de proyecto. \u00a1Cont\u00e1ctanos!\",\"breadcrumb\":{\"@id\":\"https:\/\/recmotestudio.com\/es\/servicios\/casting-de-voces-en-barcelona\/#breadcrumb\"},\"inLanguage\":\"es\",\"potentialAction\":[{\"@type\":\"ReadAction\",\"target\":[\"https:\/\/recmotestudio.com\/es\/servicios\/casting-de-voces-en-barcelona\/\"]}]},{\"@type\":\"ImageObject\",\"inLanguage\":\"es\",\"@id\":\"https:\/\/recmotestudio.com\/es\/servicios\/casting-de-voces-en-barcelona\/#primaryimage\",\"url\":\"https:\/\/recmotestudio.com\/wp-content\/uploads\/2023\/03\/Casting-de-voces.jpg\",\"contentUrl\":\"https:\/\/recmotestudio.com\/wp-content\/uploads\/2023\/03\/Casting-de-voces.jpg\"},{\"@type\":\"BreadcrumbList\",\"@id\":\"https:\/\/recmotestudio.com\/es\/servicios\/casting-de-voces-en-barcelona\/#breadcrumb\",\"itemListElement\":[{\"@type\":\"ListItem\",\"position\":1,\"name\":\"Home\",\"item\":\"https:\/\/recmotestudio.com\/es\/home-2-3\/\"},{\"@type\":\"ListItem\",\"position\":2,\"name\":\"Servicios\",\"item\":\"https:\/\/recmotestudio.com\/es\/servicios\/\"},{\"@type\":\"ListItem\",\"position\":3,\"name\":\"Casting de voces en Barcelona\"}]},{\"@type\":\"WebSite\",\"@id\":\"https:\/\/recmotestudio.com\/#website\",\"url\":\"https:\/\/recmotestudio.com\/\",\"name\":\"Recmote\",\"description\":\"Audio Post Production\",\"publisher\":{\"@id\":\"https:\/\/recmotestudio.com\/#organization\"},\"potentialAction\":[{\"@type\":\"SearchAction\",\"target\":{\"@type\":\"EntryPoint\",\"urlTemplate\":\"https:\/\/recmotestudio.com\/?s={search_term_string}\"},\"query-input\":{\"@type\":\"PropertyValueSpecification\",\"valueRequired\":true,\"valueName\":\"search_term_string\"}}],\"inLanguage\":\"es\"},{\"@type\":\"Organization\",\"@id\":\"https:\/\/recmotestudio.com\/#organization\",\"name\":\"Recmote Studio\",\"url\":\"https:\/\/recmotestudio.com\/\",\"logo\":{\"@type\":\"ImageObject\",\"inLanguage\":\"es\",\"@id\":\"https:\/\/recmotestudio.com\/#\/schema\/logo\/image\/\",\"url\":\"https:\/\/recmotestudio.com\/wp-content\/uploads\/2020\/11\/recmote-logo.svg\",\"contentUrl\":\"https:\/\/recmotestudio.com\/wp-content\/uploads\/2020\/11\/recmote-logo.svg\",\"width\":209,\"height\":30,\"caption\":\"Recmote Studio\"},\"image\":{\"@id\":\"https:\/\/recmotestudio.com\/#\/schema\/logo\/image\/\"},\"sameAs\":[\"https:\/\/www.linkedin.com\/company\/recmote-studio\/\"]}]}<\/script>\n<!-- \/ Yoast SEO plugin. -->","yoast_head_json":{"title":"Casting de voces en Barcelona | RemoteStudio.com","description":"Estudio de locuci\u00f3n Recmote Studio. Totalmente equipado y preparado para cualquier tipo de proyecto. \u00a1Cont\u00e1ctanos!","robots":{"index":"index","follow":"follow","max-snippet":"max-snippet:-1","max-image-preview":"max-image-preview:large","max-video-preview":"max-video-preview:-1"},"canonical":"https:\/\/recmotestudio.com\/es\/servicios\/casting-de-voces-en-barcelona\/","og_locale":"es_ES","og_type":"article","og_title":"Casting de voces en Barcelona | RemoteStudio.com","og_description":"Estudio de locuci\u00f3n Recmote Studio. Totalmente equipado y preparado para cualquier tipo de proyecto. \u00a1Cont\u00e1ctanos!","og_url":"https:\/\/recmotestudio.com\/es\/servicios\/casting-de-voces-en-barcelona\/","og_site_name":"Recmote","article_modified_time":"2023-04-03T17:04:15+00:00","og_image":[{"url":"https:\/\/recmotestudio.com\/wp-content\/uploads\/2023\/03\/Casting-de-voces.jpg","type":"","width":"","height":""}],"twitter_card":"summary_large_image","twitter_misc":{"Tiempo de lectura":"2 minutos"},"schema":{"@context":"https:\/\/schema.org","@graph":[{"@type":"WebPage","@id":"https:\/\/recmotestudio.com\/es\/servicios\/casting-de-voces-en-barcelona\/","url":"https:\/\/recmotestudio.com\/es\/servicios\/casting-de-voces-en-barcelona\/","name":"Casting de voces en Barcelona | RemoteStudio.com","isPartOf":{"@id":"https:\/\/recmotestudio.com\/#website"},"primaryImageOfPage":{"@id":"https:\/\/recmotestudio.com\/es\/servicios\/casting-de-voces-en-barcelona\/#primaryimage"},"image":{"@id":"https:\/\/recmotestudio.com\/es\/servicios\/casting-de-voces-en-barcelona\/#primaryimage"},"thumbnailUrl":"https:\/\/recmotestudio.com\/wp-content\/uploads\/2023\/03\/Casting-de-voces.jpg","datePublished":"2023-03-09T18:02:30+00:00","dateModified":"2023-04-03T17:04:15+00:00","description":"Estudio de locuci\u00f3n Recmote Studio. Totalmente equipado y preparado para cualquier tipo de proyecto. \u00a1Cont\u00e1ctanos!","breadcrumb":{"@id":"https:\/\/recmotestudio.com\/es\/servicios\/casting-de-voces-en-barcelona\/#breadcrumb"},"inLanguage":"es","potentialAction":[{"@type":"ReadAction","target":["https:\/\/recmotestudio.com\/es\/servicios\/casting-de-voces-en-barcelona\/"]}]},{"@type":"ImageObject","inLanguage":"es","@id":"https:\/\/recmotestudio.com\/es\/servicios\/casting-de-voces-en-barcelona\/#primaryimage","url":"https:\/\/recmotestudio.com\/wp-content\/uploads\/2023\/03\/Casting-de-voces.jpg","contentUrl":"https:\/\/recmotestudio.com\/wp-content\/uploads\/2023\/03\/Casting-de-voces.jpg"},{"@type":"BreadcrumbList","@id":"https:\/\/recmotestudio.com\/es\/servicios\/casting-de-voces-en-barcelona\/#breadcrumb","itemListElement":[{"@type":"ListItem","position":1,"name":"Home","item":"https:\/\/recmotestudio.com\/es\/home-2-3\/"},{"@type":"ListItem","position":2,"name":"Servicios","item":"https:\/\/recmotestudio.com\/es\/servicios\/"},{"@type":"ListItem","position":3,"name":"Casting de voces en Barcelona"}]},{"@type":"WebSite","@id":"https:\/\/recmotestudio.com\/#website","url":"https:\/\/recmotestudio.com\/","name":"Recmote","description":"Audio Post Production","publisher":{"@id":"https:\/\/recmotestudio.com\/#organization"},"potentialAction":[{"@type":"SearchAction","target":{"@type":"EntryPoint","urlTemplate":"https:\/\/recmotestudio.com\/?s={search_term_string}"},"query-input":{"@type":"PropertyValueSpecification","valueRequired":true,"valueName":"search_term_string"}}],"inLanguage":"es"},{"@type":"Organization","@id":"https:\/\/recmotestudio.com\/#organization","name":"Recmote Studio","url":"https:\/\/recmotestudio.com\/","logo":{"@type":"ImageObject","inLanguage":"es","@id":"https:\/\/recmotestudio.com\/#\/schema\/logo\/image\/","url":"https:\/\/recmotestudio.com\/wp-content\/uploads\/2020\/11\/recmote-logo.svg","contentUrl":"https:\/\/recmotestudio.com\/wp-content\/uploads\/2020\/11\/recmote-logo.svg","width":209,"height":30,"caption":"Recmote Studio"},"image":{"@id":"https:\/\/recmotestudio.com\/#\/schema\/logo\/image\/"},"sameAs":["https:\/\/www.linkedin.com\/company\/recmote-studio\/"]}]}},"_links":{"self":[{"href":"https:\/\/recmotestudio.com\/es\/wp-json\/wp\/v2\/pages\/6897"}],"collection":[{"href":"https:\/\/recmotestudio.com\/es\/wp-json\/wp\/v2\/pages"}],"about":[{"href":"https:\/\/recmotestudio.com\/es\/wp-json\/wp\/v2\/types\/page"}],"author":[{"embeddable":true,"href":"https:\/\/recmotestudio.com\/es\/wp-json\/wp\/v2\/users\/1"}],"replies":[{"embeddable":true,"href":"https:\/\/recmotestudio.com\/es\/wp-json\/wp\/v2\/comments?post=6897"}],"version-history":[{"count":0,"href":"https:\/\/recmotestudio.com\/es\/wp-json\/wp\/v2\/pages\/6897\/revisions"}],"up":[{"embeddable":true,"href":"https:\/\/recmotestudio.com\/es\/wp-json\/wp\/v2\/pages\/760"}],"wp:attachment":[{"href":"https:\/\/recmotestudio.com\/es\/wp-json\/wp\/v2\/media?parent=6897"}],"curies":[{"name":"wp","href":"https:\/\/api.w.org\/{rel}","templated":true}]}}