{"id":6885,"date":"2023-03-09T18:02:20","date_gmt":"2023-03-09T18:02:20","guid":{"rendered":"https:\/\/recmotestudio.com\/?page_id=6885"},"modified":"2025-06-05T08:47:23","modified_gmt":"2025-06-05T08:47:23","slug":"additional-dialog-recording-adr-en-barcelona","status":"publish","type":"page","link":"https:\/\/recmotestudio.com\/es\/servicios\/additional-dialog-recording-adr-en-barcelona\/","title":{"rendered":"Grabaci\u00f3n de di\u00e1logos adicionales ADR en Barcelona"},"content":{"rendered":"\t\t<div data-elementor-type=\"wp-page\" data-elementor-id=\"6885\" class=\"elementor elementor-6885 elementor-6883\" data-elementor-post-type=\"page\">\n\t\t\t\t<div class=\"elementor-element elementor-element-f4cf36c e-flex e-con-boxed e-con e-parent\" data-id=\"f4cf36c\" data-element_type=\"container\" data-e-type=\"container\">\n\t\t\t\t\t<div class=\"e-con-inner\">\n\t\t\t\t<div class=\"elementor-element elementor-element-f7d7aa4 elementor-widget elementor-widget-menu-anchor\" data-id=\"f7d7aa4\" data-element_type=\"widget\" data-e-type=\"widget\" data-widget_type=\"menu-anchor.default\">\n\t\t\t\t<div class=\"elementor-widget-container\">\n\t\t\t\t\t\t\t<div class=\"elementor-menu-anchor\" id=\"top\"><\/div>\n\t\t\t\t\t\t<\/div>\n\t\t\t\t<\/div>\n\t\t\t\t<div class=\"elementor-element elementor-element-c1b4d62 elementor-widget elementor-widget-heading\" data-id=\"c1b4d62\" data-element_type=\"widget\" data-e-type=\"widget\" data-widget_type=\"heading.default\">\n\t\t\t\t<div class=\"elementor-widget-container\">\n\t\t\t\t\t<h1 class=\"elementor-heading-title elementor-size-default\">Servicios ADR<\/h1>\t\t\t\t<\/div>\n\t\t\t\t<\/div>\n\t\t\t\t<div class=\"elementor-element elementor-element-2944463 elementor-widget elementor-widget-text-editor\" data-id=\"2944463\" data-element_type=\"widget\" data-e-type=\"widget\" data-widget_type=\"text-editor.default\">\n\t\t\t\t<div class=\"elementor-widget-container\">\n\t\t\t\t\t\t\t\t\t<p>La grabaci\u00f3n de di\u00e1logos adicionales, tambi\u00e9n conocida como ADR, es un proceso de postproducci\u00f3n de audio en el que se graban di\u00e1logos adicionales para utilizarlos en un medio audiovisual.<\/p><p>En Recmote Studio tenemos una amplia experiencia en proyectos de ADR, tanto nacionales como internacionales.<\/p>\t\t\t\t\t\t\t\t<\/div>\n\t\t\t\t<\/div>\n\t\t\t\t\t<\/div>\n\t\t\t\t<\/div>\n\t\t\t\t<section class=\"elementor-section elementor-top-section elementor-element elementor-element-271421e elementor-section-full_width elementor-section-height-default elementor-section-height-default\" data-id=\"271421e\" data-element_type=\"section\" data-e-type=\"section\">\n\t\t\t\t\t\t<div class=\"elementor-container elementor-column-gap-default\">\n\t\t\t\t\t<div class=\"elementor-column elementor-col-100 elementor-top-column elementor-element elementor-element-4863fe6\" data-id=\"4863fe6\" data-element_type=\"column\" data-e-type=\"column\">\n\t\t\t<div class=\"elementor-widget-wrap elementor-element-populated\">\n\t\t\t\t\t\t<div class=\"elementor-element elementor-element-d4b2a16 elementor-widget elementor-widget-image\" data-id=\"d4b2a16\" data-element_type=\"widget\" data-e-type=\"widget\" data-widget_type=\"image.default\">\n\t\t\t\t<div class=\"elementor-widget-container\">\n\t\t\t\t\t\t\t\t\t\t\t\t\t\t\t<img fetchpriority=\"high\" decoding=\"async\" width=\"567\" height=\"378\" src=\"https:\/\/recmotestudio.com\/wp-content\/uploads\/2023\/03\/ADR.jpg\" class=\"attachment-large size-large wp-image-6989\" alt=\"\" srcset=\"https:\/\/recmotestudio.com\/wp-content\/uploads\/2023\/03\/ADR.jpg 567w, https:\/\/recmotestudio.com\/wp-content\/uploads\/2023\/03\/ADR-300x200.jpg 300w\" sizes=\"(max-width: 567px) 100vw, 567px\" \/>\t\t\t\t\t\t\t\t\t\t\t\t\t\t\t<\/div>\n\t\t\t\t<\/div>\n\t\t\t\t\t<\/div>\n\t\t<\/div>\n\t\t\t\t\t<\/div>\n\t\t<\/section>\n\t\t<div class=\"elementor-element elementor-element-c240aa5 e-flex e-con-boxed e-con e-parent\" data-id=\"c240aa5\" data-element_type=\"container\" data-e-type=\"container\">\n\t\t\t\t\t<div class=\"e-con-inner\">\n\t\t\t\t<div class=\"elementor-element elementor-element-3fde71a elementor-widget elementor-widget-text-editor\" data-id=\"3fde71a\" data-element_type=\"widget\" data-e-type=\"widget\" data-widget_type=\"text-editor.default\">\n\t\t\t\t<div class=\"elementor-widget-container\">\n\t\t\t\t\t\t\t\t\t<h2 class=\"mob-b\">Ubicaci\u00f3n perfecta en Barcelona<\/h2>\nNuestro estudio de grabaci\u00f3n est\u00e1 situado en el centro de Barcelona y perfectamente comunicado para la comodidad de actores y actrices. Adem\u00e1s, est\u00e1 totalmente equipada con la \u00faltima tecnolog\u00eda, lo que nos permite ofrecer un servicio de alta calidad.\t\t\t\t\t\t\t\t<\/div>\n\t\t\t\t<\/div>\n\t\t\t\t<div class=\"elementor-element elementor-element-13d1a00 elementor-widget elementor-widget-text-editor\" data-id=\"13d1a00\" data-element_type=\"widget\" data-e-type=\"widget\" data-widget_type=\"text-editor.default\">\n\t\t\t\t<div class=\"elementor-widget-container\">\n\t\t\t\t\t\t\t\t\t<h2 class=\"mob-b\">Grabaci\u00f3n a distancia<\/h2>\nEn Recmote Studio ofrecemos la posibilidad de monitorizar la grabaci\u00f3n del ADR a distancia y en tiempo real para facilitar el trabajo de nuestros clientes, la gran mayor\u00eda de los cuales se encuentran fuera de Barcelona.\n\nPonte en contacto con nosotros para solicitar un presupuesto sin compromiso.\t\t\t\t\t\t\t\t<\/div>\n\t\t\t\t<\/div>\n\t\t\t\t\t<\/div>\n\t\t\t\t<\/div>\n\t\t\t\t<section class=\"elementor-section elementor-top-section elementor-element elementor-element-3f57cea9 elementor-section-boxed elementor-section-height-default elementor-section-height-default\" data-id=\"3f57cea9\" data-element_type=\"section\" data-e-type=\"section\">\n\t\t\t\t\t\t<div class=\"elementor-container elementor-column-gap-default\">\n\t\t\t\t\t<div class=\"elementor-column elementor-col-100 elementor-top-column elementor-element elementor-element-55084cb4\" data-id=\"55084cb4\" data-element_type=\"column\" data-e-type=\"column\">\n\t\t\t<div class=\"elementor-widget-wrap elementor-element-populated\">\n\t\t\t\t\t\t<div class=\"elementor-element elementor-element-77569edd elementor-align-center elementor-widget elementor-widget-button\" data-id=\"77569edd\" data-element_type=\"widget\" data-e-type=\"widget\" data-widget_type=\"button.default\">\n\t\t\t\t<div class=\"elementor-widget-container\">\n\t\t\t\t\t\t\t\t\t<div class=\"elementor-button-wrapper\">\n\t\t\t\t\t<a class=\"elementor-button elementor-button-link elementor-size-sm\" href=\"https:\/\/recmotestudio.com\/es\/contacto\/\">\n\t\t\t\t\t\t<span class=\"elementor-button-content-wrapper\">\n\t\t\t\t\t\t\t\t\t<span class=\"elementor-button-text\">Ponte en contacto<\/span>\n\t\t\t\t\t<\/span>\n\t\t\t\t\t<\/a>\n\t\t\t\t<\/div>\n\t\t\t\t\t\t\t\t<\/div>\n\t\t\t\t<\/div>\n\t\t\t\t\t<\/div>\n\t\t<\/div>\n\t\t\t\t\t<\/div>\n\t\t<\/section>\n\t\t\t\t<\/div>\n\t\t","protected":false},"excerpt":{"rendered":"<p>Servicios ADR La grabaci\u00f3n de di\u00e1logos adicionales, tambi\u00e9n conocida como ADR, es un proceso de postproducci\u00f3n de audio en el que se graban di\u00e1logos adicionales para utilizarlos en un medio audiovisual. En Recmote Studio tenemos una amplia experiencia en proyectos de ADR, tanto nacionales como internacionales. Ubicaci\u00f3n perfecta en Barcelona Nuestro estudio de grabaci\u00f3n est\u00e1 [&hellip;]<\/p>\n","protected":false},"author":1,"featured_media":0,"parent":760,"menu_order":0,"comment_status":"closed","ping_status":"closed","template":"","meta":{"_acf_changed":false,"inline_featured_image":false,"_monsterinsights_skip_tracking":false,"_monsterinsights_sitenote_active":false,"_monsterinsights_sitenote_note":"","_monsterinsights_sitenote_category":0,"footnotes":""},"class_list":["post-6885","page","type-page","status-publish","hentry"],"acf":[],"yoast_head":"<!-- This site is optimized with the Yoast SEO plugin v25.3.1 - https:\/\/yoast.com\/wordpress\/plugins\/seo\/ -->\n<title>Grabaci\u00f3n adicional de di\u00e1logos ADR en Barcelona | RecmoteStudio.com<\/title>\n<meta name=\"description\" content=\"Servicios ADR en el Estudio Recmote. Estudio de sonido totalmente equipado y preparado para cualquier tipo de proyecto. Ponte en contacto con nosotros\" \/>\n<meta name=\"robots\" content=\"index, follow, max-snippet:-1, max-image-preview:large, max-video-preview:-1\" \/>\n<link rel=\"canonical\" href=\"https:\/\/recmotestudio.com\/es\/servicios\/additional-dialog-recording-adr-en-barcelona\/\" \/>\n<meta property=\"og:locale\" content=\"es_ES\" \/>\n<meta property=\"og:type\" content=\"article\" \/>\n<meta property=\"og:title\" content=\"Grabaci\u00f3n adicional de di\u00e1logos ADR en Barcelona | RecmoteStudio.com\" \/>\n<meta property=\"og:description\" content=\"Servicios ADR en el Estudio Recmote. Estudio de sonido totalmente equipado y preparado para cualquier tipo de proyecto. Ponte en contacto con nosotros\" \/>\n<meta property=\"og:url\" content=\"https:\/\/recmotestudio.com\/es\/servicios\/additional-dialog-recording-adr-en-barcelona\/\" \/>\n<meta property=\"og:site_name\" content=\"Recmote\" \/>\n<meta property=\"article:modified_time\" content=\"2025-06-05T08:47:23+00:00\" \/>\n<meta property=\"og:image\" content=\"https:\/\/recmotestudio.com\/wp-content\/uploads\/2023\/03\/ADR.jpg\" \/>\n\t<meta property=\"og:image:width\" content=\"567\" \/>\n\t<meta property=\"og:image:height\" content=\"378\" \/>\n\t<meta property=\"og:image:type\" content=\"image\/jpeg\" \/>\n<meta name=\"twitter:card\" content=\"summary_large_image\" \/>\n<meta name=\"twitter:label1\" content=\"Tiempo de lectura\" \/>\n\t<meta name=\"twitter:data1\" content=\"1 minuto\" \/>\n<script type=\"application\/ld+json\" class=\"yoast-schema-graph\">{\"@context\":\"https:\/\/schema.org\",\"@graph\":[{\"@type\":\"WebPage\",\"@id\":\"https:\/\/recmotestudio.com\/es\/servicios\/additional-dialog-recording-adr-en-barcelona\/\",\"url\":\"https:\/\/recmotestudio.com\/es\/servicios\/additional-dialog-recording-adr-en-barcelona\/\",\"name\":\"Grabaci\u00f3n adicional de di\u00e1logos ADR en Barcelona | RecmoteStudio.com\",\"isPartOf\":{\"@id\":\"https:\/\/recmotestudio.com\/#website\"},\"primaryImageOfPage\":{\"@id\":\"https:\/\/recmotestudio.com\/es\/servicios\/additional-dialog-recording-adr-en-barcelona\/#primaryimage\"},\"image\":{\"@id\":\"https:\/\/recmotestudio.com\/es\/servicios\/additional-dialog-recording-adr-en-barcelona\/#primaryimage\"},\"thumbnailUrl\":\"https:\/\/recmotestudio.com\/wp-content\/uploads\/2023\/03\/ADR.jpg\",\"datePublished\":\"2023-03-09T18:02:20+00:00\",\"dateModified\":\"2025-06-05T08:47:23+00:00\",\"description\":\"Servicios ADR en el Estudio Recmote. Estudio de sonido totalmente equipado y preparado para cualquier tipo de proyecto. Ponte en contacto con nosotros\",\"breadcrumb\":{\"@id\":\"https:\/\/recmotestudio.com\/es\/servicios\/additional-dialog-recording-adr-en-barcelona\/#breadcrumb\"},\"inLanguage\":\"es\",\"potentialAction\":[{\"@type\":\"ReadAction\",\"target\":[\"https:\/\/recmotestudio.com\/es\/servicios\/additional-dialog-recording-adr-en-barcelona\/\"]}]},{\"@type\":\"ImageObject\",\"inLanguage\":\"es\",\"@id\":\"https:\/\/recmotestudio.com\/es\/servicios\/additional-dialog-recording-adr-en-barcelona\/#primaryimage\",\"url\":\"https:\/\/recmotestudio.com\/wp-content\/uploads\/2023\/03\/ADR.jpg\",\"contentUrl\":\"https:\/\/recmotestudio.com\/wp-content\/uploads\/2023\/03\/ADR.jpg\"},{\"@type\":\"BreadcrumbList\",\"@id\":\"https:\/\/recmotestudio.com\/es\/servicios\/additional-dialog-recording-adr-en-barcelona\/#breadcrumb\",\"itemListElement\":[{\"@type\":\"ListItem\",\"position\":1,\"name\":\"Home\",\"item\":\"https:\/\/recmotestudio.com\/es\/home-2-3\/\"},{\"@type\":\"ListItem\",\"position\":2,\"name\":\"Servicios\",\"item\":\"https:\/\/recmotestudio.com\/es\/servicios\/\"},{\"@type\":\"ListItem\",\"position\":3,\"name\":\"Grabaci\u00f3n de di\u00e1logos adicionales ADR en Barcelona\"}]},{\"@type\":\"WebSite\",\"@id\":\"https:\/\/recmotestudio.com\/#website\",\"url\":\"https:\/\/recmotestudio.com\/\",\"name\":\"Recmote\",\"description\":\"Audio Post Production\",\"publisher\":{\"@id\":\"https:\/\/recmotestudio.com\/#organization\"},\"potentialAction\":[{\"@type\":\"SearchAction\",\"target\":{\"@type\":\"EntryPoint\",\"urlTemplate\":\"https:\/\/recmotestudio.com\/?s={search_term_string}\"},\"query-input\":{\"@type\":\"PropertyValueSpecification\",\"valueRequired\":true,\"valueName\":\"search_term_string\"}}],\"inLanguage\":\"es\"},{\"@type\":\"Organization\",\"@id\":\"https:\/\/recmotestudio.com\/#organization\",\"name\":\"Recmote Studio\",\"url\":\"https:\/\/recmotestudio.com\/\",\"logo\":{\"@type\":\"ImageObject\",\"inLanguage\":\"es\",\"@id\":\"https:\/\/recmotestudio.com\/#\/schema\/logo\/image\/\",\"url\":\"https:\/\/recmotestudio.com\/wp-content\/uploads\/2020\/11\/recmote-logo.svg\",\"contentUrl\":\"https:\/\/recmotestudio.com\/wp-content\/uploads\/2020\/11\/recmote-logo.svg\",\"width\":209,\"height\":30,\"caption\":\"Recmote Studio\"},\"image\":{\"@id\":\"https:\/\/recmotestudio.com\/#\/schema\/logo\/image\/\"},\"sameAs\":[\"https:\/\/www.linkedin.com\/company\/recmote-studio\/\"]}]}<\/script>\n<!-- \/ Yoast SEO plugin. -->","yoast_head_json":{"title":"Grabaci\u00f3n adicional de di\u00e1logos ADR en Barcelona | RecmoteStudio.com","description":"Servicios ADR en el Estudio Recmote. Estudio de sonido totalmente equipado y preparado para cualquier tipo de proyecto. Ponte en contacto con nosotros","robots":{"index":"index","follow":"follow","max-snippet":"max-snippet:-1","max-image-preview":"max-image-preview:large","max-video-preview":"max-video-preview:-1"},"canonical":"https:\/\/recmotestudio.com\/es\/servicios\/additional-dialog-recording-adr-en-barcelona\/","og_locale":"es_ES","og_type":"article","og_title":"Grabaci\u00f3n adicional de di\u00e1logos ADR en Barcelona | RecmoteStudio.com","og_description":"Servicios ADR en el Estudio Recmote. Estudio de sonido totalmente equipado y preparado para cualquier tipo de proyecto. Ponte en contacto con nosotros","og_url":"https:\/\/recmotestudio.com\/es\/servicios\/additional-dialog-recording-adr-en-barcelona\/","og_site_name":"Recmote","article_modified_time":"2025-06-05T08:47:23+00:00","og_image":[{"width":567,"height":378,"url":"https:\/\/recmotestudio.com\/wp-content\/uploads\/2023\/03\/ADR.jpg","type":"image\/jpeg"}],"twitter_card":"summary_large_image","twitter_misc":{"Tiempo de lectura":"1 minuto"},"schema":{"@context":"https:\/\/schema.org","@graph":[{"@type":"WebPage","@id":"https:\/\/recmotestudio.com\/es\/servicios\/additional-dialog-recording-adr-en-barcelona\/","url":"https:\/\/recmotestudio.com\/es\/servicios\/additional-dialog-recording-adr-en-barcelona\/","name":"Grabaci\u00f3n adicional de di\u00e1logos ADR en Barcelona | RecmoteStudio.com","isPartOf":{"@id":"https:\/\/recmotestudio.com\/#website"},"primaryImageOfPage":{"@id":"https:\/\/recmotestudio.com\/es\/servicios\/additional-dialog-recording-adr-en-barcelona\/#primaryimage"},"image":{"@id":"https:\/\/recmotestudio.com\/es\/servicios\/additional-dialog-recording-adr-en-barcelona\/#primaryimage"},"thumbnailUrl":"https:\/\/recmotestudio.com\/wp-content\/uploads\/2023\/03\/ADR.jpg","datePublished":"2023-03-09T18:02:20+00:00","dateModified":"2025-06-05T08:47:23+00:00","description":"Servicios ADR en el Estudio Recmote. Estudio de sonido totalmente equipado y preparado para cualquier tipo de proyecto. Ponte en contacto con nosotros","breadcrumb":{"@id":"https:\/\/recmotestudio.com\/es\/servicios\/additional-dialog-recording-adr-en-barcelona\/#breadcrumb"},"inLanguage":"es","potentialAction":[{"@type":"ReadAction","target":["https:\/\/recmotestudio.com\/es\/servicios\/additional-dialog-recording-adr-en-barcelona\/"]}]},{"@type":"ImageObject","inLanguage":"es","@id":"https:\/\/recmotestudio.com\/es\/servicios\/additional-dialog-recording-adr-en-barcelona\/#primaryimage","url":"https:\/\/recmotestudio.com\/wp-content\/uploads\/2023\/03\/ADR.jpg","contentUrl":"https:\/\/recmotestudio.com\/wp-content\/uploads\/2023\/03\/ADR.jpg"},{"@type":"BreadcrumbList","@id":"https:\/\/recmotestudio.com\/es\/servicios\/additional-dialog-recording-adr-en-barcelona\/#breadcrumb","itemListElement":[{"@type":"ListItem","position":1,"name":"Home","item":"https:\/\/recmotestudio.com\/es\/home-2-3\/"},{"@type":"ListItem","position":2,"name":"Servicios","item":"https:\/\/recmotestudio.com\/es\/servicios\/"},{"@type":"ListItem","position":3,"name":"Grabaci\u00f3n de di\u00e1logos adicionales ADR en Barcelona"}]},{"@type":"WebSite","@id":"https:\/\/recmotestudio.com\/#website","url":"https:\/\/recmotestudio.com\/","name":"Recmote","description":"Audio Post Production","publisher":{"@id":"https:\/\/recmotestudio.com\/#organization"},"potentialAction":[{"@type":"SearchAction","target":{"@type":"EntryPoint","urlTemplate":"https:\/\/recmotestudio.com\/?s={search_term_string}"},"query-input":{"@type":"PropertyValueSpecification","valueRequired":true,"valueName":"search_term_string"}}],"inLanguage":"es"},{"@type":"Organization","@id":"https:\/\/recmotestudio.com\/#organization","name":"Recmote Studio","url":"https:\/\/recmotestudio.com\/","logo":{"@type":"ImageObject","inLanguage":"es","@id":"https:\/\/recmotestudio.com\/#\/schema\/logo\/image\/","url":"https:\/\/recmotestudio.com\/wp-content\/uploads\/2020\/11\/recmote-logo.svg","contentUrl":"https:\/\/recmotestudio.com\/wp-content\/uploads\/2020\/11\/recmote-logo.svg","width":209,"height":30,"caption":"Recmote Studio"},"image":{"@id":"https:\/\/recmotestudio.com\/#\/schema\/logo\/image\/"},"sameAs":["https:\/\/www.linkedin.com\/company\/recmote-studio\/"]}]}},"_links":{"self":[{"href":"https:\/\/recmotestudio.com\/es\/wp-json\/wp\/v2\/pages\/6885"}],"collection":[{"href":"https:\/\/recmotestudio.com\/es\/wp-json\/wp\/v2\/pages"}],"about":[{"href":"https:\/\/recmotestudio.com\/es\/wp-json\/wp\/v2\/types\/page"}],"author":[{"embeddable":true,"href":"https:\/\/recmotestudio.com\/es\/wp-json\/wp\/v2\/users\/1"}],"replies":[{"embeddable":true,"href":"https:\/\/recmotestudio.com\/es\/wp-json\/wp\/v2\/comments?post=6885"}],"version-history":[{"count":2,"href":"https:\/\/recmotestudio.com\/es\/wp-json\/wp\/v2\/pages\/6885\/revisions"}],"predecessor-version":[{"id":10185,"href":"https:\/\/recmotestudio.com\/es\/wp-json\/wp\/v2\/pages\/6885\/revisions\/10185"}],"up":[{"embeddable":true,"href":"https:\/\/recmotestudio.com\/es\/wp-json\/wp\/v2\/pages\/760"}],"wp:attachment":[{"href":"https:\/\/recmotestudio.com\/es\/wp-json\/wp\/v2\/media?parent=6885"}],"curies":[{"name":"wp","href":"https:\/\/api.w.org\/{rel}","templated":true}]}}