{"id":772,"date":"2020-10-12T07:00:17","date_gmt":"2020-10-12T07:00:17","guid":{"rendered":"https:\/\/new.recmotestudio.com\/about-us\/"},"modified":"2025-07-07T10:21:33","modified_gmt":"2025-07-07T10:21:33","slug":"qui-som","status":"publish","type":"page","link":"https:\/\/recmotestudio.com\/ca\/qui-som\/","title":{"rendered":"Sobre nosaltres"},"content":{"rendered":"\t\t<div data-elementor-type=\"wp-page\" data-elementor-id=\"772\" class=\"elementor elementor-772 elementor-23\" data-elementor-post-type=\"page\">\n\t\t\t\t\t\t<section class=\"elementor-section elementor-top-section elementor-element elementor-element-6494c34 elementor-section-full_width elementor-section-height-default elementor-section-height-default\" data-id=\"6494c34\" data-element_type=\"section\" data-e-type=\"section\">\n\t\t\t\t\t\t<div class=\"elementor-container elementor-column-gap-default\">\n\t\t\t\t\t<div class=\"elementor-column elementor-col-100 elementor-top-column elementor-element elementor-element-4af67ba\" data-id=\"4af67ba\" data-element_type=\"column\" data-e-type=\"column\">\n\t\t\t<div class=\"elementor-widget-wrap elementor-element-populated\">\n\t\t\t\t\t\t<div class=\"elementor-element elementor-element-ed99669 elementor-widget elementor-widget-menu-anchor\" data-id=\"ed99669\" data-element_type=\"widget\" data-e-type=\"widget\" data-widget_type=\"menu-anchor.default\">\n\t\t\t\t<div class=\"elementor-widget-container\">\n\t\t\t\t\t\t\t<div class=\"elementor-menu-anchor\" id=\"top\"><\/div>\n\t\t\t\t\t\t<\/div>\n\t\t\t\t<\/div>\n\t\t\t\t<div class=\"elementor-element elementor-element-8cb21e4 elementor-widget elementor-widget-heading\" data-id=\"8cb21e4\" data-element_type=\"widget\" data-e-type=\"widget\" data-widget_type=\"heading.default\">\n\t\t\t\t<div class=\"elementor-widget-container\">\n\t\t\t\t\t<h1 class=\"elementor-heading-title elementor-size-default\"> Qui som<\/h1>\t\t\t\t<\/div>\n\t\t\t\t<\/div>\n\t\t\t\t<div class=\"elementor-element elementor-element-fed228f elementor-widget elementor-widget-text-editor\" data-id=\"fed228f\" data-element_type=\"widget\" data-e-type=\"widget\" data-widget_type=\"text-editor.default\">\n\t\t\t\t<div class=\"elementor-widget-container\">\n\t\t\t\t\t\t\t\t\t<p>Som Recmote Studio, un equip de producci\u00f3 i contractaci\u00f3 de so amb seu a Barcelona amb m\u00e9s de quinze anys d&#8217;experi\u00e8ncia en postproducci\u00f3 de so per a r\u00e0dio, televisi\u00f3 i cinema.<\/p><p>Oferim serveis integrals de postproducci\u00f3 de so en col\u00b7laboraci\u00f3 amb l&#8217;estudi de so G23, adaptats a les necessitats espec\u00edfiques de cada client, tant per a anuncis com per a cinema i tr\u00e0ilers de pel\u00b7l\u00edcules. Tamb\u00e9 treballem estretament amb ag\u00e8ncies d&#8217;arreu del m\u00f3n per oferir serveis de localitzaci\u00f3 i adaptaci\u00f3 de primer nivell per a territoris nacionals i internacionals.<\/p><p>El nostre equip de reserves i producci\u00f3 ajuda els nostres clients a establir contactes amb el c\u00e0sting de veu, els drets d&#8217;\u00fas, els serveis musicals, les llic\u00e8ncies i les negociacions, aix\u00ed com amb el lliurament d&#8217;espots i tr\u00e0ilers.<\/p>\t\t\t\t\t\t\t\t<\/div>\n\t\t\t\t<\/div>\n\t\t\t\t\t<\/div>\n\t\t<\/div>\n\t\t\t\t\t<\/div>\n\t\t<\/section>\n\t\t\t\t<section class=\"elementor-section elementor-top-section elementor-element elementor-element-7947fde8 elementor-section-full_width elementor-section-height-default elementor-section-height-default\" data-id=\"7947fde8\" data-element_type=\"section\" data-e-type=\"section\">\n\t\t\t\t\t\t<div class=\"elementor-container elementor-column-gap-default\">\n\t\t\t\t\t<div class=\"elementor-column elementor-col-33 elementor-top-column elementor-element elementor-element-37e7ec9a\" data-id=\"37e7ec9a\" data-element_type=\"column\" data-e-type=\"column\">\n\t\t\t<div class=\"elementor-widget-wrap elementor-element-populated\">\n\t\t\t\t\t\t<div class=\"elementor-element elementor-element-6cb8b50b elementor-cta--skin-cover elementor-cta--valign-bottom random elementor-widget elementor-widget-call-to-action\" data-id=\"6cb8b50b\" data-element_type=\"widget\" data-e-type=\"widget\" data-widget_type=\"call-to-action.default\">\n\t\t\t\t<div class=\"elementor-widget-container\">\n\t\t\t\t\t\t\t<a class=\"elementor-cta\" href=\"mailto:carolina.salvador@recmotestudio.com\">\n\t\t\t\t\t<div class=\"elementor-cta__bg-wrapper\">\n\t\t\t\t<div class=\"elementor-cta__bg elementor-bg\" style=\"background-image: url(https:\/\/recmotestudio.com\/wp-content\/uploads\/2025\/05\/Carol-GIF-1-768x500.gif);\" role=\"img\" aria-label=\"Carol-GIF\"><\/div>\n\t\t\t\t<div class=\"elementor-cta__bg-overlay\"><\/div>\n\t\t\t<\/div>\n\t\t\t\t\t\t\t<div class=\"elementor-cta__content\">\n\t\t\t\t\t\t\t\t\t<div class=\"elementor-content-item elementor-cta__content-item elementor-cta__image\">\n\t\t\t\t\t\t<img decoding=\"async\" src=\"https:\/\/recmotestudio.com\/wp-content\/uploads\/2020\/10\/Union-1.svg\" title=\"\" alt=\"\" loading=\"lazy\" \/>\t\t\t\t\t<\/div>\n\t\t\t\t\n\t\t\t\t\t\t\t\t\t<h2 class=\"elementor-cta__title elementor-cta__content-item elementor-content-item\">\n\t\t\t\t\t\tCarolina del Salvador\t\t\t\t\t<\/h2>\n\t\t\t\t\n\t\t\t\t\t\t\t\t\t<div class=\"elementor-cta__description elementor-cta__content-item elementor-content-item\">\n\t\t\t\t\t\t<p>Managing partner<\/p>\t\t\t\t\t<\/div>\n\t\t\t\t\n\t\t\t\t\t\t\t<\/div>\n\t\t\t\t\t\t<\/a>\n\t\t\t\t\t\t<\/div>\n\t\t\t\t<\/div>\n\t\t\t\t\t<\/div>\n\t\t<\/div>\n\t\t\t\t<div class=\"elementor-column elementor-col-33 elementor-top-column elementor-element elementor-element-5e86d30b\" data-id=\"5e86d30b\" data-element_type=\"column\" data-e-type=\"column\">\n\t\t\t<div class=\"elementor-widget-wrap elementor-element-populated\">\n\t\t\t\t\t\t<div class=\"elementor-element elementor-element-e207ead elementor-cta--skin-cover elementor-cta--valign-bottom random elementor-widget elementor-widget-call-to-action\" data-id=\"e207ead\" data-element_type=\"widget\" data-e-type=\"widget\" data-widget_type=\"call-to-action.default\">\n\t\t\t\t<div class=\"elementor-widget-container\">\n\t\t\t\t\t\t\t<a class=\"elementor-cta\" href=\"mailto:irene.frances@recmotestudio.com\">\n\t\t\t\t\t<div class=\"elementor-cta__bg-wrapper\">\n\t\t\t\t<div class=\"elementor-cta__bg elementor-bg\" style=\"background-image: url(https:\/\/recmotestudio.com\/wp-content\/uploads\/2025\/05\/Irene-GIF-768x500.gif);\" role=\"img\" aria-label=\"Irene-GIF\"><\/div>\n\t\t\t\t<div class=\"elementor-cta__bg-overlay\"><\/div>\n\t\t\t<\/div>\n\t\t\t\t\t\t\t<div class=\"elementor-cta__content\">\n\t\t\t\t\t\t\t\t\t<div class=\"elementor-content-item elementor-cta__content-item elementor-cta__image\">\n\t\t\t\t\t\t<img decoding=\"async\" src=\"https:\/\/recmotestudio.com\/wp-content\/uploads\/2020\/10\/envelope-red.svg\" title=\"envelope-red\" alt=\"envelope-red\" loading=\"lazy\" \/>\t\t\t\t\t<\/div>\n\t\t\t\t\n\t\t\t\t\t\t\t\t\t<h2 class=\"elementor-cta__title elementor-cta__content-item elementor-content-item\">\n\t\t\t\t\t\tIrene Franc\u00e8s\t\t\t\t\t<\/h2>\n\t\t\t\t\n\t\t\t\t\t\t\t\t\t<div class=\"elementor-cta__description elementor-cta__content-item elementor-content-item\">\n\t\t\t\t\t\t<p>Managing partner<\/p>\t\t\t\t\t<\/div>\n\t\t\t\t\n\t\t\t\t\t\t\t<\/div>\n\t\t\t\t\t\t<\/a>\n\t\t\t\t\t\t<\/div>\n\t\t\t\t<\/div>\n\t\t\t\t\t<\/div>\n\t\t<\/div>\n\t\t\t\t<div class=\"elementor-column elementor-col-33 elementor-top-column elementor-element elementor-element-5245420b\" data-id=\"5245420b\" data-element_type=\"column\" data-e-type=\"column\">\n\t\t\t<div class=\"elementor-widget-wrap elementor-element-populated\">\n\t\t\t\t\t\t<div class=\"elementor-element elementor-element-d7af091 elementor-cta--skin-cover elementor-cta--valign-bottom random elementor-widget elementor-widget-call-to-action\" data-id=\"d7af091\" data-element_type=\"widget\" data-e-type=\"widget\" data-widget_type=\"call-to-action.default\">\n\t\t\t\t<div class=\"elementor-widget-container\">\n\t\t\t\t\t\t\t<a class=\"elementor-cta\" href=\"mailto:lucia.olalla@recmotestudio.com\">\n\t\t\t\t\t<div class=\"elementor-cta__bg-wrapper\">\n\t\t\t\t<div class=\"elementor-cta__bg elementor-bg\" style=\"background-image: url(https:\/\/recmotestudio.com\/wp-content\/uploads\/2025\/05\/Lucia-GIF-768x500.gif);\" role=\"img\" aria-label=\"Lucia-GIF\"><\/div>\n\t\t\t\t<div class=\"elementor-cta__bg-overlay\"><\/div>\n\t\t\t<\/div>\n\t\t\t\t\t\t\t<div class=\"elementor-cta__content\">\n\t\t\t\t\t\t\t\t\t<div class=\"elementor-content-item elementor-cta__content-item elementor-cta__image\">\n\t\t\t\t\t\t<img decoding=\"async\" src=\"https:\/\/recmotestudio.com\/wp-content\/uploads\/2020\/10\/envelope-black.svg\" title=\"envelope-black\" alt=\"envelope-black\" loading=\"lazy\" \/>\t\t\t\t\t<\/div>\n\t\t\t\t\n\t\t\t\t\t\t\t\t\t<h2 class=\"elementor-cta__title elementor-cta__content-item elementor-content-item\">\n\t\t\t\t\t\tLl\u00facia Olalla\t\t\t\t\t<\/h2>\n\t\t\t\t\n\t\t\t\t\t\t\t\t\t<div class=\"elementor-cta__description elementor-cta__content-item elementor-content-item\">\n\t\t\t\t\t\t<p>Prodution partnerships manager<\/p>\t\t\t\t\t<\/div>\n\t\t\t\t\n\t\t\t\t\t\t\t<\/div>\n\t\t\t\t\t\t<\/a>\n\t\t\t\t\t\t<\/div>\n\t\t\t\t<\/div>\n\t\t\t\t\t<\/div>\n\t\t<\/div>\n\t\t\t\t\t<\/div>\n\t\t<\/section>\n\t\t\t\t<section class=\"elementor-section elementor-top-section elementor-element elementor-element-4fc4072d elementor-section-full_width elementor-section-height-default elementor-section-height-default\" data-id=\"4fc4072d\" data-element_type=\"section\" data-e-type=\"section\">\n\t\t\t\t\t\t<div class=\"elementor-container elementor-column-gap-default\">\n\t\t\t\t\t<div class=\"elementor-column elementor-col-100 elementor-top-column elementor-element elementor-element-1b81663\" data-id=\"1b81663\" data-element_type=\"column\" data-e-type=\"column\">\n\t\t\t<div class=\"elementor-widget-wrap elementor-element-populated\">\n\t\t\t\t\t\t<div class=\"elementor-element elementor-element-cbfc2a9 elementor-cta--skin-cover elementor-cta--valign-bottom elementor-widget elementor-widget-call-to-action\" data-id=\"cbfc2a9\" data-element_type=\"widget\" data-e-type=\"widget\" data-widget_type=\"call-to-action.default\">\n\t\t\t\t<div class=\"elementor-widget-container\">\n\t\t\t\t\t\t\t<a class=\"elementor-cta\" href=\"https:\/\/www.g23.es\/\" target=\"_blank\">\n\t\t\t\t\t<div class=\"elementor-cta__bg-wrapper\">\n\t\t\t\t<div class=\"elementor-cta__bg elementor-bg\" style=\"background-image: url();\" role=\"img\" aria-label=\"\"><\/div>\n\t\t\t\t<div class=\"elementor-cta__bg-overlay\"><\/div>\n\t\t\t<\/div>\n\t\t\t\t\t\t\t<div class=\"elementor-cta__content\">\n\t\t\t\t\t\t\t\t\t<div class=\"elementor-content-item elementor-cta__content-item elementor-icon-wrapper elementor-cta__icon elementor-view-default\">\n\t\t\t\t\t\t<div class=\"elementor-icon\">\n\t\t\t\t\t\t\t<svg xmlns=\"http:\/\/www.w3.org\/2000\/svg\" width=\"1060\" height=\"522\" viewBox=\"0 0 1060 522\" fill=\"none\"><path d=\"M184.43 234.695H366.539V339.109C365.602 390.438 348.023 433.445 313.805 468.133C279.352 502.586 235.992 520.281 183.727 521.219C143.414 520.281 109.781 510.438 82.8281 491.688C55.4062 473.641 35.4844 452.781 23.0625 429.109C19.3125 421.375 15.9141 413.992 12.8672 406.961C10.0547 399.695 7.71094 390.555 5.83594 379.539C2.32031 358.914 0.5625 319.305 0.5625 260.711C0.5625 201.18 2.32031 161.336 5.83594 141.18C9.58594 121.023 15.3281 104.734 23.0625 92.3125C35.4844 68.6406 55.4062 47.5469 82.8281 29.0312C109.781 10.2812 143.414 0.671875 183.727 0.203125C233.18 0.671875 273.492 15.3203 304.664 44.1484C335.836 73.2109 355.523 109.188 363.727 152.078H281.461C275.133 131.453 263.648 113.875 247.008 99.3438C229.664 85.5156 208.57 78.3672 183.727 77.8984C165.445 78.3672 149.742 82 136.617 88.7969C123.258 95.8281 112.477 104.617 104.273 115.164C94.1953 126.18 87.5156 140.359 84.2344 157.703C80.4844 175.984 78.6094 210.32 78.6094 260.711C78.6094 311.102 80.4844 345.203 84.2344 363.016C87.5156 380.828 94.1953 395.242 104.273 406.258C112.477 416.805 123.258 425.359 136.617 431.922C149.742 439.656 165.445 443.523 183.727 443.523C213.961 443.523 238.922 433.211 258.609 412.586C278.297 392.898 288.375 367 288.844 334.891V308.172H184.43V234.695Z\" fill=\"#21212B\"><\/path><path d=\"M426.656 447.742L626.695 197.43C634.43 187.352 639.703 177.977 642.516 169.305C644.391 161.102 645.328 153.367 645.328 146.102C645.328 126.883 639.352 110.125 627.398 95.8281C614.977 81.5312 597.398 74.1484 574.664 73.6797C554.508 73.6797 537.75 80.125 524.391 93.0156C510.562 105.906 502.359 124.07 499.781 147.508H426.656C428.531 104.852 442.828 69.5781 469.547 41.6875C496.5 14.5 529.664 0.671875 569.039 0.203125C613.102 0.671875 648.844 14.7344 676.266 42.3906C704.156 69.8125 718.336 104.617 718.805 146.805C718.805 180.555 708.492 210.555 687.867 236.805L522.984 443.523H718.805V517H426.656V447.742Z\" fill=\"#21212B\"><\/path><path d=\"M875.953 220.281H901.266C926.344 220.281 945.797 213.367 959.625 199.539C973.453 186.18 980.367 168.836 980.367 147.508C979.898 125.945 972.75 108.25 958.922 94.4219C945.094 81.0625 927.281 74.1484 905.484 73.6797C889.781 73.6797 875.484 78.7188 862.594 88.7969C849 98.875 839.859 114.461 835.172 135.555H761.695C765.445 97.5859 780.797 65.5938 807.75 39.5781C834.234 13.7969 865.875 0.671875 902.672 0.203125C949.312 0.671875 986.344 15.5547 1013.77 44.8516C1040.02 73.4453 1053.38 107.195 1053.84 146.102C1053.84 165.789 1050.33 184.773 1043.3 203.055C1035.09 221.336 1020.45 237.625 999.352 251.922C1020.91 265.984 1036.5 282.859 1046.11 302.547C1055.25 322.234 1059.82 342.859 1059.82 364.422C1059.35 412.469 1044.47 450.32 1015.17 477.977C986.344 506.336 949.312 520.75 904.078 521.219C869.156 521.219 838.219 509.969 811.266 487.469C784.312 464.969 766.852 432.391 758.883 389.734H832.359C838.922 406.844 848.18 420.672 860.133 431.219C872.32 442.234 888.492 447.742 908.648 447.742C930.211 447.742 948.375 440.359 963.141 425.594C978.141 411.766 985.875 392.078 986.344 366.531C985.875 340.516 978.141 320.359 963.141 306.062C948.375 292.234 929.625 285.32 906.891 285.32H875.953V220.281Z\" fill=\"#21212B\"><\/path><\/svg>\t\t\t\t\t\t<\/div>\n\t\t\t\t\t<\/div>\n\t\t\t\t\n\t\t\t\t\t\t\t\t\t<h2 class=\"elementor-cta__title elementor-cta__content-item elementor-content-item\">\n\t\t\t\t\t\tcol\u00b7laboraci\u00f3 d'estudis de so\t\t\t\t\t<\/h2>\n\t\t\t\t\n\t\t\t\t\t\t\t\t\t<div class=\"elementor-cta__description elementor-cta__content-item elementor-content-item\">\n\t\t\t\t\t\t<p>Equip d'enginyers de so<\/p>\t\t\t\t\t<\/div>\n\t\t\t\t\n\t\t\t\t\t\t\t<\/div>\n\t\t\t\t\t\t<\/a>\n\t\t\t\t\t\t<\/div>\n\t\t\t\t<\/div>\n\t\t\t\t\t<\/div>\n\t\t<\/div>\n\t\t\t\t\t<\/div>\n\t\t<\/section>\n\t\t\t\t<\/div>\n\t\t","protected":false},"excerpt":{"rendered":"<p>Qui som Som Recmote Studio, un equip de producci\u00f3 i contractaci\u00f3 de so amb seu a Barcelona amb m\u00e9s de quinze anys d&#8217;experi\u00e8ncia en postproducci\u00f3 de so per a r\u00e0dio, televisi\u00f3 i cinema. Oferim serveis integrals de postproducci\u00f3 de so en col\u00b7laboraci\u00f3 amb l&#8217;estudi de so G23, adaptats a les necessitats espec\u00edfiques de cada client, [&hellip;]<\/p>\n","protected":false},"author":1,"featured_media":0,"parent":0,"menu_order":0,"comment_status":"closed","ping_status":"closed","template":"","meta":{"_acf_changed":false,"inline_featured_image":false,"_monsterinsights_skip_tracking":false,"_monsterinsights_sitenote_active":false,"_monsterinsights_sitenote_note":"","_monsterinsights_sitenote_category":0,"footnotes":""},"class_list":["post-772","page","type-page","status-publish","hentry"],"acf":[],"yoast_head":"<!-- This site is optimized with the Yoast SEO plugin v25.3.1 - https:\/\/yoast.com\/wordpress\/plugins\/seo\/ -->\n<title>Recmote Studio - Sobre nosaltres<\/title>\n<meta name=\"description\" content=\"Descobreix un equip de producci\u00f3 i contractaci\u00f3 a Barcelona amb experi\u00e8ncia en postproducci\u00f3 de so per a projectes nacionals i internacionals \ud83d\ude0e \ud83c\udf0d\" \/>\n<meta name=\"robots\" content=\"index, follow, max-snippet:-1, max-image-preview:large, max-video-preview:-1\" \/>\n<link rel=\"canonical\" href=\"https:\/\/recmotestudio.com\/ca\/qui-som\/\" \/>\n<meta property=\"og:locale\" content=\"ca_ES\" \/>\n<meta property=\"og:type\" content=\"article\" \/>\n<meta property=\"og:title\" content=\"Recmote Studio - Sobre nosaltres\" \/>\n<meta property=\"og:description\" content=\"Descobreix un equip de producci\u00f3 i contractaci\u00f3 a Barcelona amb experi\u00e8ncia en postproducci\u00f3 de so per a projectes nacionals i internacionals \ud83d\ude0e \ud83c\udf0d\" \/>\n<meta property=\"og:url\" content=\"https:\/\/recmotestudio.com\/ca\/qui-som\/\" \/>\n<meta property=\"og:site_name\" content=\"Recmote\" \/>\n<meta property=\"article:modified_time\" content=\"2025-07-07T10:21:33+00:00\" \/>\n<meta property=\"og:image\" content=\"https:\/\/recmotestudio.com\/wp-content\/uploads\/2020\/10\/Union-1.svg\" \/>\n<meta name=\"twitter:card\" content=\"summary_large_image\" \/>\n<meta name=\"twitter:label1\" content=\"Temps estimat de lectura\" \/>\n\t<meta name=\"twitter:data1\" content=\"1 minut\" \/>\n<script type=\"application\/ld+json\" class=\"yoast-schema-graph\">{\"@context\":\"https:\/\/schema.org\",\"@graph\":[{\"@type\":\"WebPage\",\"@id\":\"https:\/\/recmotestudio.com\/ca\/qui-som\/\",\"url\":\"https:\/\/recmotestudio.com\/ca\/qui-som\/\",\"name\":\"Recmote Studio - Sobre nosaltres\",\"isPartOf\":{\"@id\":\"https:\/\/recmotestudio.com\/#website\"},\"primaryImageOfPage\":{\"@id\":\"https:\/\/recmotestudio.com\/ca\/qui-som\/#primaryimage\"},\"image\":{\"@id\":\"https:\/\/recmotestudio.com\/ca\/qui-som\/#primaryimage\"},\"thumbnailUrl\":\"https:\/\/recmotestudio.com\/wp-content\/uploads\/2020\/10\/Union-1.svg\",\"datePublished\":\"2020-10-12T07:00:17+00:00\",\"dateModified\":\"2025-07-07T10:21:33+00:00\",\"description\":\"Descobreix un equip de producci\u00f3 i contractaci\u00f3 a Barcelona amb experi\u00e8ncia en postproducci\u00f3 de so per a projectes nacionals i internacionals \ud83d\ude0e \ud83c\udf0d\",\"breadcrumb\":{\"@id\":\"https:\/\/recmotestudio.com\/ca\/qui-som\/#breadcrumb\"},\"inLanguage\":\"ca\",\"potentialAction\":[{\"@type\":\"ReadAction\",\"target\":[\"https:\/\/recmotestudio.com\/ca\/qui-som\/\"]}]},{\"@type\":\"ImageObject\",\"inLanguage\":\"ca\",\"@id\":\"https:\/\/recmotestudio.com\/ca\/qui-som\/#primaryimage\",\"url\":\"https:\/\/recmotestudio.com\/wp-content\/uploads\/2020\/10\/Union-1.svg\",\"contentUrl\":\"https:\/\/recmotestudio.com\/wp-content\/uploads\/2020\/10\/Union-1.svg\"},{\"@type\":\"BreadcrumbList\",\"@id\":\"https:\/\/recmotestudio.com\/ca\/qui-som\/#breadcrumb\",\"itemListElement\":[{\"@type\":\"ListItem\",\"position\":1,\"name\":\"Home\",\"item\":\"https:\/\/recmotestudio.com\/ca\/home-2\/\"},{\"@type\":\"ListItem\",\"position\":2,\"name\":\"Sobre nosaltres\"}]},{\"@type\":\"WebSite\",\"@id\":\"https:\/\/recmotestudio.com\/#website\",\"url\":\"https:\/\/recmotestudio.com\/\",\"name\":\"Recmote\",\"description\":\"Audio Post Production\",\"publisher\":{\"@id\":\"https:\/\/recmotestudio.com\/#organization\"},\"potentialAction\":[{\"@type\":\"SearchAction\",\"target\":{\"@type\":\"EntryPoint\",\"urlTemplate\":\"https:\/\/recmotestudio.com\/?s={search_term_string}\"},\"query-input\":{\"@type\":\"PropertyValueSpecification\",\"valueRequired\":true,\"valueName\":\"search_term_string\"}}],\"inLanguage\":\"ca\"},{\"@type\":\"Organization\",\"@id\":\"https:\/\/recmotestudio.com\/#organization\",\"name\":\"Recmote Studio\",\"url\":\"https:\/\/recmotestudio.com\/\",\"logo\":{\"@type\":\"ImageObject\",\"inLanguage\":\"ca\",\"@id\":\"https:\/\/recmotestudio.com\/#\/schema\/logo\/image\/\",\"url\":\"https:\/\/recmotestudio.com\/wp-content\/uploads\/2020\/11\/recmote-logo.svg\",\"contentUrl\":\"https:\/\/recmotestudio.com\/wp-content\/uploads\/2020\/11\/recmote-logo.svg\",\"width\":209,\"height\":30,\"caption\":\"Recmote Studio\"},\"image\":{\"@id\":\"https:\/\/recmotestudio.com\/#\/schema\/logo\/image\/\"},\"sameAs\":[\"https:\/\/www.linkedin.com\/company\/recmote-studio\/\"]}]}<\/script>\n<!-- \/ Yoast SEO plugin. -->","yoast_head_json":{"title":"Recmote Studio - Sobre nosaltres","description":"Descobreix un equip de producci\u00f3 i contractaci\u00f3 a Barcelona amb experi\u00e8ncia en postproducci\u00f3 de so per a projectes nacionals i internacionals \ud83d\ude0e \ud83c\udf0d","robots":{"index":"index","follow":"follow","max-snippet":"max-snippet:-1","max-image-preview":"max-image-preview:large","max-video-preview":"max-video-preview:-1"},"canonical":"https:\/\/recmotestudio.com\/ca\/qui-som\/","og_locale":"ca_ES","og_type":"article","og_title":"Recmote Studio - Sobre nosaltres","og_description":"Descobreix un equip de producci\u00f3 i contractaci\u00f3 a Barcelona amb experi\u00e8ncia en postproducci\u00f3 de so per a projectes nacionals i internacionals \ud83d\ude0e \ud83c\udf0d","og_url":"https:\/\/recmotestudio.com\/ca\/qui-som\/","og_site_name":"Recmote","article_modified_time":"2025-07-07T10:21:33+00:00","og_image":[{"url":"https:\/\/recmotestudio.com\/wp-content\/uploads\/2020\/10\/Union-1.svg","type":"","width":"","height":""}],"twitter_card":"summary_large_image","twitter_misc":{"Temps estimat de lectura":"1 minut"},"schema":{"@context":"https:\/\/schema.org","@graph":[{"@type":"WebPage","@id":"https:\/\/recmotestudio.com\/ca\/qui-som\/","url":"https:\/\/recmotestudio.com\/ca\/qui-som\/","name":"Recmote Studio - Sobre nosaltres","isPartOf":{"@id":"https:\/\/recmotestudio.com\/#website"},"primaryImageOfPage":{"@id":"https:\/\/recmotestudio.com\/ca\/qui-som\/#primaryimage"},"image":{"@id":"https:\/\/recmotestudio.com\/ca\/qui-som\/#primaryimage"},"thumbnailUrl":"https:\/\/recmotestudio.com\/wp-content\/uploads\/2020\/10\/Union-1.svg","datePublished":"2020-10-12T07:00:17+00:00","dateModified":"2025-07-07T10:21:33+00:00","description":"Descobreix un equip de producci\u00f3 i contractaci\u00f3 a Barcelona amb experi\u00e8ncia en postproducci\u00f3 de so per a projectes nacionals i internacionals \ud83d\ude0e \ud83c\udf0d","breadcrumb":{"@id":"https:\/\/recmotestudio.com\/ca\/qui-som\/#breadcrumb"},"inLanguage":"ca","potentialAction":[{"@type":"ReadAction","target":["https:\/\/recmotestudio.com\/ca\/qui-som\/"]}]},{"@type":"ImageObject","inLanguage":"ca","@id":"https:\/\/recmotestudio.com\/ca\/qui-som\/#primaryimage","url":"https:\/\/recmotestudio.com\/wp-content\/uploads\/2020\/10\/Union-1.svg","contentUrl":"https:\/\/recmotestudio.com\/wp-content\/uploads\/2020\/10\/Union-1.svg"},{"@type":"BreadcrumbList","@id":"https:\/\/recmotestudio.com\/ca\/qui-som\/#breadcrumb","itemListElement":[{"@type":"ListItem","position":1,"name":"Home","item":"https:\/\/recmotestudio.com\/ca\/home-2\/"},{"@type":"ListItem","position":2,"name":"Sobre nosaltres"}]},{"@type":"WebSite","@id":"https:\/\/recmotestudio.com\/#website","url":"https:\/\/recmotestudio.com\/","name":"Recmote","description":"Audio Post Production","publisher":{"@id":"https:\/\/recmotestudio.com\/#organization"},"potentialAction":[{"@type":"SearchAction","target":{"@type":"EntryPoint","urlTemplate":"https:\/\/recmotestudio.com\/?s={search_term_string}"},"query-input":{"@type":"PropertyValueSpecification","valueRequired":true,"valueName":"search_term_string"}}],"inLanguage":"ca"},{"@type":"Organization","@id":"https:\/\/recmotestudio.com\/#organization","name":"Recmote Studio","url":"https:\/\/recmotestudio.com\/","logo":{"@type":"ImageObject","inLanguage":"ca","@id":"https:\/\/recmotestudio.com\/#\/schema\/logo\/image\/","url":"https:\/\/recmotestudio.com\/wp-content\/uploads\/2020\/11\/recmote-logo.svg","contentUrl":"https:\/\/recmotestudio.com\/wp-content\/uploads\/2020\/11\/recmote-logo.svg","width":209,"height":30,"caption":"Recmote Studio"},"image":{"@id":"https:\/\/recmotestudio.com\/#\/schema\/logo\/image\/"},"sameAs":["https:\/\/www.linkedin.com\/company\/recmote-studio\/"]}]}},"_links":{"self":[{"href":"https:\/\/recmotestudio.com\/ca\/wp-json\/wp\/v2\/pages\/772"}],"collection":[{"href":"https:\/\/recmotestudio.com\/ca\/wp-json\/wp\/v2\/pages"}],"about":[{"href":"https:\/\/recmotestudio.com\/ca\/wp-json\/wp\/v2\/types\/page"}],"author":[{"embeddable":true,"href":"https:\/\/recmotestudio.com\/ca\/wp-json\/wp\/v2\/users\/1"}],"replies":[{"embeddable":true,"href":"https:\/\/recmotestudio.com\/ca\/wp-json\/wp\/v2\/comments?post=772"}],"version-history":[{"count":8,"href":"https:\/\/recmotestudio.com\/ca\/wp-json\/wp\/v2\/pages\/772\/revisions"}],"predecessor-version":[{"id":10319,"href":"https:\/\/recmotestudio.com\/ca\/wp-json\/wp\/v2\/pages\/772\/revisions\/10319"}],"wp:attachment":[{"href":"https:\/\/recmotestudio.com\/ca\/wp-json\/wp\/v2\/media?parent=772"}],"curies":[{"name":"wp","href":"https:\/\/api.w.org\/{rel}","templated":true}]}}