{"id":7092,"date":"2023-03-07T13:20:22","date_gmt":"2023-03-07T13:20:22","guid":{"rendered":"https:\/\/recmotestudio.com\/?page_id=7092"},"modified":"2026-03-12T14:42:44","modified_gmt":"2026-03-12T14:42:44","slug":"professionals-del-so","status":"publish","type":"page","link":"https:\/\/recmotestudio.com\/ca\/professionals-del-so\/","title":{"rendered":"Professionals del so"},"content":{"rendered":"\t\t<div data-elementor-type=\"wp-page\" data-elementor-id=\"7092\" class=\"elementor elementor-7092 elementor-7091\" data-elementor-post-type=\"page\">\n\t\t\t\t<div class=\"elementor-element elementor-element-b9cf828 e-flex e-con-boxed e-con e-parent\" data-id=\"b9cf828\" data-element_type=\"container\" data-e-type=\"container\">\n\t\t\t\t\t<div class=\"e-con-inner\">\n\t\t\t\t<div class=\"elementor-element elementor-element-f511e28 elementor-widget elementor-widget-menu-anchor\" data-id=\"f511e28\" data-element_type=\"widget\" data-e-type=\"widget\" data-widget_type=\"menu-anchor.default\">\n\t\t\t\t<div class=\"elementor-widget-container\">\n\t\t\t\t\t\t\t<div class=\"elementor-menu-anchor\" id=\"top\"><\/div>\n\t\t\t\t\t\t<\/div>\n\t\t\t\t<\/div>\n\t\t\t\t<div class=\"elementor-element elementor-element-9c9cbac elementor-widget elementor-widget-heading\" data-id=\"9c9cbac\" data-element_type=\"widget\" data-e-type=\"widget\" data-widget_type=\"heading.default\">\n\t\t\t\t<div class=\"elementor-widget-container\">\n\t\t\t\t\t<h1 class=\"elementor-heading-title elementor-size-default\">Sobre nosaltres<\/h1>\t\t\t\t<\/div>\n\t\t\t\t<\/div>\n\t\t\t\t<div class=\"elementor-element elementor-element-fdc34f2 elementor-widget elementor-widget-text-editor\" data-id=\"fdc34f2\" data-element_type=\"widget\" data-e-type=\"widget\" data-widget_type=\"text-editor.default\">\n\t\t\t\t<div class=\"elementor-widget-container\">\n\t\t\t\t\t\t\t\t\t<p>Som Recmote Studio, un centre de disseny de so i \u00e0udio a Barcelona fundat per especialistes amb m\u00e9s de deu anys d&#8217;experi\u00e8ncia en postproducci\u00f3 de so per a r\u00e0dio, televisi\u00f3 i cinema.<\/p>\n<p>En col\u00b7laboraci\u00f3 amb l&#8217;estudi de so G23, oferim serveis integrals de postproducci\u00f3 de so per a anuncis i tr\u00e0ilers de pel\u00b7l\u00edcules, aix\u00ed com reversions i localitzaci\u00f3 tant per al mercat nacional com internacional.<\/p>\n<p>El nostre equip de reserves i producci\u00f3 ajuda els nostres clients a establir contactes amb el c\u00e0sting de veu, els drets d&#8217;\u00fas, els serveis musicals, les llic\u00e8ncies i les negociacions, aix\u00ed com amb el lliurament puntual.<\/p>\t\t\t\t\t\t\t\t<\/div>\n\t\t\t\t<\/div>\n\t\t\t\t\t<\/div>\n\t\t\t\t<\/div>\n\t\t\t\t<section class=\"elementor-section elementor-top-section elementor-element elementor-element-7947fde8 elementor-section-full_width elementor-section-height-default elementor-section-height-default\" data-id=\"7947fde8\" data-element_type=\"section\" data-e-type=\"section\">\n\t\t\t\t\t\t<div class=\"elementor-container elementor-column-gap-default\">\n\t\t\t\t\t<div class=\"elementor-column elementor-col-33 elementor-top-column elementor-element elementor-element-37e7ec9a\" data-id=\"37e7ec9a\" data-element_type=\"column\" data-e-type=\"column\">\n\t\t\t<div class=\"elementor-widget-wrap elementor-element-populated\">\n\t\t\t\t\t\t<div class=\"elementor-element elementor-element-6cb8b50b elementor-cta--skin-cover elementor-cta--valign-bottom elementor-widget elementor-widget-call-to-action\" data-id=\"6cb8b50b\" data-element_type=\"widget\" data-e-type=\"widget\" data-widget_type=\"call-to-action.default\">\n\t\t\t\t<div class=\"elementor-widget-container\">\n\t\t\t\t\t\t\t<a class=\"elementor-cta\" href=\"mailto:carolina.salvador@recmotestudio.com\">\n\t\t\t\t\t<div class=\"elementor-cta__bg-wrapper\">\n\t\t\t\t<div class=\"elementor-cta__bg elementor-bg\" style=\"background-image: url(https:\/\/recmotestudio.com\/wp-content\/uploads\/2025\/05\/Carol-GIF-1.gif);\" role=\"img\" aria-label=\"Carol-GIF\"><\/div>\n\t\t\t\t<div class=\"elementor-cta__bg-overlay\"><\/div>\n\t\t\t<\/div>\n\t\t\t\t\t\t\t<div class=\"elementor-cta__content\">\n\t\t\t\t\t\t\t\t\t<div class=\"elementor-content-item elementor-cta__content-item elementor-cta__image\">\n\t\t\t\t\t\t<img decoding=\"async\" src=\"https:\/\/recmotestudio.com\/wp-content\/uploads\/2020\/10\/Union-1.svg\" title=\"\" alt=\"\" loading=\"lazy\" \/>\t\t\t\t\t<\/div>\n\t\t\t\t\n\t\t\t\t\t\t\t\t\t<h2 class=\"elementor-cta__title elementor-cta__content-item elementor-content-item\">\n\t\t\t\t\t\tCarolina del Salvador\t\t\t\t\t<\/h2>\n\t\t\t\t\n\t\t\t\t\t\t\t\t\t<div class=\"elementor-cta__description elementor-cta__content-item elementor-content-item\">\n\t\t\t\t\t\t<p>Soci director<\/p>\t\t\t\t\t<\/div>\n\t\t\t\t\n\t\t\t\t\t\t\t<\/div>\n\t\t\t\t\t\t<\/a>\n\t\t\t\t\t\t<\/div>\n\t\t\t\t<\/div>\n\t\t\t\t\t<\/div>\n\t\t<\/div>\n\t\t\t\t<div class=\"elementor-column elementor-col-33 elementor-top-column elementor-element elementor-element-5e86d30b red-i\" data-id=\"5e86d30b\" data-element_type=\"column\" data-e-type=\"column\">\n\t\t\t<div class=\"elementor-widget-wrap elementor-element-populated\">\n\t\t\t\t\t\t<div class=\"elementor-element elementor-element-e207ead elementor-cta--skin-cover elementor-cta--valign-bottom elementor-widget elementor-widget-call-to-action\" data-id=\"e207ead\" data-element_type=\"widget\" data-e-type=\"widget\" data-widget_type=\"call-to-action.default\">\n\t\t\t\t<div class=\"elementor-widget-container\">\n\t\t\t\t\t\t\t<a class=\"elementor-cta\" href=\"mailto:irene.frances@recmotestudio.com\">\n\t\t\t\t\t<div class=\"elementor-cta__bg-wrapper\">\n\t\t\t\t<div class=\"elementor-cta__bg elementor-bg\" style=\"background-image: url(https:\/\/recmotestudio.com\/wp-content\/uploads\/2025\/05\/Irene-GIF.gif);\" role=\"img\" aria-label=\"Irene-GIF\"><\/div>\n\t\t\t\t<div class=\"elementor-cta__bg-overlay\"><\/div>\n\t\t\t<\/div>\n\t\t\t\t\t\t\t<div class=\"elementor-cta__content\">\n\t\t\t\t\t\t\t\t\t<div class=\"elementor-content-item elementor-cta__content-item elementor-icon-wrapper elementor-cta__icon elementor-view-default\">\n\t\t\t\t\t\t<div class=\"elementor-icon\">\n\t\t\t\t\t\t\t<i aria-hidden=\"true\" class=\"fas fa-envelope\"><\/i>\t\t\t\t\t\t<\/div>\n\t\t\t\t\t<\/div>\n\t\t\t\t\n\t\t\t\t\t\t\t\t\t<h2 class=\"elementor-cta__title elementor-cta__content-item elementor-content-item\">\n\t\t\t\t\t\tIrene Franc\u00e8s\t\t\t\t\t<\/h2>\n\t\t\t\t\n\t\t\t\t\t\t\t\t\t<div class=\"elementor-cta__description elementor-cta__content-item elementor-content-item\">\n\t\t\t\t\t\t<p>Cap de producci\u00f3 i serveis al client<\/p>\t\t\t\t\t<\/div>\n\t\t\t\t\n\t\t\t\t\t\t\t<\/div>\n\t\t\t\t\t\t<\/a>\n\t\t\t\t\t\t<\/div>\n\t\t\t\t<\/div>\n\t\t\t\t\t<\/div>\n\t\t<\/div>\n\t\t\t\t<div class=\"elementor-column elementor-col-33 elementor-top-column elementor-element elementor-element-5245420b dark-i\" data-id=\"5245420b\" data-element_type=\"column\" data-e-type=\"column\">\n\t\t\t<div class=\"elementor-widget-wrap elementor-element-populated\">\n\t\t\t\t\t\t<div class=\"elementor-element elementor-element-d7af091 elementor-cta--skin-cover elementor-cta--valign-bottom elementor-widget elementor-widget-call-to-action\" data-id=\"d7af091\" data-element_type=\"widget\" data-e-type=\"widget\" data-widget_type=\"call-to-action.default\">\n\t\t\t\t<div class=\"elementor-widget-container\">\n\t\t\t\t\t\t\t<a class=\"elementor-cta\" href=\"mailto:lucia.olalla@recmotestudio.com\">\n\t\t\t\t\t<div class=\"elementor-cta__bg-wrapper\">\n\t\t\t\t<div class=\"elementor-cta__bg elementor-bg\" style=\"background-image: url(https:\/\/recmotestudio.com\/wp-content\/uploads\/2025\/05\/Lucia-GIF.gif);\" role=\"img\" aria-label=\"Lucia-GIF\"><\/div>\n\t\t\t\t<div class=\"elementor-cta__bg-overlay\"><\/div>\n\t\t\t<\/div>\n\t\t\t\t\t\t\t<div class=\"elementor-cta__content\">\n\t\t\t\t\t\t\t\t\t<div class=\"elementor-content-item elementor-cta__content-item elementor-icon-wrapper elementor-cta__icon elementor-view-default\">\n\t\t\t\t\t\t<div class=\"elementor-icon\">\n\t\t\t\t\t\t\t<i aria-hidden=\"true\" class=\"fas fa-envelope\"><\/i>\t\t\t\t\t\t<\/div>\n\t\t\t\t\t<\/div>\n\t\t\t\t\n\t\t\t\t\t\t\t\t\t<h2 class=\"elementor-cta__title elementor-cta__content-item elementor-content-item\">\n\t\t\t\t\t\tLl\u00facia Olalla\t\t\t\t\t<\/h2>\n\t\t\t\t\n\t\t\t\t\t\t\t\t\t<div class=\"elementor-cta__description elementor-cta__content-item elementor-content-item\">\n\t\t\t\t\t\t<p>Director de col\u00b7laboracions de producci\u00f3<\/p>\t\t\t\t\t<\/div>\n\t\t\t\t\n\t\t\t\t\t\t\t<\/div>\n\t\t\t\t\t\t<\/a>\n\t\t\t\t\t\t<\/div>\n\t\t\t\t<\/div>\n\t\t\t\t\t<\/div>\n\t\t<\/div>\n\t\t\t\t\t<\/div>\n\t\t<\/section>\n\t\t\t\t<\/div>\n\t\t","protected":false},"excerpt":{"rendered":"<p>Sobre nosaltres Som Recmote Studio, un centre de disseny de so i \u00e0udio a Barcelona fundat per especialistes amb m\u00e9s de deu anys d&#8217;experi\u00e8ncia en postproducci\u00f3 de so per a r\u00e0dio, televisi\u00f3 i cinema. En col\u00b7laboraci\u00f3 amb l&#8217;estudi de so G23, oferim serveis integrals de postproducci\u00f3 de so per a anuncis i tr\u00e0ilers de pel\u00b7l\u00edcules, [&hellip;]<\/p>\n","protected":false},"author":1,"featured_media":0,"parent":0,"menu_order":0,"comment_status":"closed","ping_status":"closed","template":"","meta":{"_acf_changed":false,"inline_featured_image":false,"_monsterinsights_skip_tracking":false,"_monsterinsights_sitenote_active":false,"_monsterinsights_sitenote_note":"","_monsterinsights_sitenote_category":0,"footnotes":""},"class_list":["post-7092","page","type-page","status-publish","hentry"],"acf":[],"yoast_head":"<!-- This site is optimized with the Yoast SEO plugin v25.3.1 - https:\/\/yoast.com\/wordpress\/plugins\/seo\/ -->\n<title>Enginyers de so a Barcelona | RecmoteStudio.com<\/title>\n<meta name=\"description\" content=\"Equip t\u00e8cnic de Recmote Studio. Estudi de so totalment equipat i preparat per a qualsevol tipus de projecte. Contacta amb nosaltres!\" \/>\n<meta name=\"robots\" content=\"index, follow, max-snippet:-1, max-image-preview:large, max-video-preview:-1\" \/>\n<link rel=\"canonical\" href=\"https:\/\/recmotestudio.com\/professional-sound-team-barcelona\/\" \/>\n<meta property=\"og:locale\" content=\"ca_ES\" \/>\n<meta property=\"og:type\" content=\"article\" \/>\n<meta property=\"og:title\" content=\"Enginyers de so a Barcelona | RecmoteStudio.com\" \/>\n<meta property=\"og:description\" content=\"Equip t\u00e8cnic de Recmote Studio. Estudi de so totalment equipat i preparat per a qualsevol tipus de projecte. Contacta amb nosaltres!\" \/>\n<meta property=\"og:url\" content=\"https:\/\/recmotestudio.com\/professional-sound-team-barcelona\/\" \/>\n<meta property=\"og:site_name\" content=\"Recmote\" \/>\n<meta property=\"article:modified_time\" content=\"2026-03-12T14:42:44+00:00\" \/>\n<meta property=\"og:image\" content=\"https:\/\/recmotestudio.com\/wp-content\/uploads\/2020\/10\/Union-1.svg\" \/>\n<meta name=\"twitter:card\" content=\"summary_large_image\" \/>\n<meta name=\"twitter:label1\" content=\"Temps estimat de lectura\" \/>\n\t<meta name=\"twitter:data1\" content=\"2 minuts\" \/>\n<script type=\"application\/ld+json\" class=\"yoast-schema-graph\">{\"@context\":\"https:\/\/schema.org\",\"@graph\":[{\"@type\":\"WebPage\",\"@id\":\"https:\/\/recmotestudio.com\/professional-sound-team-barcelona\/\",\"url\":\"https:\/\/recmotestudio.com\/professional-sound-team-barcelona\/\",\"name\":\"Enginyers de so a Barcelona | RecmoteStudio.com\",\"isPartOf\":{\"@id\":\"https:\/\/recmotestudio.com\/#website\"},\"primaryImageOfPage\":{\"@id\":\"https:\/\/recmotestudio.com\/professional-sound-team-barcelona\/#primaryimage\"},\"image\":{\"@id\":\"https:\/\/recmotestudio.com\/professional-sound-team-barcelona\/#primaryimage\"},\"thumbnailUrl\":\"https:\/\/recmotestudio.com\/wp-content\/uploads\/2020\/10\/Union-1.svg\",\"datePublished\":\"2023-03-07T13:20:22+00:00\",\"dateModified\":\"2026-03-12T14:42:44+00:00\",\"description\":\"Equip t\u00e8cnic de Recmote Studio. Estudi de so totalment equipat i preparat per a qualsevol tipus de projecte. Contacta amb nosaltres!\",\"breadcrumb\":{\"@id\":\"https:\/\/recmotestudio.com\/professional-sound-team-barcelona\/#breadcrumb\"},\"inLanguage\":\"ca\",\"potentialAction\":[{\"@type\":\"ReadAction\",\"target\":[\"https:\/\/recmotestudio.com\/professional-sound-team-barcelona\/\"]}]},{\"@type\":\"ImageObject\",\"inLanguage\":\"ca\",\"@id\":\"https:\/\/recmotestudio.com\/professional-sound-team-barcelona\/#primaryimage\",\"url\":\"https:\/\/recmotestudio.com\/wp-content\/uploads\/2020\/10\/Union-1.svg\",\"contentUrl\":\"https:\/\/recmotestudio.com\/wp-content\/uploads\/2020\/10\/Union-1.svg\"},{\"@type\":\"BreadcrumbList\",\"@id\":\"https:\/\/recmotestudio.com\/professional-sound-team-barcelona\/#breadcrumb\",\"itemListElement\":[{\"@type\":\"ListItem\",\"position\":1,\"name\":\"Home\",\"item\":\"https:\/\/recmotestudio.com\/ca\/home-2\/\"},{\"@type\":\"ListItem\",\"position\":2,\"name\":\"Professionals del so\"}]},{\"@type\":\"WebSite\",\"@id\":\"https:\/\/recmotestudio.com\/#website\",\"url\":\"https:\/\/recmotestudio.com\/\",\"name\":\"Recmote\",\"description\":\"Audio Post Production\",\"publisher\":{\"@id\":\"https:\/\/recmotestudio.com\/#organization\"},\"potentialAction\":[{\"@type\":\"SearchAction\",\"target\":{\"@type\":\"EntryPoint\",\"urlTemplate\":\"https:\/\/recmotestudio.com\/?s={search_term_string}\"},\"query-input\":{\"@type\":\"PropertyValueSpecification\",\"valueRequired\":true,\"valueName\":\"search_term_string\"}}],\"inLanguage\":\"ca\"},{\"@type\":\"Organization\",\"@id\":\"https:\/\/recmotestudio.com\/#organization\",\"name\":\"Recmote Studio\",\"url\":\"https:\/\/recmotestudio.com\/\",\"logo\":{\"@type\":\"ImageObject\",\"inLanguage\":\"ca\",\"@id\":\"https:\/\/recmotestudio.com\/#\/schema\/logo\/image\/\",\"url\":\"https:\/\/recmotestudio.com\/wp-content\/uploads\/2020\/11\/recmote-logo.svg\",\"contentUrl\":\"https:\/\/recmotestudio.com\/wp-content\/uploads\/2020\/11\/recmote-logo.svg\",\"width\":209,\"height\":30,\"caption\":\"Recmote Studio\"},\"image\":{\"@id\":\"https:\/\/recmotestudio.com\/#\/schema\/logo\/image\/\"},\"sameAs\":[\"https:\/\/www.linkedin.com\/company\/recmote-studio\/\"]}]}<\/script>\n<!-- \/ Yoast SEO plugin. -->","yoast_head_json":{"title":"Enginyers de so a Barcelona | RecmoteStudio.com","description":"Equip t\u00e8cnic de Recmote Studio. Estudi de so totalment equipat i preparat per a qualsevol tipus de projecte. Contacta amb nosaltres!","robots":{"index":"index","follow":"follow","max-snippet":"max-snippet:-1","max-image-preview":"max-image-preview:large","max-video-preview":"max-video-preview:-1"},"canonical":"https:\/\/recmotestudio.com\/professional-sound-team-barcelona\/","og_locale":"ca_ES","og_type":"article","og_title":"Enginyers de so a Barcelona | RecmoteStudio.com","og_description":"Equip t\u00e8cnic de Recmote Studio. Estudi de so totalment equipat i preparat per a qualsevol tipus de projecte. Contacta amb nosaltres!","og_url":"https:\/\/recmotestudio.com\/professional-sound-team-barcelona\/","og_site_name":"Recmote","article_modified_time":"2026-03-12T14:42:44+00:00","og_image":[{"url":"https:\/\/recmotestudio.com\/wp-content\/uploads\/2020\/10\/Union-1.svg","type":"","width":"","height":""}],"twitter_card":"summary_large_image","twitter_misc":{"Temps estimat de lectura":"2 minuts"},"schema":{"@context":"https:\/\/schema.org","@graph":[{"@type":"WebPage","@id":"https:\/\/recmotestudio.com\/professional-sound-team-barcelona\/","url":"https:\/\/recmotestudio.com\/professional-sound-team-barcelona\/","name":"Enginyers de so a Barcelona | RecmoteStudio.com","isPartOf":{"@id":"https:\/\/recmotestudio.com\/#website"},"primaryImageOfPage":{"@id":"https:\/\/recmotestudio.com\/professional-sound-team-barcelona\/#primaryimage"},"image":{"@id":"https:\/\/recmotestudio.com\/professional-sound-team-barcelona\/#primaryimage"},"thumbnailUrl":"https:\/\/recmotestudio.com\/wp-content\/uploads\/2020\/10\/Union-1.svg","datePublished":"2023-03-07T13:20:22+00:00","dateModified":"2026-03-12T14:42:44+00:00","description":"Equip t\u00e8cnic de Recmote Studio. Estudi de so totalment equipat i preparat per a qualsevol tipus de projecte. Contacta amb nosaltres!","breadcrumb":{"@id":"https:\/\/recmotestudio.com\/professional-sound-team-barcelona\/#breadcrumb"},"inLanguage":"ca","potentialAction":[{"@type":"ReadAction","target":["https:\/\/recmotestudio.com\/professional-sound-team-barcelona\/"]}]},{"@type":"ImageObject","inLanguage":"ca","@id":"https:\/\/recmotestudio.com\/professional-sound-team-barcelona\/#primaryimage","url":"https:\/\/recmotestudio.com\/wp-content\/uploads\/2020\/10\/Union-1.svg","contentUrl":"https:\/\/recmotestudio.com\/wp-content\/uploads\/2020\/10\/Union-1.svg"},{"@type":"BreadcrumbList","@id":"https:\/\/recmotestudio.com\/professional-sound-team-barcelona\/#breadcrumb","itemListElement":[{"@type":"ListItem","position":1,"name":"Home","item":"https:\/\/recmotestudio.com\/ca\/home-2\/"},{"@type":"ListItem","position":2,"name":"Professionals del so"}]},{"@type":"WebSite","@id":"https:\/\/recmotestudio.com\/#website","url":"https:\/\/recmotestudio.com\/","name":"Recmote","description":"Audio Post Production","publisher":{"@id":"https:\/\/recmotestudio.com\/#organization"},"potentialAction":[{"@type":"SearchAction","target":{"@type":"EntryPoint","urlTemplate":"https:\/\/recmotestudio.com\/?s={search_term_string}"},"query-input":{"@type":"PropertyValueSpecification","valueRequired":true,"valueName":"search_term_string"}}],"inLanguage":"ca"},{"@type":"Organization","@id":"https:\/\/recmotestudio.com\/#organization","name":"Recmote Studio","url":"https:\/\/recmotestudio.com\/","logo":{"@type":"ImageObject","inLanguage":"ca","@id":"https:\/\/recmotestudio.com\/#\/schema\/logo\/image\/","url":"https:\/\/recmotestudio.com\/wp-content\/uploads\/2020\/11\/recmote-logo.svg","contentUrl":"https:\/\/recmotestudio.com\/wp-content\/uploads\/2020\/11\/recmote-logo.svg","width":209,"height":30,"caption":"Recmote Studio"},"image":{"@id":"https:\/\/recmotestudio.com\/#\/schema\/logo\/image\/"},"sameAs":["https:\/\/www.linkedin.com\/company\/recmote-studio\/"]}]}},"_links":{"self":[{"href":"https:\/\/recmotestudio.com\/ca\/wp-json\/wp\/v2\/pages\/7092"}],"collection":[{"href":"https:\/\/recmotestudio.com\/ca\/wp-json\/wp\/v2\/pages"}],"about":[{"href":"https:\/\/recmotestudio.com\/ca\/wp-json\/wp\/v2\/types\/page"}],"author":[{"embeddable":true,"href":"https:\/\/recmotestudio.com\/ca\/wp-json\/wp\/v2\/users\/1"}],"replies":[{"embeddable":true,"href":"https:\/\/recmotestudio.com\/ca\/wp-json\/wp\/v2\/comments?post=7092"}],"version-history":[{"count":12,"href":"https:\/\/recmotestudio.com\/ca\/wp-json\/wp\/v2\/pages\/7092\/revisions"}],"predecessor-version":[{"id":10356,"href":"https:\/\/recmotestudio.com\/ca\/wp-json\/wp\/v2\/pages\/7092\/revisions\/10356"}],"wp:attachment":[{"href":"https:\/\/recmotestudio.com\/ca\/wp-json\/wp\/v2\/media?parent=7092"}],"curies":[{"name":"wp","href":"https:\/\/api.w.org\/{rel}","templated":true}]}}