{"id":6970,"date":"2023-03-09T17:59:16","date_gmt":"2023-03-09T17:59:16","guid":{"rendered":"https:\/\/recmotestudio.com\/?page_id=6970"},"modified":"2023-04-03T17:01:02","modified_gmt":"2023-04-03T17:01:02","slug":"postproduccio-de-so","status":"publish","type":"page","link":"https:\/\/recmotestudio.com\/ca\/serveis\/postproduccio-de-so\/","title":{"rendered":"Postproducci\u00f3 de so"},"content":{"rendered":"\t\t<div data-elementor-type=\"wp-page\" data-elementor-id=\"6970\" class=\"elementor elementor-6970 elementor-6969\" data-elementor-post-type=\"page\">\n\t\t\t\t\t\t<section class=\"elementor-section elementor-top-section elementor-element elementor-element-6494c34 elementor-section-full_width elementor-section-height-default elementor-section-height-default\" data-id=\"6494c34\" data-element_type=\"section\" data-e-type=\"section\">\n\t\t\t\t\t\t<div class=\"elementor-container elementor-column-gap-default\">\n\t\t\t\t\t<div class=\"elementor-column elementor-col-100 elementor-top-column elementor-element elementor-element-4af67ba\" data-id=\"4af67ba\" data-element_type=\"column\" data-e-type=\"column\">\n\t\t\t<div class=\"elementor-widget-wrap elementor-element-populated\">\n\t\t\t\t\t\t<div class=\"elementor-element elementor-element-ed99669 elementor-widget elementor-widget-menu-anchor\" data-id=\"ed99669\" data-element_type=\"widget\" data-e-type=\"widget\" data-widget_type=\"menu-anchor.default\">\n\t\t\t\t<div class=\"elementor-widget-container\">\n\t\t\t\t\t\t\t<div class=\"elementor-menu-anchor\" id=\"top\"><\/div>\n\t\t\t\t\t\t<\/div>\n\t\t\t\t<\/div>\n\t\t\t\t<div class=\"elementor-element elementor-element-8cb21e4 elementor-widget elementor-widget-heading\" data-id=\"8cb21e4\" data-element_type=\"widget\" data-e-type=\"widget\" data-widget_type=\"heading.default\">\n\t\t\t\t<div class=\"elementor-widget-container\">\n\t\t\t\t\t<h1 class=\"elementor-heading-title elementor-size-default\">Postproducci\u00f3 de so<\/h1>\t\t\t\t<\/div>\n\t\t\t\t<\/div>\n\t\t\t\t<div class=\"elementor-element elementor-element-fed228f elementor-widget elementor-widget-text-editor\" data-id=\"fed228f\" data-element_type=\"widget\" data-e-type=\"widget\" data-widget_type=\"text-editor.default\">\n\t\t\t\t<div class=\"elementor-widget-container\">\n\t\t\t\t\t\t\t\t\t<p>La postproducci\u00f3 de so \u00e9s el proc\u00e9s d&#8217;edici\u00f3, millora i sincronitzaci\u00f3 d&#8217;elements sonors en un mitj\u00e0 audiovisual, com ara pel\u00b7l\u00edcules, programes de televisi\u00f3, anuncis publicitaris i videojocs, entre d&#8217;altres.<\/p>\n<p>Durant el proc\u00e9s de postproducci\u00f3, els diferents elements sonors es combinen, s&#8217;ajusten i milloren per crear un resultat final coherent i sincronitzat amb la imatge. Aix\u00f2 pot incloure afegir efectes de so, m\u00fasica, di\u00e0legs i sons ambientals, aix\u00ed com eliminar sorolls o errors a la gravaci\u00f3 original.<\/p>\n<p>A Remote Studio estem especialitzats en postproducci\u00f3 de so per a tot tipus de formats audiovisuals. El nostre equip d&#8217;enginyers de so t\u00e9 m\u00e9s de 15 anys d&#8217;experi\u00e8ncia en postproducci\u00f3 de so per a r\u00e0dio, televisi\u00f3 i cinema, aix\u00ed com programes de televisi\u00f3, podcasts, audiollibres i molt m\u00e9s.<\/p>\n<p>Disposem d&#8217;un estudi de so totalment equipat amb l&#8217;\u00faltima tecnologia per oferir serveis de postproducci\u00f3 en est\u00e8reo i 5.1.<\/p>\n<p>Posa&#8217;t en contacte amb nosaltres per sol\u00b7licitar un pressupost gratu\u00eft, els nostres preus s\u00f3n molt competitius.<\/p>\n\t\t\t\t\t\t\t\t<\/div>\n\t\t\t\t<\/div>\n\t\t\t\t\t<\/div>\n\t\t<\/div>\n\t\t\t\t\t<\/div>\n\t\t<\/section>\n\t\t\t\t<section class=\"elementor-section elementor-top-section elementor-element elementor-element-271421e elementor-section-boxed elementor-section-height-default elementor-section-height-default\" data-id=\"271421e\" data-element_type=\"section\" data-e-type=\"section\">\n\t\t\t\t\t\t<div class=\"elementor-container elementor-column-gap-default\">\n\t\t\t\t\t<div class=\"elementor-column elementor-col-100 elementor-top-column elementor-element elementor-element-4863fe6\" data-id=\"4863fe6\" data-element_type=\"column\" data-e-type=\"column\">\n\t\t\t<div class=\"elementor-widget-wrap elementor-element-populated\">\n\t\t\t\t\t\t<div class=\"elementor-element elementor-element-d4b2a16 elementor-widget elementor-widget-image\" data-id=\"d4b2a16\" data-element_type=\"widget\" data-e-type=\"widget\" data-widget_type=\"image.default\">\n\t\t\t\t<div class=\"elementor-widget-container\">\n\t\t\t\t\t\t\t\t\t\t\t\t\t\t\t<img fetchpriority=\"high\" decoding=\"async\" width=\"567\" height=\"378\" src=\"https:\/\/recmotestudio.com\/wp-content\/uploads\/2023\/03\/Postproduccion.jpg\" class=\"attachment-large size-large wp-image-7028\" alt=\"\" srcset=\"https:\/\/recmotestudio.com\/wp-content\/uploads\/2023\/03\/Postproduccion.jpg 567w, https:\/\/recmotestudio.com\/wp-content\/uploads\/2023\/03\/Postproduccion-300x200.jpg 300w\" sizes=\"(max-width: 567px) 100vw, 567px\" \/>\t\t\t\t\t\t\t\t\t\t\t\t\t\t\t<\/div>\n\t\t\t\t<\/div>\n\t\t\t\t\t<\/div>\n\t\t<\/div>\n\t\t\t\t\t<\/div>\n\t\t<\/section>\n\t\t\t\t<section class=\"elementor-section elementor-top-section elementor-element elementor-element-4818667 elementor-section-boxed elementor-section-height-default elementor-section-height-default\" data-id=\"4818667\" data-element_type=\"section\" data-e-type=\"section\">\n\t\t\t\t\t\t<div class=\"elementor-container elementor-column-gap-default\">\n\t\t\t\t\t<div class=\"elementor-column elementor-col-100 elementor-top-column elementor-element elementor-element-85a0675\" data-id=\"85a0675\" data-element_type=\"column\" data-e-type=\"column\">\n\t\t\t<div class=\"elementor-widget-wrap elementor-element-populated\">\n\t\t\t\t\t\t<div class=\"elementor-element elementor-element-a8a0736 elementor-align-center elementor-widget elementor-widget-button\" data-id=\"a8a0736\" data-element_type=\"widget\" data-e-type=\"widget\" data-widget_type=\"button.default\">\n\t\t\t\t<div class=\"elementor-widget-container\">\n\t\t\t\t\t\t\t\t\t<div class=\"elementor-button-wrapper\">\n\t\t\t\t\t<a class=\"elementor-button elementor-button-link elementor-size-sm\" href=\"https:\/\/recmotestudio.com\/ca\/get-in-touch\/\">\n\t\t\t\t\t\t<span class=\"elementor-button-content-wrapper\">\n\t\t\t\t\t\t\t\t\t<span class=\"elementor-button-text\">CONTACTA'NS<\/span>\n\t\t\t\t\t<\/span>\n\t\t\t\t\t<\/a>\n\t\t\t\t<\/div>\n\t\t\t\t\t\t\t\t<\/div>\n\t\t\t\t<\/div>\n\t\t\t\t\t<\/div>\n\t\t<\/div>\n\t\t\t\t\t<\/div>\n\t\t<\/section>\n\t\t\t\t<\/div>\n\t\t","protected":false},"excerpt":{"rendered":"<p>Postproducci\u00f3 de so La postproducci\u00f3 de so \u00e9s el proc\u00e9s d&#8217;edici\u00f3, millora i sincronitzaci\u00f3 d&#8217;elements sonors en un mitj\u00e0 audiovisual, com ara pel\u00b7l\u00edcules, programes de televisi\u00f3, anuncis publicitaris i videojocs, entre d&#8217;altres. Durant el proc\u00e9s de postproducci\u00f3, els diferents elements sonors es combinen, s&#8217;ajusten i milloren per crear un resultat final coherent i sincronitzat amb [&hellip;]<\/p>\n","protected":false},"author":1,"featured_media":0,"parent":759,"menu_order":0,"comment_status":"closed","ping_status":"closed","template":"","meta":{"_acf_changed":false,"inline_featured_image":false,"_monsterinsights_skip_tracking":false,"_monsterinsights_sitenote_active":false,"_monsterinsights_sitenote_note":"","_monsterinsights_sitenote_category":0,"footnotes":""},"class_list":["post-6970","page","type-page","status-publish","hentry"],"acf":[],"yoast_head":"<!-- This site is optimized with the Yoast SEO plugin v25.3.1 - https:\/\/yoast.com\/wordpress\/plugins\/seo\/ -->\n<title>Postproducci\u00f3 de so a Barcelona | RemoteStudio.com<\/title>\n<meta name=\"description\" content=\"Postproducci\u00f3 de so a Recmote Studio. Estudi totalment equipat i preparat per a qualsevol tipus de projecte. Contacta amb nosaltres! \ud83d\ude0e\ud83c\udf0d.\" \/>\n<meta name=\"robots\" content=\"index, follow, max-snippet:-1, max-image-preview:large, max-video-preview:-1\" \/>\n<link rel=\"canonical\" href=\"https:\/\/recmotestudio.com\/ca\/serveis\/postproduccio-de-so\/\" \/>\n<meta property=\"og:locale\" content=\"ca_ES\" \/>\n<meta property=\"og:type\" content=\"article\" \/>\n<meta property=\"og:title\" content=\"Postproducci\u00f3 de so a Barcelona | RemoteStudio.com\" \/>\n<meta property=\"og:description\" content=\"Postproducci\u00f3 de so a Recmote Studio. Estudi totalment equipat i preparat per a qualsevol tipus de projecte. Contacta amb nosaltres! \ud83d\ude0e\ud83c\udf0d.\" \/>\n<meta property=\"og:url\" content=\"https:\/\/recmotestudio.com\/ca\/serveis\/postproduccio-de-so\/\" \/>\n<meta property=\"og:site_name\" content=\"Recmote\" \/>\n<meta property=\"article:modified_time\" content=\"2023-04-03T17:01:02+00:00\" \/>\n<meta property=\"og:image\" content=\"https:\/\/recmotestudio.com\/wp-content\/uploads\/2023\/03\/Postproduccion.jpg\" \/>\n<meta name=\"twitter:card\" content=\"summary_large_image\" \/>\n<meta name=\"twitter:label1\" content=\"Temps estimat de lectura\" \/>\n\t<meta name=\"twitter:data1\" content=\"2 minuts\" \/>\n<script type=\"application\/ld+json\" class=\"yoast-schema-graph\">{\"@context\":\"https:\/\/schema.org\",\"@graph\":[{\"@type\":\"WebPage\",\"@id\":\"https:\/\/recmotestudio.com\/ca\/serveis\/postproduccio-de-so\/\",\"url\":\"https:\/\/recmotestudio.com\/ca\/serveis\/postproduccio-de-so\/\",\"name\":\"Postproducci\u00f3 de so a Barcelona | RemoteStudio.com\",\"isPartOf\":{\"@id\":\"https:\/\/recmotestudio.com\/#website\"},\"primaryImageOfPage\":{\"@id\":\"https:\/\/recmotestudio.com\/ca\/serveis\/postproduccio-de-so\/#primaryimage\"},\"image\":{\"@id\":\"https:\/\/recmotestudio.com\/ca\/serveis\/postproduccio-de-so\/#primaryimage\"},\"thumbnailUrl\":\"https:\/\/recmotestudio.com\/wp-content\/uploads\/2023\/03\/Postproduccion.jpg\",\"datePublished\":\"2023-03-09T17:59:16+00:00\",\"dateModified\":\"2023-04-03T17:01:02+00:00\",\"description\":\"Postproducci\u00f3 de so a Recmote Studio. Estudi totalment equipat i preparat per a qualsevol tipus de projecte. Contacta amb nosaltres! \ud83d\ude0e\ud83c\udf0d.\",\"breadcrumb\":{\"@id\":\"https:\/\/recmotestudio.com\/ca\/serveis\/postproduccio-de-so\/#breadcrumb\"},\"inLanguage\":\"ca\",\"potentialAction\":[{\"@type\":\"ReadAction\",\"target\":[\"https:\/\/recmotestudio.com\/ca\/serveis\/postproduccio-de-so\/\"]}]},{\"@type\":\"ImageObject\",\"inLanguage\":\"ca\",\"@id\":\"https:\/\/recmotestudio.com\/ca\/serveis\/postproduccio-de-so\/#primaryimage\",\"url\":\"https:\/\/recmotestudio.com\/wp-content\/uploads\/2023\/03\/Postproduccion.jpg\",\"contentUrl\":\"https:\/\/recmotestudio.com\/wp-content\/uploads\/2023\/03\/Postproduccion.jpg\"},{\"@type\":\"BreadcrumbList\",\"@id\":\"https:\/\/recmotestudio.com\/ca\/serveis\/postproduccio-de-so\/#breadcrumb\",\"itemListElement\":[{\"@type\":\"ListItem\",\"position\":1,\"name\":\"Home\",\"item\":\"https:\/\/recmotestudio.com\/ca\/home-2\/\"},{\"@type\":\"ListItem\",\"position\":2,\"name\":\"Serveis\",\"item\":\"https:\/\/recmotestudio.com\/ca\/serveis\/\"},{\"@type\":\"ListItem\",\"position\":3,\"name\":\"Postproducci\u00f3 de so\"}]},{\"@type\":\"WebSite\",\"@id\":\"https:\/\/recmotestudio.com\/#website\",\"url\":\"https:\/\/recmotestudio.com\/\",\"name\":\"Recmote\",\"description\":\"Audio Post Production\",\"publisher\":{\"@id\":\"https:\/\/recmotestudio.com\/#organization\"},\"potentialAction\":[{\"@type\":\"SearchAction\",\"target\":{\"@type\":\"EntryPoint\",\"urlTemplate\":\"https:\/\/recmotestudio.com\/?s={search_term_string}\"},\"query-input\":{\"@type\":\"PropertyValueSpecification\",\"valueRequired\":true,\"valueName\":\"search_term_string\"}}],\"inLanguage\":\"ca\"},{\"@type\":\"Organization\",\"@id\":\"https:\/\/recmotestudio.com\/#organization\",\"name\":\"Recmote Studio\",\"url\":\"https:\/\/recmotestudio.com\/\",\"logo\":{\"@type\":\"ImageObject\",\"inLanguage\":\"ca\",\"@id\":\"https:\/\/recmotestudio.com\/#\/schema\/logo\/image\/\",\"url\":\"https:\/\/recmotestudio.com\/wp-content\/uploads\/2020\/11\/recmote-logo.svg\",\"contentUrl\":\"https:\/\/recmotestudio.com\/wp-content\/uploads\/2020\/11\/recmote-logo.svg\",\"width\":209,\"height\":30,\"caption\":\"Recmote Studio\"},\"image\":{\"@id\":\"https:\/\/recmotestudio.com\/#\/schema\/logo\/image\/\"},\"sameAs\":[\"https:\/\/www.linkedin.com\/company\/recmote-studio\/\"]}]}<\/script>\n<!-- \/ Yoast SEO plugin. -->","yoast_head_json":{"title":"Postproducci\u00f3 de so a Barcelona | RemoteStudio.com","description":"Postproducci\u00f3 de so a Recmote Studio. Estudi totalment equipat i preparat per a qualsevol tipus de projecte. Contacta amb nosaltres! \ud83d\ude0e\ud83c\udf0d.","robots":{"index":"index","follow":"follow","max-snippet":"max-snippet:-1","max-image-preview":"max-image-preview:large","max-video-preview":"max-video-preview:-1"},"canonical":"https:\/\/recmotestudio.com\/ca\/serveis\/postproduccio-de-so\/","og_locale":"ca_ES","og_type":"article","og_title":"Postproducci\u00f3 de so a Barcelona | RemoteStudio.com","og_description":"Postproducci\u00f3 de so a Recmote Studio. Estudi totalment equipat i preparat per a qualsevol tipus de projecte. Contacta amb nosaltres! \ud83d\ude0e\ud83c\udf0d.","og_url":"https:\/\/recmotestudio.com\/ca\/serveis\/postproduccio-de-so\/","og_site_name":"Recmote","article_modified_time":"2023-04-03T17:01:02+00:00","og_image":[{"url":"https:\/\/recmotestudio.com\/wp-content\/uploads\/2023\/03\/Postproduccion.jpg","type":"","width":"","height":""}],"twitter_card":"summary_large_image","twitter_misc":{"Temps estimat de lectura":"2 minuts"},"schema":{"@context":"https:\/\/schema.org","@graph":[{"@type":"WebPage","@id":"https:\/\/recmotestudio.com\/ca\/serveis\/postproduccio-de-so\/","url":"https:\/\/recmotestudio.com\/ca\/serveis\/postproduccio-de-so\/","name":"Postproducci\u00f3 de so a Barcelona | RemoteStudio.com","isPartOf":{"@id":"https:\/\/recmotestudio.com\/#website"},"primaryImageOfPage":{"@id":"https:\/\/recmotestudio.com\/ca\/serveis\/postproduccio-de-so\/#primaryimage"},"image":{"@id":"https:\/\/recmotestudio.com\/ca\/serveis\/postproduccio-de-so\/#primaryimage"},"thumbnailUrl":"https:\/\/recmotestudio.com\/wp-content\/uploads\/2023\/03\/Postproduccion.jpg","datePublished":"2023-03-09T17:59:16+00:00","dateModified":"2023-04-03T17:01:02+00:00","description":"Postproducci\u00f3 de so a Recmote Studio. Estudi totalment equipat i preparat per a qualsevol tipus de projecte. Contacta amb nosaltres! \ud83d\ude0e\ud83c\udf0d.","breadcrumb":{"@id":"https:\/\/recmotestudio.com\/ca\/serveis\/postproduccio-de-so\/#breadcrumb"},"inLanguage":"ca","potentialAction":[{"@type":"ReadAction","target":["https:\/\/recmotestudio.com\/ca\/serveis\/postproduccio-de-so\/"]}]},{"@type":"ImageObject","inLanguage":"ca","@id":"https:\/\/recmotestudio.com\/ca\/serveis\/postproduccio-de-so\/#primaryimage","url":"https:\/\/recmotestudio.com\/wp-content\/uploads\/2023\/03\/Postproduccion.jpg","contentUrl":"https:\/\/recmotestudio.com\/wp-content\/uploads\/2023\/03\/Postproduccion.jpg"},{"@type":"BreadcrumbList","@id":"https:\/\/recmotestudio.com\/ca\/serveis\/postproduccio-de-so\/#breadcrumb","itemListElement":[{"@type":"ListItem","position":1,"name":"Home","item":"https:\/\/recmotestudio.com\/ca\/home-2\/"},{"@type":"ListItem","position":2,"name":"Serveis","item":"https:\/\/recmotestudio.com\/ca\/serveis\/"},{"@type":"ListItem","position":3,"name":"Postproducci\u00f3 de so"}]},{"@type":"WebSite","@id":"https:\/\/recmotestudio.com\/#website","url":"https:\/\/recmotestudio.com\/","name":"Recmote","description":"Audio Post Production","publisher":{"@id":"https:\/\/recmotestudio.com\/#organization"},"potentialAction":[{"@type":"SearchAction","target":{"@type":"EntryPoint","urlTemplate":"https:\/\/recmotestudio.com\/?s={search_term_string}"},"query-input":{"@type":"PropertyValueSpecification","valueRequired":true,"valueName":"search_term_string"}}],"inLanguage":"ca"},{"@type":"Organization","@id":"https:\/\/recmotestudio.com\/#organization","name":"Recmote Studio","url":"https:\/\/recmotestudio.com\/","logo":{"@type":"ImageObject","inLanguage":"ca","@id":"https:\/\/recmotestudio.com\/#\/schema\/logo\/image\/","url":"https:\/\/recmotestudio.com\/wp-content\/uploads\/2020\/11\/recmote-logo.svg","contentUrl":"https:\/\/recmotestudio.com\/wp-content\/uploads\/2020\/11\/recmote-logo.svg","width":209,"height":30,"caption":"Recmote Studio"},"image":{"@id":"https:\/\/recmotestudio.com\/#\/schema\/logo\/image\/"},"sameAs":["https:\/\/www.linkedin.com\/company\/recmote-studio\/"]}]}},"_links":{"self":[{"href":"https:\/\/recmotestudio.com\/ca\/wp-json\/wp\/v2\/pages\/6970"}],"collection":[{"href":"https:\/\/recmotestudio.com\/ca\/wp-json\/wp\/v2\/pages"}],"about":[{"href":"https:\/\/recmotestudio.com\/ca\/wp-json\/wp\/v2\/types\/page"}],"author":[{"embeddable":true,"href":"https:\/\/recmotestudio.com\/ca\/wp-json\/wp\/v2\/users\/1"}],"replies":[{"embeddable":true,"href":"https:\/\/recmotestudio.com\/ca\/wp-json\/wp\/v2\/comments?post=6970"}],"version-history":[{"count":0,"href":"https:\/\/recmotestudio.com\/ca\/wp-json\/wp\/v2\/pages\/6970\/revisions"}],"up":[{"embeddable":true,"href":"https:\/\/recmotestudio.com\/ca\/wp-json\/wp\/v2\/pages\/759"}],"wp:attachment":[{"href":"https:\/\/recmotestudio.com\/ca\/wp-json\/wp\/v2\/media?parent=6970"}],"curies":[{"name":"wp","href":"https:\/\/api.w.org\/{rel}","templated":true}]}}