{"id":6961,"date":"2023-03-09T18:00:24","date_gmt":"2023-03-09T18:00:24","guid":{"rendered":"https:\/\/recmotestudio.com\/?page_id=6961"},"modified":"2023-04-03T16:56:17","modified_gmt":"2023-04-03T16:56:17","slug":"biblioteca-musical-i-composicions-ad-hoc","status":"publish","type":"page","link":"https:\/\/recmotestudio.com\/ca\/serveis\/biblioteca-musical-i-composicions-ad-hoc\/","title":{"rendered":"Biblioteca musical i composicions ad-hoc"},"content":{"rendered":"\t\t<div data-elementor-type=\"wp-page\" data-elementor-id=\"6961\" class=\"elementor elementor-6961 elementor-6960\" data-elementor-post-type=\"page\">\n\t\t\t\t\t\t<section class=\"elementor-section elementor-top-section elementor-element elementor-element-6494c34 elementor-section-full_width elementor-section-height-default elementor-section-height-default\" data-id=\"6494c34\" data-element_type=\"section\" data-e-type=\"section\">\n\t\t\t\t\t\t<div class=\"elementor-container elementor-column-gap-default\">\n\t\t\t\t\t<div class=\"elementor-column elementor-col-100 elementor-top-column elementor-element elementor-element-4af67ba\" data-id=\"4af67ba\" data-element_type=\"column\" data-e-type=\"column\">\n\t\t\t<div class=\"elementor-widget-wrap elementor-element-populated\">\n\t\t\t\t\t\t<div class=\"elementor-element elementor-element-ed99669 elementor-widget elementor-widget-menu-anchor\" data-id=\"ed99669\" data-element_type=\"widget\" data-e-type=\"widget\" data-widget_type=\"menu-anchor.default\">\n\t\t\t\t<div class=\"elementor-widget-container\">\n\t\t\t\t\t\t\t<div class=\"elementor-menu-anchor\" id=\"top\"><\/div>\n\t\t\t\t\t\t<\/div>\n\t\t\t\t<\/div>\n\t\t\t\t<div class=\"elementor-element elementor-element-8cb21e4 elementor-widget elementor-widget-heading\" data-id=\"8cb21e4\" data-element_type=\"widget\" data-e-type=\"widget\" data-widget_type=\"heading.default\">\n\t\t\t\t<div class=\"elementor-widget-container\">\n\t\t\t\t\t<h1 class=\"elementor-heading-title elementor-size-default\"> Biblioteca musical i composicions ad-hoc<\/h1>\t\t\t\t<\/div>\n\t\t\t\t<\/div>\n\t\t\t\t<div class=\"elementor-element elementor-element-fed228f elementor-widget elementor-widget-text-editor\" data-id=\"fed228f\" data-element_type=\"widget\" data-e-type=\"widget\" data-widget_type=\"text-editor.default\">\n\t\t\t\t<div class=\"elementor-widget-container\">\n\t\t\t\t\t\t\t\t\t<p>A Recmote Studio oferim solucions personalitzades per a la selecci\u00f3 de m\u00fasica en funci\u00f3 de les necessitats espec\u00edfiques de cada client.<\/p>\n<p>A Recmote Studio, oferim solucions personalitzades de selecci\u00f3 de m\u00fasica en funci\u00f3 de les necessitats espec\u00edfiques de cada client. Oferim tant m\u00fasica de biblioteca, amb una gran varietat d&#8217;opcions d&#8217;alta qualitat disponibles per a la llic\u00e8ncia, com composicions ad-hoc, peces musicals originals compostes espec\u00edficament per a un projecte.<\/p>\n<p>El nostre objectiu \u00e9s oferir solucions adaptades a les necessitats del projecte i al pressupost de cada client.<\/p>\n\t\t\t\t\t\t\t\t<\/div>\n\t\t\t\t<\/div>\n\t\t\t\t\t<\/div>\n\t\t<\/div>\n\t\t\t\t\t<\/div>\n\t\t<\/section>\n\t\t\t\t<section class=\"elementor-section elementor-top-section elementor-element elementor-element-271421e elementor-section-boxed elementor-section-height-default elementor-section-height-default\" data-id=\"271421e\" data-element_type=\"section\" data-e-type=\"section\">\n\t\t\t\t\t\t<div class=\"elementor-container elementor-column-gap-default\">\n\t\t\t\t\t<div class=\"elementor-column elementor-col-100 elementor-top-column elementor-element elementor-element-4863fe6\" data-id=\"4863fe6\" data-element_type=\"column\" data-e-type=\"column\">\n\t\t\t<div class=\"elementor-widget-wrap elementor-element-populated\">\n\t\t\t\t\t\t<div class=\"elementor-element elementor-element-d4b2a16 elementor-widget elementor-widget-image\" data-id=\"d4b2a16\" data-element_type=\"widget\" data-e-type=\"widget\" data-widget_type=\"image.default\">\n\t\t\t\t<div class=\"elementor-widget-container\">\n\t\t\t\t\t\t\t\t\t\t\t\t\t\t\t<img fetchpriority=\"high\" decoding=\"async\" width=\"800\" height=\"450\" src=\"https:\/\/recmotestudio.com\/wp-content\/uploads\/2023\/03\/MusicaLibreria-1024x576.png\" class=\"attachment-large size-large wp-image-7022\" alt=\"\" srcset=\"https:\/\/recmotestudio.com\/wp-content\/uploads\/2023\/03\/MusicaLibreria-1024x576.png 1024w, https:\/\/recmotestudio.com\/wp-content\/uploads\/2023\/03\/MusicaLibreria-300x169.png 300w, https:\/\/recmotestudio.com\/wp-content\/uploads\/2023\/03\/MusicaLibreria-768x432.png 768w, https:\/\/recmotestudio.com\/wp-content\/uploads\/2023\/03\/MusicaLibreria-1536x864.png 1536w, https:\/\/recmotestudio.com\/wp-content\/uploads\/2023\/03\/MusicaLibreria.png 1920w\" sizes=\"(max-width: 800px) 100vw, 800px\" \/>\t\t\t\t\t\t\t\t\t\t\t\t\t\t\t<\/div>\n\t\t\t\t<\/div>\n\t\t\t\t\t<\/div>\n\t\t<\/div>\n\t\t\t\t\t<\/div>\n\t\t<\/section>\n\t\t\t\t<section class=\"elementor-section elementor-top-section elementor-element elementor-element-648c012 elementor-section-full_width elementor-section-height-default elementor-section-height-default\" data-id=\"648c012\" data-element_type=\"section\" data-e-type=\"section\">\n\t\t\t\t\t\t<div class=\"elementor-container elementor-column-gap-default\">\n\t\t\t\t\t<div class=\"elementor-column elementor-col-100 elementor-top-column elementor-element elementor-element-716cb5c\" data-id=\"716cb5c\" data-element_type=\"column\" data-e-type=\"column\">\n\t\t\t<div class=\"elementor-widget-wrap elementor-element-populated\">\n\t\t\t\t\t\t<div class=\"elementor-element elementor-element-2c4bcbe elementor-widget elementor-widget-text-editor\" data-id=\"2c4bcbe\" data-element_type=\"widget\" data-e-type=\"widget\" data-widget_type=\"text-editor.default\">\n\t\t\t\t<div class=\"elementor-widget-container\">\n\t\t\t\t\t\t\t\t\t<h2>Ampli cat\u00e0leg de biblioteca musical<\/h2>\n<p>A Recmote Studio disposem d&#8217;una gran varietat de biblioteca musical que cobreix tots els g\u00e8neres i estils, des del pop, rock i house, fins a m\u00fasica ambient, electr\u00f2nica i dance.<\/p>\n<p>Ens esforcem per entendre les prefer\u00e8ncies i requisits de cada projecte per fer propostes musicals personalitzades i garantir que el resultat sigui l&#8217;adequat.<\/p>\n<p>Posa&#8217;t en contacte amb nosaltres per sol\u00b7licitar un pressupost gratu\u00eft, els nostres preus s\u00f3n molt competitius.<\/p>\n\t\t\t\t\t\t\t\t<\/div>\n\t\t\t\t<\/div>\n\t\t\t\t<div class=\"elementor-element elementor-element-ef92a2c elementor-widget elementor-widget-text-editor\" data-id=\"ef92a2c\" data-element_type=\"widget\" data-e-type=\"widget\" data-widget_type=\"text-editor.default\">\n\t\t\t\t<div class=\"elementor-widget-container\">\n\t\t\t\t\t\t\t\t\t<h2>Composicions ad-hoc per a anuncis publicitaris<\/h2>\n<p>A Recmote Studio tenim una gran experi\u00e8ncia en la producci\u00f3 de composicions musicals per a projectes publicitaris. Treballem codo amb codo amb els nostres clients per crear la m\u00fasica perfecta per als seus projectes, miram fins a l&#8217;\u00faltim detall per a que la m\u00fasica soni exactament com te l&#8217;imagines.<\/p>\n\t\t\t\t\t\t\t\t<\/div>\n\t\t\t\t<\/div>\n\t\t\t\t\t<\/div>\n\t\t<\/div>\n\t\t\t\t\t<\/div>\n\t\t<\/section>\n\t\t\t\t<section class=\"elementor-section elementor-top-section elementor-element elementor-element-4818667 elementor-section-boxed elementor-section-height-default elementor-section-height-default\" data-id=\"4818667\" data-element_type=\"section\" data-e-type=\"section\">\n\t\t\t\t\t\t<div class=\"elementor-container elementor-column-gap-default\">\n\t\t\t\t\t<div class=\"elementor-column elementor-col-100 elementor-top-column elementor-element elementor-element-85a0675\" data-id=\"85a0675\" data-element_type=\"column\" data-e-type=\"column\">\n\t\t\t<div class=\"elementor-widget-wrap elementor-element-populated\">\n\t\t\t\t\t\t<div class=\"elementor-element elementor-element-a8a0736 elementor-align-center elementor-widget elementor-widget-button\" data-id=\"a8a0736\" data-element_type=\"widget\" data-e-type=\"widget\" data-widget_type=\"button.default\">\n\t\t\t\t<div class=\"elementor-widget-container\">\n\t\t\t\t\t\t\t\t\t<div class=\"elementor-button-wrapper\">\n\t\t\t\t\t<a class=\"elementor-button elementor-button-link elementor-size-sm\" href=\"https:\/\/recmotestudio.com\/ca\/get-in-touch\/\">\n\t\t\t\t\t\t<span class=\"elementor-button-content-wrapper\">\n\t\t\t\t\t\t\t\t\t<span class=\"elementor-button-text\">CONTACTA'NS<\/span>\n\t\t\t\t\t<\/span>\n\t\t\t\t\t<\/a>\n\t\t\t\t<\/div>\n\t\t\t\t\t\t\t\t<\/div>\n\t\t\t\t<\/div>\n\t\t\t\t\t<\/div>\n\t\t<\/div>\n\t\t\t\t\t<\/div>\n\t\t<\/section>\n\t\t\t\t<\/div>\n\t\t","protected":false},"excerpt":{"rendered":"<p>Biblioteca musical i composicions ad-hoc A Recmote Studio oferim solucions personalitzades per a la selecci\u00f3 de m\u00fasica en funci\u00f3 de les necessitats espec\u00edfiques de cada client. A Recmote Studio, oferim solucions personalitzades de selecci\u00f3 de m\u00fasica en funci\u00f3 de les necessitats espec\u00edfiques de cada client. Oferim tant m\u00fasica de biblioteca, amb una gran varietat d&#8217;opcions [&hellip;]<\/p>\n","protected":false},"author":1,"featured_media":0,"parent":759,"menu_order":0,"comment_status":"closed","ping_status":"closed","template":"","meta":{"_acf_changed":false,"inline_featured_image":false,"_monsterinsights_skip_tracking":false,"_monsterinsights_sitenote_active":false,"_monsterinsights_sitenote_note":"","_monsterinsights_sitenote_category":0,"footnotes":""},"class_list":["post-6961","page","type-page","status-publish","hentry"],"acf":[],"yoast_head":"<!-- This site is optimized with the Yoast SEO plugin v25.3.1 - https:\/\/yoast.com\/wordpress\/plugins\/seo\/ -->\n<title>Biblioteca musical i composicions ad-hoc | RecmoteStudio.com<\/title>\n<meta name=\"description\" content=\"Biblioteca de m\u00fasica i composicions ad-hoc a Recmote Studio. Estudi de so totalment equipat i preparat per a qualsevol tipus de projecte. Contacta amb nosaltres!\ud83d\ude0e\ud83c\udf0d.\" \/>\n<meta name=\"robots\" content=\"index, follow, max-snippet:-1, max-image-preview:large, max-video-preview:-1\" \/>\n<link rel=\"canonical\" href=\"https:\/\/recmotestudio.com\/ca\/serveis\/biblioteca-musical-i-composicions-ad-hoc\/\" \/>\n<meta property=\"og:locale\" content=\"ca_ES\" \/>\n<meta property=\"og:type\" content=\"article\" \/>\n<meta property=\"og:title\" content=\"Biblioteca musical i composicions ad-hoc | RecmoteStudio.com\" \/>\n<meta property=\"og:description\" content=\"Biblioteca de m\u00fasica i composicions ad-hoc a Recmote Studio. Estudi de so totalment equipat i preparat per a qualsevol tipus de projecte. Contacta amb nosaltres!\ud83d\ude0e\ud83c\udf0d.\" \/>\n<meta property=\"og:url\" content=\"https:\/\/recmotestudio.com\/ca\/serveis\/biblioteca-musical-i-composicions-ad-hoc\/\" \/>\n<meta property=\"og:site_name\" content=\"Recmote\" \/>\n<meta property=\"article:modified_time\" content=\"2023-04-03T16:56:17+00:00\" \/>\n<meta property=\"og:image\" content=\"https:\/\/recmotestudio.com\/wp-content\/uploads\/2023\/03\/MusicaLibreria-1024x576.png\" \/>\n<meta name=\"twitter:card\" content=\"summary_large_image\" \/>\n<meta name=\"twitter:label1\" content=\"Temps estimat de lectura\" \/>\n\t<meta name=\"twitter:data1\" content=\"2 minuts\" \/>\n<script type=\"application\/ld+json\" class=\"yoast-schema-graph\">{\"@context\":\"https:\/\/schema.org\",\"@graph\":[{\"@type\":\"WebPage\",\"@id\":\"https:\/\/recmotestudio.com\/ca\/serveis\/biblioteca-musical-i-composicions-ad-hoc\/\",\"url\":\"https:\/\/recmotestudio.com\/ca\/serveis\/biblioteca-musical-i-composicions-ad-hoc\/\",\"name\":\"Biblioteca musical i composicions ad-hoc | RecmoteStudio.com\",\"isPartOf\":{\"@id\":\"https:\/\/recmotestudio.com\/#website\"},\"primaryImageOfPage\":{\"@id\":\"https:\/\/recmotestudio.com\/ca\/serveis\/biblioteca-musical-i-composicions-ad-hoc\/#primaryimage\"},\"image\":{\"@id\":\"https:\/\/recmotestudio.com\/ca\/serveis\/biblioteca-musical-i-composicions-ad-hoc\/#primaryimage\"},\"thumbnailUrl\":\"https:\/\/recmotestudio.com\/wp-content\/uploads\/2023\/03\/MusicaLibreria-1024x576.png\",\"datePublished\":\"2023-03-09T18:00:24+00:00\",\"dateModified\":\"2023-04-03T16:56:17+00:00\",\"description\":\"Biblioteca de m\u00fasica i composicions ad-hoc a Recmote Studio. Estudi de so totalment equipat i preparat per a qualsevol tipus de projecte. Contacta amb nosaltres!\ud83d\ude0e\ud83c\udf0d.\",\"breadcrumb\":{\"@id\":\"https:\/\/recmotestudio.com\/ca\/serveis\/biblioteca-musical-i-composicions-ad-hoc\/#breadcrumb\"},\"inLanguage\":\"ca\",\"potentialAction\":[{\"@type\":\"ReadAction\",\"target\":[\"https:\/\/recmotestudio.com\/ca\/serveis\/biblioteca-musical-i-composicions-ad-hoc\/\"]}]},{\"@type\":\"ImageObject\",\"inLanguage\":\"ca\",\"@id\":\"https:\/\/recmotestudio.com\/ca\/serveis\/biblioteca-musical-i-composicions-ad-hoc\/#primaryimage\",\"url\":\"https:\/\/recmotestudio.com\/wp-content\/uploads\/2023\/03\/MusicaLibreria-1024x576.png\",\"contentUrl\":\"https:\/\/recmotestudio.com\/wp-content\/uploads\/2023\/03\/MusicaLibreria-1024x576.png\"},{\"@type\":\"BreadcrumbList\",\"@id\":\"https:\/\/recmotestudio.com\/ca\/serveis\/biblioteca-musical-i-composicions-ad-hoc\/#breadcrumb\",\"itemListElement\":[{\"@type\":\"ListItem\",\"position\":1,\"name\":\"Home\",\"item\":\"https:\/\/recmotestudio.com\/ca\/home-2\/\"},{\"@type\":\"ListItem\",\"position\":2,\"name\":\"Serveis\",\"item\":\"https:\/\/recmotestudio.com\/ca\/serveis\/\"},{\"@type\":\"ListItem\",\"position\":3,\"name\":\"Biblioteca musical i composicions ad-hoc\"}]},{\"@type\":\"WebSite\",\"@id\":\"https:\/\/recmotestudio.com\/#website\",\"url\":\"https:\/\/recmotestudio.com\/\",\"name\":\"Recmote\",\"description\":\"Audio Post Production\",\"publisher\":{\"@id\":\"https:\/\/recmotestudio.com\/#organization\"},\"potentialAction\":[{\"@type\":\"SearchAction\",\"target\":{\"@type\":\"EntryPoint\",\"urlTemplate\":\"https:\/\/recmotestudio.com\/?s={search_term_string}\"},\"query-input\":{\"@type\":\"PropertyValueSpecification\",\"valueRequired\":true,\"valueName\":\"search_term_string\"}}],\"inLanguage\":\"ca\"},{\"@type\":\"Organization\",\"@id\":\"https:\/\/recmotestudio.com\/#organization\",\"name\":\"Recmote Studio\",\"url\":\"https:\/\/recmotestudio.com\/\",\"logo\":{\"@type\":\"ImageObject\",\"inLanguage\":\"ca\",\"@id\":\"https:\/\/recmotestudio.com\/#\/schema\/logo\/image\/\",\"url\":\"https:\/\/recmotestudio.com\/wp-content\/uploads\/2020\/11\/recmote-logo.svg\",\"contentUrl\":\"https:\/\/recmotestudio.com\/wp-content\/uploads\/2020\/11\/recmote-logo.svg\",\"width\":209,\"height\":30,\"caption\":\"Recmote Studio\"},\"image\":{\"@id\":\"https:\/\/recmotestudio.com\/#\/schema\/logo\/image\/\"},\"sameAs\":[\"https:\/\/www.linkedin.com\/company\/recmote-studio\/\"]}]}<\/script>\n<!-- \/ Yoast SEO plugin. -->","yoast_head_json":{"title":"Biblioteca musical i composicions ad-hoc | RecmoteStudio.com","description":"Biblioteca de m\u00fasica i composicions ad-hoc a Recmote Studio. Estudi de so totalment equipat i preparat per a qualsevol tipus de projecte. Contacta amb nosaltres!\ud83d\ude0e\ud83c\udf0d.","robots":{"index":"index","follow":"follow","max-snippet":"max-snippet:-1","max-image-preview":"max-image-preview:large","max-video-preview":"max-video-preview:-1"},"canonical":"https:\/\/recmotestudio.com\/ca\/serveis\/biblioteca-musical-i-composicions-ad-hoc\/","og_locale":"ca_ES","og_type":"article","og_title":"Biblioteca musical i composicions ad-hoc | RecmoteStudio.com","og_description":"Biblioteca de m\u00fasica i composicions ad-hoc a Recmote Studio. Estudi de so totalment equipat i preparat per a qualsevol tipus de projecte. Contacta amb nosaltres!\ud83d\ude0e\ud83c\udf0d.","og_url":"https:\/\/recmotestudio.com\/ca\/serveis\/biblioteca-musical-i-composicions-ad-hoc\/","og_site_name":"Recmote","article_modified_time":"2023-04-03T16:56:17+00:00","og_image":[{"url":"https:\/\/recmotestudio.com\/wp-content\/uploads\/2023\/03\/MusicaLibreria-1024x576.png","type":"","width":"","height":""}],"twitter_card":"summary_large_image","twitter_misc":{"Temps estimat de lectura":"2 minuts"},"schema":{"@context":"https:\/\/schema.org","@graph":[{"@type":"WebPage","@id":"https:\/\/recmotestudio.com\/ca\/serveis\/biblioteca-musical-i-composicions-ad-hoc\/","url":"https:\/\/recmotestudio.com\/ca\/serveis\/biblioteca-musical-i-composicions-ad-hoc\/","name":"Biblioteca musical i composicions ad-hoc | RecmoteStudio.com","isPartOf":{"@id":"https:\/\/recmotestudio.com\/#website"},"primaryImageOfPage":{"@id":"https:\/\/recmotestudio.com\/ca\/serveis\/biblioteca-musical-i-composicions-ad-hoc\/#primaryimage"},"image":{"@id":"https:\/\/recmotestudio.com\/ca\/serveis\/biblioteca-musical-i-composicions-ad-hoc\/#primaryimage"},"thumbnailUrl":"https:\/\/recmotestudio.com\/wp-content\/uploads\/2023\/03\/MusicaLibreria-1024x576.png","datePublished":"2023-03-09T18:00:24+00:00","dateModified":"2023-04-03T16:56:17+00:00","description":"Biblioteca de m\u00fasica i composicions ad-hoc a Recmote Studio. Estudi de so totalment equipat i preparat per a qualsevol tipus de projecte. Contacta amb nosaltres!\ud83d\ude0e\ud83c\udf0d.","breadcrumb":{"@id":"https:\/\/recmotestudio.com\/ca\/serveis\/biblioteca-musical-i-composicions-ad-hoc\/#breadcrumb"},"inLanguage":"ca","potentialAction":[{"@type":"ReadAction","target":["https:\/\/recmotestudio.com\/ca\/serveis\/biblioteca-musical-i-composicions-ad-hoc\/"]}]},{"@type":"ImageObject","inLanguage":"ca","@id":"https:\/\/recmotestudio.com\/ca\/serveis\/biblioteca-musical-i-composicions-ad-hoc\/#primaryimage","url":"https:\/\/recmotestudio.com\/wp-content\/uploads\/2023\/03\/MusicaLibreria-1024x576.png","contentUrl":"https:\/\/recmotestudio.com\/wp-content\/uploads\/2023\/03\/MusicaLibreria-1024x576.png"},{"@type":"BreadcrumbList","@id":"https:\/\/recmotestudio.com\/ca\/serveis\/biblioteca-musical-i-composicions-ad-hoc\/#breadcrumb","itemListElement":[{"@type":"ListItem","position":1,"name":"Home","item":"https:\/\/recmotestudio.com\/ca\/home-2\/"},{"@type":"ListItem","position":2,"name":"Serveis","item":"https:\/\/recmotestudio.com\/ca\/serveis\/"},{"@type":"ListItem","position":3,"name":"Biblioteca musical i composicions ad-hoc"}]},{"@type":"WebSite","@id":"https:\/\/recmotestudio.com\/#website","url":"https:\/\/recmotestudio.com\/","name":"Recmote","description":"Audio Post Production","publisher":{"@id":"https:\/\/recmotestudio.com\/#organization"},"potentialAction":[{"@type":"SearchAction","target":{"@type":"EntryPoint","urlTemplate":"https:\/\/recmotestudio.com\/?s={search_term_string}"},"query-input":{"@type":"PropertyValueSpecification","valueRequired":true,"valueName":"search_term_string"}}],"inLanguage":"ca"},{"@type":"Organization","@id":"https:\/\/recmotestudio.com\/#organization","name":"Recmote Studio","url":"https:\/\/recmotestudio.com\/","logo":{"@type":"ImageObject","inLanguage":"ca","@id":"https:\/\/recmotestudio.com\/#\/schema\/logo\/image\/","url":"https:\/\/recmotestudio.com\/wp-content\/uploads\/2020\/11\/recmote-logo.svg","contentUrl":"https:\/\/recmotestudio.com\/wp-content\/uploads\/2020\/11\/recmote-logo.svg","width":209,"height":30,"caption":"Recmote Studio"},"image":{"@id":"https:\/\/recmotestudio.com\/#\/schema\/logo\/image\/"},"sameAs":["https:\/\/www.linkedin.com\/company\/recmote-studio\/"]}]}},"_links":{"self":[{"href":"https:\/\/recmotestudio.com\/ca\/wp-json\/wp\/v2\/pages\/6961"}],"collection":[{"href":"https:\/\/recmotestudio.com\/ca\/wp-json\/wp\/v2\/pages"}],"about":[{"href":"https:\/\/recmotestudio.com\/ca\/wp-json\/wp\/v2\/types\/page"}],"author":[{"embeddable":true,"href":"https:\/\/recmotestudio.com\/ca\/wp-json\/wp\/v2\/users\/1"}],"replies":[{"embeddable":true,"href":"https:\/\/recmotestudio.com\/ca\/wp-json\/wp\/v2\/comments?post=6961"}],"version-history":[{"count":0,"href":"https:\/\/recmotestudio.com\/ca\/wp-json\/wp\/v2\/pages\/6961\/revisions"}],"up":[{"embeddable":true,"href":"https:\/\/recmotestudio.com\/ca\/wp-json\/wp\/v2\/pages\/759"}],"wp:attachment":[{"href":"https:\/\/recmotestudio.com\/ca\/wp-json\/wp\/v2\/media?parent=6961"}],"curies":[{"name":"wp","href":"https:\/\/api.w.org\/{rel}","templated":true}]}}