{"id":6952,"date":"2023-03-09T17:58:06","date_gmt":"2023-03-09T17:58:06","guid":{"rendered":"https:\/\/recmotestudio.com\/?page_id=6952"},"modified":"2023-04-03T17:01:45","modified_gmt":"2023-04-03T17:01:45","slug":"voice-over-recording-studio","status":"publish","type":"page","link":"https:\/\/recmotestudio.com\/ca\/serveis\/voice-over-recording-studio\/","title":{"rendered":"Voice Over Recording Studio"},"content":{"rendered":"\t\t<div data-elementor-type=\"wp-page\" data-elementor-id=\"6952\" class=\"elementor elementor-6952 elementor-6951\" data-elementor-post-type=\"page\">\n\t\t\t\t\t\t<section class=\"elementor-section elementor-top-section elementor-element elementor-element-6494c34 elementor-section-full_width elementor-section-height-default elementor-section-height-default\" data-id=\"6494c34\" data-element_type=\"section\" data-e-type=\"section\">\n\t\t\t\t\t\t<div class=\"elementor-container elementor-column-gap-default\">\n\t\t\t\t\t<div class=\"elementor-column elementor-col-100 elementor-top-column elementor-element elementor-element-4af67ba\" data-id=\"4af67ba\" data-element_type=\"column\" data-e-type=\"column\">\n\t\t\t<div class=\"elementor-widget-wrap elementor-element-populated\">\n\t\t\t\t\t\t<div class=\"elementor-element elementor-element-ed99669 elementor-widget elementor-widget-menu-anchor\" data-id=\"ed99669\" data-element_type=\"widget\" data-e-type=\"widget\" data-widget_type=\"menu-anchor.default\">\n\t\t\t\t<div class=\"elementor-widget-container\">\n\t\t\t\t\t\t\t<div class=\"elementor-menu-anchor\" id=\"top\"><\/div>\n\t\t\t\t\t\t<\/div>\n\t\t\t\t<\/div>\n\t\t\t\t<div class=\"elementor-element elementor-element-8cb21e4 elementor-widget elementor-widget-heading\" data-id=\"8cb21e4\" data-element_type=\"widget\" data-e-type=\"widget\" data-widget_type=\"heading.default\">\n\t\t\t\t<div class=\"elementor-widget-container\">\n\t\t\t\t\t<h1 class=\"elementor-heading-title elementor-size-default\"> Estudi de gravaci\u00f3 de veu en off<\/h1>\t\t\t\t<\/div>\n\t\t\t\t<\/div>\n\t\t\t\t<div class=\"elementor-element elementor-element-fed228f elementor-widget elementor-widget-text-editor\" data-id=\"fed228f\" data-element_type=\"widget\" data-e-type=\"widget\" data-widget_type=\"text-editor.default\">\n\t\t\t\t<div class=\"elementor-widget-container\">\n\t\t\t\t\t\t\t\t\tA Recmote Studio oferim serveis professionals de veu en off, que van des de la producci\u00f3 fins a la gravaci\u00f3 i el lliurament final, per a una gran varietat de mitjans, com ara r\u00e0dio, televisi\u00f3, publicitat, cinema i v\u00eddeos corporatius, entre d&#8217;altres.\t\t\t\t\t\t\t\t<\/div>\n\t\t\t\t<\/div>\n\t\t\t\t\t<\/div>\n\t\t<\/div>\n\t\t\t\t\t<\/div>\n\t\t<\/section>\n\t\t\t\t<section class=\"elementor-section elementor-top-section elementor-element elementor-element-271421e elementor-section-boxed elementor-section-height-default elementor-section-height-default\" data-id=\"271421e\" data-element_type=\"section\" data-e-type=\"section\">\n\t\t\t\t\t\t<div class=\"elementor-container elementor-column-gap-default\">\n\t\t\t\t\t<div class=\"elementor-column elementor-col-100 elementor-top-column elementor-element elementor-element-4863fe6\" data-id=\"4863fe6\" data-element_type=\"column\" data-e-type=\"column\">\n\t\t\t<div class=\"elementor-widget-wrap elementor-element-populated\">\n\t\t\t\t\t\t<div class=\"elementor-element elementor-element-d4b2a16 elementor-widget elementor-widget-image\" data-id=\"d4b2a16\" data-element_type=\"widget\" data-e-type=\"widget\" data-widget_type=\"image.default\">\n\t\t\t\t<div class=\"elementor-widget-container\">\n\t\t\t\t\t\t\t\t\t\t\t\t\t\t\t<img fetchpriority=\"high\" decoding=\"async\" width=\"567\" height=\"378\" src=\"https:\/\/recmotestudio.com\/wp-content\/uploads\/2023\/03\/Locucion.jpg\" class=\"attachment-large size-large wp-image-7016\" alt=\"\" srcset=\"https:\/\/recmotestudio.com\/wp-content\/uploads\/2023\/03\/Locucion.jpg 567w, https:\/\/recmotestudio.com\/wp-content\/uploads\/2023\/03\/Locucion-300x200.jpg 300w\" sizes=\"(max-width: 567px) 100vw, 567px\" \/>\t\t\t\t\t\t\t\t\t\t\t\t\t\t\t<\/div>\n\t\t\t\t<\/div>\n\t\t\t\t\t<\/div>\n\t\t<\/div>\n\t\t\t\t\t<\/div>\n\t\t<\/section>\n\t\t\t\t<section class=\"elementor-section elementor-top-section elementor-element elementor-element-648c012 elementor-section-full_width elementor-section-height-default elementor-section-height-default\" data-id=\"648c012\" data-element_type=\"section\" data-e-type=\"section\">\n\t\t\t\t\t\t<div class=\"elementor-container elementor-column-gap-default\">\n\t\t\t\t\t<div class=\"elementor-column elementor-col-100 elementor-top-column elementor-element elementor-element-716cb5c\" data-id=\"716cb5c\" data-element_type=\"column\" data-e-type=\"column\">\n\t\t\t<div class=\"elementor-widget-wrap elementor-element-populated\">\n\t\t\t\t\t\t<div class=\"elementor-element elementor-element-2c4bcbe elementor-widget elementor-widget-text-editor\" data-id=\"2c4bcbe\" data-element_type=\"widget\" data-e-type=\"widget\" data-widget_type=\"text-editor.default\">\n\t\t\t\t<div class=\"elementor-widget-container\">\n\t\t\t\t\t\t\t\t\t<h2>Veu en off professional<\/h2>\n<p>En el nostre cat\u00e0leg de veus comptem amb els talents de veu en off masculins i femenins m\u00e9s reconeguts del pa\u00eds, aix\u00ed com una \u00e0mplia selecci\u00f3 de veus professionals nacionals i internacionals.<\/p>\n<p>A Recmote Studio oferim un servei de c\u00e0sting de veu gratu\u00eft per ajudar-vos a trobar la veu perfecta per al vostre projecte de veu en off.<\/p>\n\t\t\t\t\t\t\t\t<\/div>\n\t\t\t\t<\/div>\n\t\t\t\t<div class=\"elementor-element elementor-element-ef92a2c elementor-widget elementor-widget-text-editor\" data-id=\"ef92a2c\" data-element_type=\"widget\" data-e-type=\"widget\" data-widget_type=\"text-editor.default\">\n\t\t\t\t<div class=\"elementor-widget-container\">\n\t\t\t\t\t\t\t\t\t<h2>Enregistrments de veu en off<\/h2>\n<p>La veu en off professional s&#8217;encarrega de llegir i gravar el text amb claredat i amb el to adequat per transmetre la intenci\u00f3 i l&#8217;emoci\u00f3 correcta.<\/p>\n<p>A Remote Studio oferim un entorn controlat ac\u00fasticament equipat amb tecnologia d&#8217;\u00faltima generaci\u00f3 per garantir una gravaci\u00f3 d&#8217;alta qualitat.<\/p>\n<p>A m\u00e9s, oferim la possibilitat de seguir l&#8217;enregistrament des de la comoditat de casa o oficina, escoltant el so i veient la imatge en temps real. Si ho prefereixes, tamb\u00e9 pots assistir personalment al nostre estudi de gravaci\u00f3 al centre de Barcelona, \u200b\u200bestarem encantats de rebre&#8217;t.<\/p>\n\t\t\t\t\t\t\t\t<\/div>\n\t\t\t\t<\/div>\n\t\t\t\t<div class=\"elementor-element elementor-element-1bb8424 elementor-widget elementor-widget-text-editor\" data-id=\"1bb8424\" data-element_type=\"widget\" data-e-type=\"widget\" data-widget_type=\"text-editor.default\">\n\t\t\t\t<div class=\"elementor-widget-container\">\n\t\t\t\t\t\t\t\t\t<h2>Enregistraments de veu en off d&#8217;emerg\u00e8ncia<\/h2>\n<p>A Remote Studio sabem l&#8217;important que \u00e9s oferir veu en off quan el client t\u00e9 terminis de lliurament molt ajustats, per aix\u00f2 una de les caracter\u00edstiques m\u00e9s destacades del nostre equip \u00e9s la seva flexibilitat i rapidesa a l&#8217;hora de coordinar i lliurar un projecte de veu en off. .<\/p>\n<p>Posa&#8217;t en contacte amb nosaltres per demanar un pressupost sense comprom\u00eds.<\/p>\n\t\t\t\t\t\t\t\t<\/div>\n\t\t\t\t<\/div>\n\t\t\t\t\t<\/div>\n\t\t<\/div>\n\t\t\t\t\t<\/div>\n\t\t<\/section>\n\t\t\t\t<section class=\"elementor-section elementor-top-section elementor-element elementor-element-4818667 elementor-section-boxed elementor-section-height-default elementor-section-height-default\" data-id=\"4818667\" data-element_type=\"section\" data-e-type=\"section\">\n\t\t\t\t\t\t<div class=\"elementor-container elementor-column-gap-default\">\n\t\t\t\t\t<div class=\"elementor-column elementor-col-100 elementor-top-column elementor-element elementor-element-85a0675\" data-id=\"85a0675\" data-element_type=\"column\" data-e-type=\"column\">\n\t\t\t<div class=\"elementor-widget-wrap elementor-element-populated\">\n\t\t\t\t\t\t<div class=\"elementor-element elementor-element-a8a0736 elementor-align-center elementor-widget elementor-widget-button\" data-id=\"a8a0736\" data-element_type=\"widget\" data-e-type=\"widget\" data-widget_type=\"button.default\">\n\t\t\t\t<div class=\"elementor-widget-container\">\n\t\t\t\t\t\t\t\t\t<div class=\"elementor-button-wrapper\">\n\t\t\t\t\t<a class=\"elementor-button elementor-button-link elementor-size-sm\" href=\"https:\/\/recmotestudio.com\/ca\/get-in-touch\/\">\n\t\t\t\t\t\t<span class=\"elementor-button-content-wrapper\">\n\t\t\t\t\t\t\t\t\t<span class=\"elementor-button-text\">CONTACA'NS<\/span>\n\t\t\t\t\t<\/span>\n\t\t\t\t\t<\/a>\n\t\t\t\t<\/div>\n\t\t\t\t\t\t\t\t<\/div>\n\t\t\t\t<\/div>\n\t\t\t\t\t<\/div>\n\t\t<\/div>\n\t\t\t\t\t<\/div>\n\t\t<\/section>\n\t\t\t\t<\/div>\n\t\t","protected":false},"excerpt":{"rendered":"<p>Estudi de gravaci\u00f3 de veu en off A Recmote Studio oferim serveis professionals de veu en off, que van des de la producci\u00f3 fins a la gravaci\u00f3 i el lliurament final, per a una gran varietat de mitjans, com ara r\u00e0dio, televisi\u00f3, publicitat, cinema i v\u00eddeos corporatius, entre d&#8217;altres. Veu en off professional En el [&hellip;]<\/p>\n","protected":false},"author":1,"featured_media":0,"parent":759,"menu_order":0,"comment_status":"closed","ping_status":"closed","template":"","meta":{"_acf_changed":false,"inline_featured_image":false,"_monsterinsights_skip_tracking":false,"_monsterinsights_sitenote_active":false,"_monsterinsights_sitenote_note":"","_monsterinsights_sitenote_category":0,"footnotes":""},"class_list":["post-6952","page","type-page","status-publish","hentry"],"acf":[],"yoast_head":"<!-- This site is optimized with the Yoast SEO plugin v25.3.1 - https:\/\/yoast.com\/wordpress\/plugins\/seo\/ -->\n<title>Estudi de veu en off a Barcelona | RemoteStudio.com<\/title>\n<meta name=\"description\" content=\"Estudi de gravaci\u00f3 de veu en off de Remote Studio. Totalment equipat i preparat per a qualsevol tipus de projecte. Contacta amb nosaltres! \ud83d\ude0e\ud83c\udf0d.\" \/>\n<meta name=\"robots\" content=\"index, follow, max-snippet:-1, max-image-preview:large, max-video-preview:-1\" \/>\n<link rel=\"canonical\" href=\"https:\/\/recmotestudio.com\/ca\/serveis\/voice-over-recording-studio\/\" \/>\n<meta property=\"og:locale\" content=\"ca_ES\" \/>\n<meta property=\"og:type\" content=\"article\" \/>\n<meta property=\"og:title\" content=\"Estudi de veu en off a Barcelona | RemoteStudio.com\" \/>\n<meta property=\"og:description\" content=\"Estudi de gravaci\u00f3 de veu en off de Remote Studio. Totalment equipat i preparat per a qualsevol tipus de projecte. Contacta amb nosaltres! \ud83d\ude0e\ud83c\udf0d.\" \/>\n<meta property=\"og:url\" content=\"https:\/\/recmotestudio.com\/ca\/serveis\/voice-over-recording-studio\/\" \/>\n<meta property=\"og:site_name\" content=\"Recmote\" \/>\n<meta property=\"article:modified_time\" content=\"2023-04-03T17:01:45+00:00\" \/>\n<meta property=\"og:image\" content=\"https:\/\/recmotestudio.com\/wp-content\/uploads\/2023\/03\/Locucion.jpg\" \/>\n<meta name=\"twitter:card\" content=\"summary_large_image\" \/>\n<meta name=\"twitter:label1\" content=\"Temps estimat de lectura\" \/>\n\t<meta name=\"twitter:data1\" content=\"2 minuts\" \/>\n<script type=\"application\/ld+json\" class=\"yoast-schema-graph\">{\"@context\":\"https:\/\/schema.org\",\"@graph\":[{\"@type\":\"WebPage\",\"@id\":\"https:\/\/recmotestudio.com\/ca\/serveis\/voice-over-recording-studio\/\",\"url\":\"https:\/\/recmotestudio.com\/ca\/serveis\/voice-over-recording-studio\/\",\"name\":\"Estudi de veu en off a Barcelona | RemoteStudio.com\",\"isPartOf\":{\"@id\":\"https:\/\/recmotestudio.com\/#website\"},\"primaryImageOfPage\":{\"@id\":\"https:\/\/recmotestudio.com\/ca\/serveis\/voice-over-recording-studio\/#primaryimage\"},\"image\":{\"@id\":\"https:\/\/recmotestudio.com\/ca\/serveis\/voice-over-recording-studio\/#primaryimage\"},\"thumbnailUrl\":\"https:\/\/recmotestudio.com\/wp-content\/uploads\/2023\/03\/Locucion.jpg\",\"datePublished\":\"2023-03-09T17:58:06+00:00\",\"dateModified\":\"2023-04-03T17:01:45+00:00\",\"description\":\"Estudi de gravaci\u00f3 de veu en off de Remote Studio. Totalment equipat i preparat per a qualsevol tipus de projecte. Contacta amb nosaltres! \ud83d\ude0e\ud83c\udf0d.\",\"breadcrumb\":{\"@id\":\"https:\/\/recmotestudio.com\/ca\/serveis\/voice-over-recording-studio\/#breadcrumb\"},\"inLanguage\":\"ca\",\"potentialAction\":[{\"@type\":\"ReadAction\",\"target\":[\"https:\/\/recmotestudio.com\/ca\/serveis\/voice-over-recording-studio\/\"]}]},{\"@type\":\"ImageObject\",\"inLanguage\":\"ca\",\"@id\":\"https:\/\/recmotestudio.com\/ca\/serveis\/voice-over-recording-studio\/#primaryimage\",\"url\":\"https:\/\/recmotestudio.com\/wp-content\/uploads\/2023\/03\/Locucion.jpg\",\"contentUrl\":\"https:\/\/recmotestudio.com\/wp-content\/uploads\/2023\/03\/Locucion.jpg\"},{\"@type\":\"BreadcrumbList\",\"@id\":\"https:\/\/recmotestudio.com\/ca\/serveis\/voice-over-recording-studio\/#breadcrumb\",\"itemListElement\":[{\"@type\":\"ListItem\",\"position\":1,\"name\":\"Home\",\"item\":\"https:\/\/recmotestudio.com\/ca\/home-2\/\"},{\"@type\":\"ListItem\",\"position\":2,\"name\":\"Serveis\",\"item\":\"https:\/\/recmotestudio.com\/ca\/serveis\/\"},{\"@type\":\"ListItem\",\"position\":3,\"name\":\"Voice Over Recording Studio\"}]},{\"@type\":\"WebSite\",\"@id\":\"https:\/\/recmotestudio.com\/#website\",\"url\":\"https:\/\/recmotestudio.com\/\",\"name\":\"Recmote\",\"description\":\"Audio Post Production\",\"publisher\":{\"@id\":\"https:\/\/recmotestudio.com\/#organization\"},\"potentialAction\":[{\"@type\":\"SearchAction\",\"target\":{\"@type\":\"EntryPoint\",\"urlTemplate\":\"https:\/\/recmotestudio.com\/?s={search_term_string}\"},\"query-input\":{\"@type\":\"PropertyValueSpecification\",\"valueRequired\":true,\"valueName\":\"search_term_string\"}}],\"inLanguage\":\"ca\"},{\"@type\":\"Organization\",\"@id\":\"https:\/\/recmotestudio.com\/#organization\",\"name\":\"Recmote Studio\",\"url\":\"https:\/\/recmotestudio.com\/\",\"logo\":{\"@type\":\"ImageObject\",\"inLanguage\":\"ca\",\"@id\":\"https:\/\/recmotestudio.com\/#\/schema\/logo\/image\/\",\"url\":\"https:\/\/recmotestudio.com\/wp-content\/uploads\/2020\/11\/recmote-logo.svg\",\"contentUrl\":\"https:\/\/recmotestudio.com\/wp-content\/uploads\/2020\/11\/recmote-logo.svg\",\"width\":209,\"height\":30,\"caption\":\"Recmote Studio\"},\"image\":{\"@id\":\"https:\/\/recmotestudio.com\/#\/schema\/logo\/image\/\"},\"sameAs\":[\"https:\/\/www.linkedin.com\/company\/recmote-studio\/\"]}]}<\/script>\n<!-- \/ Yoast SEO plugin. -->","yoast_head_json":{"title":"Estudi de veu en off a Barcelona | RemoteStudio.com","description":"Estudi de gravaci\u00f3 de veu en off de Remote Studio. Totalment equipat i preparat per a qualsevol tipus de projecte. Contacta amb nosaltres! \ud83d\ude0e\ud83c\udf0d.","robots":{"index":"index","follow":"follow","max-snippet":"max-snippet:-1","max-image-preview":"max-image-preview:large","max-video-preview":"max-video-preview:-1"},"canonical":"https:\/\/recmotestudio.com\/ca\/serveis\/voice-over-recording-studio\/","og_locale":"ca_ES","og_type":"article","og_title":"Estudi de veu en off a Barcelona | RemoteStudio.com","og_description":"Estudi de gravaci\u00f3 de veu en off de Remote Studio. Totalment equipat i preparat per a qualsevol tipus de projecte. Contacta amb nosaltres! \ud83d\ude0e\ud83c\udf0d.","og_url":"https:\/\/recmotestudio.com\/ca\/serveis\/voice-over-recording-studio\/","og_site_name":"Recmote","article_modified_time":"2023-04-03T17:01:45+00:00","og_image":[{"url":"https:\/\/recmotestudio.com\/wp-content\/uploads\/2023\/03\/Locucion.jpg","type":"","width":"","height":""}],"twitter_card":"summary_large_image","twitter_misc":{"Temps estimat de lectura":"2 minuts"},"schema":{"@context":"https:\/\/schema.org","@graph":[{"@type":"WebPage","@id":"https:\/\/recmotestudio.com\/ca\/serveis\/voice-over-recording-studio\/","url":"https:\/\/recmotestudio.com\/ca\/serveis\/voice-over-recording-studio\/","name":"Estudi de veu en off a Barcelona | RemoteStudio.com","isPartOf":{"@id":"https:\/\/recmotestudio.com\/#website"},"primaryImageOfPage":{"@id":"https:\/\/recmotestudio.com\/ca\/serveis\/voice-over-recording-studio\/#primaryimage"},"image":{"@id":"https:\/\/recmotestudio.com\/ca\/serveis\/voice-over-recording-studio\/#primaryimage"},"thumbnailUrl":"https:\/\/recmotestudio.com\/wp-content\/uploads\/2023\/03\/Locucion.jpg","datePublished":"2023-03-09T17:58:06+00:00","dateModified":"2023-04-03T17:01:45+00:00","description":"Estudi de gravaci\u00f3 de veu en off de Remote Studio. Totalment equipat i preparat per a qualsevol tipus de projecte. Contacta amb nosaltres! \ud83d\ude0e\ud83c\udf0d.","breadcrumb":{"@id":"https:\/\/recmotestudio.com\/ca\/serveis\/voice-over-recording-studio\/#breadcrumb"},"inLanguage":"ca","potentialAction":[{"@type":"ReadAction","target":["https:\/\/recmotestudio.com\/ca\/serveis\/voice-over-recording-studio\/"]}]},{"@type":"ImageObject","inLanguage":"ca","@id":"https:\/\/recmotestudio.com\/ca\/serveis\/voice-over-recording-studio\/#primaryimage","url":"https:\/\/recmotestudio.com\/wp-content\/uploads\/2023\/03\/Locucion.jpg","contentUrl":"https:\/\/recmotestudio.com\/wp-content\/uploads\/2023\/03\/Locucion.jpg"},{"@type":"BreadcrumbList","@id":"https:\/\/recmotestudio.com\/ca\/serveis\/voice-over-recording-studio\/#breadcrumb","itemListElement":[{"@type":"ListItem","position":1,"name":"Home","item":"https:\/\/recmotestudio.com\/ca\/home-2\/"},{"@type":"ListItem","position":2,"name":"Serveis","item":"https:\/\/recmotestudio.com\/ca\/serveis\/"},{"@type":"ListItem","position":3,"name":"Voice Over Recording Studio"}]},{"@type":"WebSite","@id":"https:\/\/recmotestudio.com\/#website","url":"https:\/\/recmotestudio.com\/","name":"Recmote","description":"Audio Post Production","publisher":{"@id":"https:\/\/recmotestudio.com\/#organization"},"potentialAction":[{"@type":"SearchAction","target":{"@type":"EntryPoint","urlTemplate":"https:\/\/recmotestudio.com\/?s={search_term_string}"},"query-input":{"@type":"PropertyValueSpecification","valueRequired":true,"valueName":"search_term_string"}}],"inLanguage":"ca"},{"@type":"Organization","@id":"https:\/\/recmotestudio.com\/#organization","name":"Recmote Studio","url":"https:\/\/recmotestudio.com\/","logo":{"@type":"ImageObject","inLanguage":"ca","@id":"https:\/\/recmotestudio.com\/#\/schema\/logo\/image\/","url":"https:\/\/recmotestudio.com\/wp-content\/uploads\/2020\/11\/recmote-logo.svg","contentUrl":"https:\/\/recmotestudio.com\/wp-content\/uploads\/2020\/11\/recmote-logo.svg","width":209,"height":30,"caption":"Recmote Studio"},"image":{"@id":"https:\/\/recmotestudio.com\/#\/schema\/logo\/image\/"},"sameAs":["https:\/\/www.linkedin.com\/company\/recmote-studio\/"]}]}},"_links":{"self":[{"href":"https:\/\/recmotestudio.com\/ca\/wp-json\/wp\/v2\/pages\/6952"}],"collection":[{"href":"https:\/\/recmotestudio.com\/ca\/wp-json\/wp\/v2\/pages"}],"about":[{"href":"https:\/\/recmotestudio.com\/ca\/wp-json\/wp\/v2\/types\/page"}],"author":[{"embeddable":true,"href":"https:\/\/recmotestudio.com\/ca\/wp-json\/wp\/v2\/users\/1"}],"replies":[{"embeddable":true,"href":"https:\/\/recmotestudio.com\/ca\/wp-json\/wp\/v2\/comments?post=6952"}],"version-history":[{"count":0,"href":"https:\/\/recmotestudio.com\/ca\/wp-json\/wp\/v2\/pages\/6952\/revisions"}],"up":[{"embeddable":true,"href":"https:\/\/recmotestudio.com\/ca\/wp-json\/wp\/v2\/pages\/759"}],"wp:attachment":[{"href":"https:\/\/recmotestudio.com\/ca\/wp-json\/wp\/v2\/media?parent=6952"}],"curies":[{"name":"wp","href":"https:\/\/api.w.org\/{rel}","templated":true}]}}