{"id":6942,"date":"2023-03-09T17:59:48","date_gmt":"2023-03-09T17:59:48","guid":{"rendered":"https:\/\/recmotestudio.com\/?page_id=6942"},"modified":"2023-04-03T16:59:45","modified_gmt":"2023-04-03T16:59:45","slug":"doblatge-i-localitzacio-despots-publicitaris","status":"publish","type":"page","link":"https:\/\/recmotestudio.com\/ca\/serveis\/doblatge-i-localitzacio-despots-publicitaris\/","title":{"rendered":"Doblatge i localitzaci\u00f3 d&#8217;espots publicitaris"},"content":{"rendered":"\t\t<div data-elementor-type=\"wp-page\" data-elementor-id=\"6942\" class=\"elementor elementor-6942 elementor-6941\" data-elementor-post-type=\"page\">\n\t\t\t\t\t\t<section class=\"elementor-section elementor-top-section elementor-element elementor-element-6494c34 elementor-section-full_width elementor-section-height-default elementor-section-height-default\" data-id=\"6494c34\" data-element_type=\"section\" data-e-type=\"section\">\n\t\t\t\t\t\t<div class=\"elementor-container elementor-column-gap-default\">\n\t\t\t\t\t<div class=\"elementor-column elementor-col-100 elementor-top-column elementor-element elementor-element-4af67ba\" data-id=\"4af67ba\" data-element_type=\"column\" data-e-type=\"column\">\n\t\t\t<div class=\"elementor-widget-wrap elementor-element-populated\">\n\t\t\t\t\t\t<div class=\"elementor-element elementor-element-ed99669 elementor-widget elementor-widget-menu-anchor\" data-id=\"ed99669\" data-element_type=\"widget\" data-e-type=\"widget\" data-widget_type=\"menu-anchor.default\">\n\t\t\t\t<div class=\"elementor-widget-container\">\n\t\t\t\t\t\t\t<div class=\"elementor-menu-anchor\" id=\"top\"><\/div>\n\t\t\t\t\t\t<\/div>\n\t\t\t\t<\/div>\n\t\t\t\t<div class=\"elementor-element elementor-element-8cb21e4 elementor-widget elementor-widget-heading\" data-id=\"8cb21e4\" data-element_type=\"widget\" data-e-type=\"widget\" data-widget_type=\"heading.default\">\n\t\t\t\t<div class=\"elementor-widget-container\">\n\t\t\t\t\t<h1 class=\"elementor-heading-title elementor-size-default\">Doblatge i localitzaci\u00f3 d'espots publicitaris<\/h1>\t\t\t\t<\/div>\n\t\t\t\t<\/div>\n\t\t\t\t<div class=\"elementor-element elementor-element-fed228f elementor-widget elementor-widget-text-editor\" data-id=\"fed228f\" data-element_type=\"widget\" data-e-type=\"widget\" data-widget_type=\"text-editor.default\">\n\t\t\t\t<div class=\"elementor-widget-container\">\n\t\t\t\t\t\t\t\t\t<p>L&#8217;equip de producci\u00f3 i els enginyers de so de Recmote Studio fa m\u00e9s de quinze anys que treballen en projectes de localitzaci\u00f3 a gran escala.<\/p>\n<p>Tenim una \u00e0mplia experi\u00e8ncia treballant amb algunes de les marques m\u00e9s grans del m\u00f3n i revisant milers d&#8217;anuncis de televisi\u00f3 i Internet per als mercats internacionals.<\/p>\n\t\t\t\t\t\t\t\t<\/div>\n\t\t\t\t<\/div>\n\t\t\t\t\t<\/div>\n\t\t<\/div>\n\t\t\t\t\t<\/div>\n\t\t<\/section>\n\t\t\t\t<section class=\"elementor-section elementor-top-section elementor-element elementor-element-271421e elementor-section-boxed elementor-section-height-default elementor-section-height-default\" data-id=\"271421e\" data-element_type=\"section\" data-e-type=\"section\">\n\t\t\t\t\t\t<div class=\"elementor-container elementor-column-gap-default\">\n\t\t\t\t\t<div class=\"elementor-column elementor-col-100 elementor-top-column elementor-element elementor-element-4863fe6\" data-id=\"4863fe6\" data-element_type=\"column\" data-e-type=\"column\">\n\t\t\t<div class=\"elementor-widget-wrap elementor-element-populated\">\n\t\t\t\t\t\t<div class=\"elementor-element elementor-element-d4b2a16 elementor-widget elementor-widget-image\" data-id=\"d4b2a16\" data-element_type=\"widget\" data-e-type=\"widget\" data-widget_type=\"image.default\">\n\t\t\t\t<div class=\"elementor-widget-container\">\n\t\t\t\t\t\t\t\t\t\t\t\t\t\t\t<img fetchpriority=\"high\" decoding=\"async\" width=\"567\" height=\"378\" src=\"https:\/\/recmotestudio.com\/wp-content\/uploads\/2023\/03\/Localizacion-de-anuncios-publicitarios.jpg\" class=\"attachment-large size-large wp-image-7007\" alt=\"\" srcset=\"https:\/\/recmotestudio.com\/wp-content\/uploads\/2023\/03\/Localizacion-de-anuncios-publicitarios.jpg 567w, https:\/\/recmotestudio.com\/wp-content\/uploads\/2023\/03\/Localizacion-de-anuncios-publicitarios-300x200.jpg 300w\" sizes=\"(max-width: 567px) 100vw, 567px\" \/>\t\t\t\t\t\t\t\t\t\t\t\t\t\t\t<\/div>\n\t\t\t\t<\/div>\n\t\t\t\t\t<\/div>\n\t\t<\/div>\n\t\t\t\t\t<\/div>\n\t\t<\/section>\n\t\t\t\t<section class=\"elementor-section elementor-top-section elementor-element elementor-element-648c012 elementor-section-full_width elementor-section-height-default elementor-section-height-default\" data-id=\"648c012\" data-element_type=\"section\" data-e-type=\"section\">\n\t\t\t\t\t\t<div class=\"elementor-container elementor-column-gap-default\">\n\t\t\t\t\t<div class=\"elementor-column elementor-col-100 elementor-top-column elementor-element elementor-element-716cb5c\" data-id=\"716cb5c\" data-element_type=\"column\" data-e-type=\"column\">\n\t\t\t<div class=\"elementor-widget-wrap elementor-element-populated\">\n\t\t\t\t\t\t<div class=\"elementor-element elementor-element-2c4bcbe elementor-widget elementor-widget-text-editor\" data-id=\"2c4bcbe\" data-element_type=\"widget\" data-e-type=\"widget\" data-widget_type=\"text-editor.default\">\n\t\t\t\t<div class=\"elementor-widget-container\">\n\t\t\t\t\t\t\t\t\t<h2>Gran varietat de veus i idiomes de doblatge<\/h2>\n<p>El nostre estudi de so es troba a Barcelona, \u200b\u200bciutat on resideixen veus professionals locals i internacionals. Amb el nostre estudi associat a Madrid, ampliem encara m\u00e9s el nostre abast i multipliquem les nostres possibilitats.<\/p>\n<p>El torrador de veu en off de Remote Studio inclou parlants nadius masculins i femenins en angl\u00e8s, angl\u00e8s americ\u00e0, portugu\u00e8s, franc\u00e8s, alemany, itali\u00e0, noruec, fin\u00e8s, dan\u00e8s i molts m\u00e9s idiomes. Aix\u00f2 ens permet oferir als nostres clients la comoditat de centralitzar el seu treball en un \u00fanic estudi de so i, el m\u00e9s important, a preus competitius.<\/p>\n\t\t\t\t\t\t\t\t<\/div>\n\t\t\t\t<\/div>\n\t\t\t\t<div class=\"elementor-element elementor-element-ef92a2c elementor-widget elementor-widget-text-editor\" data-id=\"ef92a2c\" data-element_type=\"widget\" data-e-type=\"widget\" data-widget_type=\"text-editor.default\">\n\t\t\t\t<div class=\"elementor-widget-container\">\n\t\t\t\t\t\t\t\t\t<h2>Clients internacionals<\/h2>\n<p>A Remote Studio hem treballat en projectes de localitzaci\u00f3 per a marques destacades com Durex, l&#8217;Or, Finish, Hills, Zalando, Vanish, Michelin i Seat. Els nostres clients inclouen ag\u00e8ncies importants, productores i estudis de so d&#8217;arreu del m\u00f3n.<\/p>\n<p>Utilitzem tecnologia avan\u00e7ada per permetre als nostres clients controlar de forma remota les sessions d&#8217;enregistrament en temps real des de qualsevol lloc, amb una qualitat d&#8217;\u00e0udio excel\u00b7lent i des d&#8217;una \u00e0mplia gamma de dispositius i sistemes operatius. Tot el que es necessita \u00e9s una connexi\u00f3 a Internet. Aix\u00f2 permet als nostres clients seguir la sessi\u00f3 c\u00f2modament des de la comoditat de la seva llar o oficina, fent-nos m\u00e9s eficients en temps i recursos.<\/p>\n<p>A m\u00e9s, el nostre equip parla angl\u00e8s, cosa que ens permet treballar de manera efica\u00e7 i fluida amb clients estrangers i garantir que els seus missatges es transmetin de manera clara i precisa.<\/p>\n\t\t\t\t\t\t\t\t<\/div>\n\t\t\t\t<\/div>\n\t\t\t\t\t<\/div>\n\t\t<\/div>\n\t\t\t\t\t<\/div>\n\t\t<\/section>\n\t\t\t\t<section class=\"elementor-section elementor-top-section elementor-element elementor-element-4818667 elementor-section-boxed elementor-section-height-default elementor-section-height-default\" data-id=\"4818667\" data-element_type=\"section\" data-e-type=\"section\">\n\t\t\t\t\t\t<div class=\"elementor-container elementor-column-gap-default\">\n\t\t\t\t\t<div class=\"elementor-column elementor-col-100 elementor-top-column elementor-element elementor-element-85a0675\" data-id=\"85a0675\" data-element_type=\"column\" data-e-type=\"column\">\n\t\t\t<div class=\"elementor-widget-wrap elementor-element-populated\">\n\t\t\t\t\t\t<div class=\"elementor-element elementor-element-a8a0736 elementor-align-center elementor-widget elementor-widget-button\" data-id=\"a8a0736\" data-element_type=\"widget\" data-e-type=\"widget\" data-widget_type=\"button.default\">\n\t\t\t\t<div class=\"elementor-widget-container\">\n\t\t\t\t\t\t\t\t\t<div class=\"elementor-button-wrapper\">\n\t\t\t\t\t<a class=\"elementor-button elementor-button-link elementor-size-sm\" href=\"https:\/\/recmotestudio.com\/ca\/get-in-touch\/\">\n\t\t\t\t\t\t<span class=\"elementor-button-content-wrapper\">\n\t\t\t\t\t\t\t\t\t<span class=\"elementor-button-text\">CONTACTA'NS<\/span>\n\t\t\t\t\t<\/span>\n\t\t\t\t\t<\/a>\n\t\t\t\t<\/div>\n\t\t\t\t\t\t\t\t<\/div>\n\t\t\t\t<\/div>\n\t\t\t\t\t<\/div>\n\t\t<\/div>\n\t\t\t\t\t<\/div>\n\t\t<\/section>\n\t\t\t\t<\/div>\n\t\t","protected":false},"excerpt":{"rendered":"<p>Doblatge i localitzaci\u00f3 d&#8217;espots publicitaris L&#8217;equip de producci\u00f3 i els enginyers de so de Recmote Studio fa m\u00e9s de quinze anys que treballen en projectes de localitzaci\u00f3 a gran escala. Tenim una \u00e0mplia experi\u00e8ncia treballant amb algunes de les marques m\u00e9s grans del m\u00f3n i revisant milers d&#8217;anuncis de televisi\u00f3 i Internet per als mercats [&hellip;]<\/p>\n","protected":false},"author":1,"featured_media":0,"parent":759,"menu_order":0,"comment_status":"closed","ping_status":"closed","template":"","meta":{"_acf_changed":false,"inline_featured_image":false,"_monsterinsights_skip_tracking":false,"_monsterinsights_sitenote_active":false,"_monsterinsights_sitenote_note":"","_monsterinsights_sitenote_category":0,"footnotes":""},"class_list":["post-6942","page","type-page","status-publish","hentry"],"acf":[],"yoast_head":"<!-- This site is optimized with the Yoast SEO plugin v25.3.1 - https:\/\/yoast.com\/wordpress\/plugins\/seo\/ -->\n<title>Localitzaci\u00f3 d&#039;espots publicitaris a Barcelona | RemoteStudio.com<\/title>\n<meta name=\"description\" content=\"Doblatge i localitzaci\u00f3 d&#039;anuncis publicitaris a Recmote Studio. Estudi de so totalment equipat i preparat per a qualsevol tipus de projecte. Contacta amb nosaltres!\ud83d\ude0e\ud83c\udf0d.\" \/>\n<meta name=\"robots\" content=\"index, follow, max-snippet:-1, max-image-preview:large, max-video-preview:-1\" \/>\n<link rel=\"canonical\" href=\"https:\/\/recmotestudio.com\/ca\/serveis\/doblatge-i-localitzacio-despots-publicitaris\/\" \/>\n<meta property=\"og:locale\" content=\"ca_ES\" \/>\n<meta property=\"og:type\" content=\"article\" \/>\n<meta property=\"og:title\" content=\"Localitzaci\u00f3 d&#039;espots publicitaris a Barcelona | RemoteStudio.com\" \/>\n<meta property=\"og:description\" content=\"Doblatge i localitzaci\u00f3 d&#039;anuncis publicitaris a Recmote Studio. Estudi de so totalment equipat i preparat per a qualsevol tipus de projecte. Contacta amb nosaltres!\ud83d\ude0e\ud83c\udf0d.\" \/>\n<meta property=\"og:url\" content=\"https:\/\/recmotestudio.com\/ca\/serveis\/doblatge-i-localitzacio-despots-publicitaris\/\" \/>\n<meta property=\"og:site_name\" content=\"Recmote\" \/>\n<meta property=\"article:modified_time\" content=\"2023-04-03T16:59:45+00:00\" \/>\n<meta property=\"og:image\" content=\"https:\/\/recmotestudio.com\/wp-content\/uploads\/2023\/03\/Localizacion-de-anuncios-publicitarios.jpg\" \/>\n<meta name=\"twitter:card\" content=\"summary_large_image\" \/>\n<meta name=\"twitter:label1\" content=\"Temps estimat de lectura\" \/>\n\t<meta name=\"twitter:data1\" content=\"2 minuts\" \/>\n<script type=\"application\/ld+json\" class=\"yoast-schema-graph\">{\"@context\":\"https:\/\/schema.org\",\"@graph\":[{\"@type\":\"WebPage\",\"@id\":\"https:\/\/recmotestudio.com\/ca\/serveis\/doblatge-i-localitzacio-despots-publicitaris\/\",\"url\":\"https:\/\/recmotestudio.com\/ca\/serveis\/doblatge-i-localitzacio-despots-publicitaris\/\",\"name\":\"Localitzaci\u00f3 d'espots publicitaris a Barcelona | RemoteStudio.com\",\"isPartOf\":{\"@id\":\"https:\/\/recmotestudio.com\/#website\"},\"primaryImageOfPage\":{\"@id\":\"https:\/\/recmotestudio.com\/ca\/serveis\/doblatge-i-localitzacio-despots-publicitaris\/#primaryimage\"},\"image\":{\"@id\":\"https:\/\/recmotestudio.com\/ca\/serveis\/doblatge-i-localitzacio-despots-publicitaris\/#primaryimage\"},\"thumbnailUrl\":\"https:\/\/recmotestudio.com\/wp-content\/uploads\/2023\/03\/Localizacion-de-anuncios-publicitarios.jpg\",\"datePublished\":\"2023-03-09T17:59:48+00:00\",\"dateModified\":\"2023-04-03T16:59:45+00:00\",\"description\":\"Doblatge i localitzaci\u00f3 d'anuncis publicitaris a Recmote Studio. Estudi de so totalment equipat i preparat per a qualsevol tipus de projecte. Contacta amb nosaltres!\ud83d\ude0e\ud83c\udf0d.\",\"breadcrumb\":{\"@id\":\"https:\/\/recmotestudio.com\/ca\/serveis\/doblatge-i-localitzacio-despots-publicitaris\/#breadcrumb\"},\"inLanguage\":\"ca\",\"potentialAction\":[{\"@type\":\"ReadAction\",\"target\":[\"https:\/\/recmotestudio.com\/ca\/serveis\/doblatge-i-localitzacio-despots-publicitaris\/\"]}]},{\"@type\":\"ImageObject\",\"inLanguage\":\"ca\",\"@id\":\"https:\/\/recmotestudio.com\/ca\/serveis\/doblatge-i-localitzacio-despots-publicitaris\/#primaryimage\",\"url\":\"https:\/\/recmotestudio.com\/wp-content\/uploads\/2023\/03\/Localizacion-de-anuncios-publicitarios.jpg\",\"contentUrl\":\"https:\/\/recmotestudio.com\/wp-content\/uploads\/2023\/03\/Localizacion-de-anuncios-publicitarios.jpg\"},{\"@type\":\"BreadcrumbList\",\"@id\":\"https:\/\/recmotestudio.com\/ca\/serveis\/doblatge-i-localitzacio-despots-publicitaris\/#breadcrumb\",\"itemListElement\":[{\"@type\":\"ListItem\",\"position\":1,\"name\":\"Home\",\"item\":\"https:\/\/recmotestudio.com\/ca\/home-2\/\"},{\"@type\":\"ListItem\",\"position\":2,\"name\":\"Serveis\",\"item\":\"https:\/\/recmotestudio.com\/ca\/serveis\/\"},{\"@type\":\"ListItem\",\"position\":3,\"name\":\"Doblatge i localitzaci\u00f3 d&#8217;espots publicitaris\"}]},{\"@type\":\"WebSite\",\"@id\":\"https:\/\/recmotestudio.com\/#website\",\"url\":\"https:\/\/recmotestudio.com\/\",\"name\":\"Recmote\",\"description\":\"Audio Post Production\",\"publisher\":{\"@id\":\"https:\/\/recmotestudio.com\/#organization\"},\"potentialAction\":[{\"@type\":\"SearchAction\",\"target\":{\"@type\":\"EntryPoint\",\"urlTemplate\":\"https:\/\/recmotestudio.com\/?s={search_term_string}\"},\"query-input\":{\"@type\":\"PropertyValueSpecification\",\"valueRequired\":true,\"valueName\":\"search_term_string\"}}],\"inLanguage\":\"ca\"},{\"@type\":\"Organization\",\"@id\":\"https:\/\/recmotestudio.com\/#organization\",\"name\":\"Recmote Studio\",\"url\":\"https:\/\/recmotestudio.com\/\",\"logo\":{\"@type\":\"ImageObject\",\"inLanguage\":\"ca\",\"@id\":\"https:\/\/recmotestudio.com\/#\/schema\/logo\/image\/\",\"url\":\"https:\/\/recmotestudio.com\/wp-content\/uploads\/2020\/11\/recmote-logo.svg\",\"contentUrl\":\"https:\/\/recmotestudio.com\/wp-content\/uploads\/2020\/11\/recmote-logo.svg\",\"width\":209,\"height\":30,\"caption\":\"Recmote Studio\"},\"image\":{\"@id\":\"https:\/\/recmotestudio.com\/#\/schema\/logo\/image\/\"},\"sameAs\":[\"https:\/\/www.linkedin.com\/company\/recmote-studio\/\"]}]}<\/script>\n<!-- \/ Yoast SEO plugin. -->","yoast_head_json":{"title":"Localitzaci\u00f3 d'espots publicitaris a Barcelona | RemoteStudio.com","description":"Doblatge i localitzaci\u00f3 d'anuncis publicitaris a Recmote Studio. Estudi de so totalment equipat i preparat per a qualsevol tipus de projecte. Contacta amb nosaltres!\ud83d\ude0e\ud83c\udf0d.","robots":{"index":"index","follow":"follow","max-snippet":"max-snippet:-1","max-image-preview":"max-image-preview:large","max-video-preview":"max-video-preview:-1"},"canonical":"https:\/\/recmotestudio.com\/ca\/serveis\/doblatge-i-localitzacio-despots-publicitaris\/","og_locale":"ca_ES","og_type":"article","og_title":"Localitzaci\u00f3 d'espots publicitaris a Barcelona | RemoteStudio.com","og_description":"Doblatge i localitzaci\u00f3 d'anuncis publicitaris a Recmote Studio. Estudi de so totalment equipat i preparat per a qualsevol tipus de projecte. Contacta amb nosaltres!\ud83d\ude0e\ud83c\udf0d.","og_url":"https:\/\/recmotestudio.com\/ca\/serveis\/doblatge-i-localitzacio-despots-publicitaris\/","og_site_name":"Recmote","article_modified_time":"2023-04-03T16:59:45+00:00","og_image":[{"url":"https:\/\/recmotestudio.com\/wp-content\/uploads\/2023\/03\/Localizacion-de-anuncios-publicitarios.jpg","type":"","width":"","height":""}],"twitter_card":"summary_large_image","twitter_misc":{"Temps estimat de lectura":"2 minuts"},"schema":{"@context":"https:\/\/schema.org","@graph":[{"@type":"WebPage","@id":"https:\/\/recmotestudio.com\/ca\/serveis\/doblatge-i-localitzacio-despots-publicitaris\/","url":"https:\/\/recmotestudio.com\/ca\/serveis\/doblatge-i-localitzacio-despots-publicitaris\/","name":"Localitzaci\u00f3 d'espots publicitaris a Barcelona | RemoteStudio.com","isPartOf":{"@id":"https:\/\/recmotestudio.com\/#website"},"primaryImageOfPage":{"@id":"https:\/\/recmotestudio.com\/ca\/serveis\/doblatge-i-localitzacio-despots-publicitaris\/#primaryimage"},"image":{"@id":"https:\/\/recmotestudio.com\/ca\/serveis\/doblatge-i-localitzacio-despots-publicitaris\/#primaryimage"},"thumbnailUrl":"https:\/\/recmotestudio.com\/wp-content\/uploads\/2023\/03\/Localizacion-de-anuncios-publicitarios.jpg","datePublished":"2023-03-09T17:59:48+00:00","dateModified":"2023-04-03T16:59:45+00:00","description":"Doblatge i localitzaci\u00f3 d'anuncis publicitaris a Recmote Studio. Estudi de so totalment equipat i preparat per a qualsevol tipus de projecte. Contacta amb nosaltres!\ud83d\ude0e\ud83c\udf0d.","breadcrumb":{"@id":"https:\/\/recmotestudio.com\/ca\/serveis\/doblatge-i-localitzacio-despots-publicitaris\/#breadcrumb"},"inLanguage":"ca","potentialAction":[{"@type":"ReadAction","target":["https:\/\/recmotestudio.com\/ca\/serveis\/doblatge-i-localitzacio-despots-publicitaris\/"]}]},{"@type":"ImageObject","inLanguage":"ca","@id":"https:\/\/recmotestudio.com\/ca\/serveis\/doblatge-i-localitzacio-despots-publicitaris\/#primaryimage","url":"https:\/\/recmotestudio.com\/wp-content\/uploads\/2023\/03\/Localizacion-de-anuncios-publicitarios.jpg","contentUrl":"https:\/\/recmotestudio.com\/wp-content\/uploads\/2023\/03\/Localizacion-de-anuncios-publicitarios.jpg"},{"@type":"BreadcrumbList","@id":"https:\/\/recmotestudio.com\/ca\/serveis\/doblatge-i-localitzacio-despots-publicitaris\/#breadcrumb","itemListElement":[{"@type":"ListItem","position":1,"name":"Home","item":"https:\/\/recmotestudio.com\/ca\/home-2\/"},{"@type":"ListItem","position":2,"name":"Serveis","item":"https:\/\/recmotestudio.com\/ca\/serveis\/"},{"@type":"ListItem","position":3,"name":"Doblatge i localitzaci\u00f3 d&#8217;espots publicitaris"}]},{"@type":"WebSite","@id":"https:\/\/recmotestudio.com\/#website","url":"https:\/\/recmotestudio.com\/","name":"Recmote","description":"Audio Post Production","publisher":{"@id":"https:\/\/recmotestudio.com\/#organization"},"potentialAction":[{"@type":"SearchAction","target":{"@type":"EntryPoint","urlTemplate":"https:\/\/recmotestudio.com\/?s={search_term_string}"},"query-input":{"@type":"PropertyValueSpecification","valueRequired":true,"valueName":"search_term_string"}}],"inLanguage":"ca"},{"@type":"Organization","@id":"https:\/\/recmotestudio.com\/#organization","name":"Recmote Studio","url":"https:\/\/recmotestudio.com\/","logo":{"@type":"ImageObject","inLanguage":"ca","@id":"https:\/\/recmotestudio.com\/#\/schema\/logo\/image\/","url":"https:\/\/recmotestudio.com\/wp-content\/uploads\/2020\/11\/recmote-logo.svg","contentUrl":"https:\/\/recmotestudio.com\/wp-content\/uploads\/2020\/11\/recmote-logo.svg","width":209,"height":30,"caption":"Recmote Studio"},"image":{"@id":"https:\/\/recmotestudio.com\/#\/schema\/logo\/image\/"},"sameAs":["https:\/\/www.linkedin.com\/company\/recmote-studio\/"]}]}},"_links":{"self":[{"href":"https:\/\/recmotestudio.com\/ca\/wp-json\/wp\/v2\/pages\/6942"}],"collection":[{"href":"https:\/\/recmotestudio.com\/ca\/wp-json\/wp\/v2\/pages"}],"about":[{"href":"https:\/\/recmotestudio.com\/ca\/wp-json\/wp\/v2\/types\/page"}],"author":[{"embeddable":true,"href":"https:\/\/recmotestudio.com\/ca\/wp-json\/wp\/v2\/users\/1"}],"replies":[{"embeddable":true,"href":"https:\/\/recmotestudio.com\/ca\/wp-json\/wp\/v2\/comments?post=6942"}],"version-history":[{"count":0,"href":"https:\/\/recmotestudio.com\/ca\/wp-json\/wp\/v2\/pages\/6942\/revisions"}],"up":[{"embeddable":true,"href":"https:\/\/recmotestudio.com\/ca\/wp-json\/wp\/v2\/pages\/759"}],"wp:attachment":[{"href":"https:\/\/recmotestudio.com\/ca\/wp-json\/wp\/v2\/media?parent=6942"}],"curies":[{"name":"wp","href":"https:\/\/api.w.org\/{rel}","templated":true}]}}