{"id":6896,"date":"2023-03-09T18:00:37","date_gmt":"2023-03-09T18:00:37","guid":{"rendered":"https:\/\/recmotestudio.com\/?page_id=6896"},"modified":"2025-05-16T21:32:39","modified_gmt":"2025-05-16T21:32:39","slug":"casting-de-veu-a-barcelona","status":"publish","type":"page","link":"https:\/\/recmotestudio.com\/ca\/serveis\/casting-de-veu-a-barcelona\/","title":{"rendered":"C\u00e0sting de veu a Barcelona"},"content":{"rendered":"\t\t<div data-elementor-type=\"wp-page\" data-elementor-id=\"6896\" class=\"elementor elementor-6896 elementor-6895\" data-elementor-post-type=\"page\">\n\t\t\t\t<div class=\"elementor-element elementor-element-b511100 e-flex e-con-boxed e-con e-parent\" data-id=\"b511100\" data-element_type=\"container\" data-e-type=\"container\">\n\t\t\t\t\t<div class=\"e-con-inner\">\n\t\t\t\t<div class=\"elementor-element elementor-element-2dc546a elementor-widget elementor-widget-menu-anchor\" data-id=\"2dc546a\" data-element_type=\"widget\" data-e-type=\"widget\" data-widget_type=\"menu-anchor.default\">\n\t\t\t\t<div class=\"elementor-widget-container\">\n\t\t\t\t\t\t\t<div class=\"elementor-menu-anchor\" id=\"top\"><\/div>\n\t\t\t\t\t\t<\/div>\n\t\t\t\t<\/div>\n\t\t\t\t<div class=\"elementor-element elementor-element-13dbb3e elementor-widget elementor-widget-heading\" data-id=\"13dbb3e\" data-element_type=\"widget\" data-e-type=\"widget\" data-widget_type=\"heading.default\">\n\t\t\t\t<div class=\"elementor-widget-container\">\n\t\t\t\t\t<h1 class=\"elementor-heading-title elementor-size-default\">C\u00e0sting de veu<\/h1>\t\t\t\t<\/div>\n\t\t\t\t<\/div>\n\t\t\t\t<div class=\"elementor-element elementor-element-3ef6620 elementor-widget elementor-widget-text-editor\" data-id=\"3ef6620\" data-element_type=\"widget\" data-e-type=\"widget\" data-widget_type=\"text-editor.default\">\n\t\t\t\t<div class=\"elementor-widget-container\">\n\t\t\t\t\t\t\t\t\t<p>A Recmote Studio oferim una \u00e0mplia selecci\u00f3 de veus nacionals i internacionals, totes elles professionals natives del seu idioma.<\/p><p>No importa quin idioma necessitis per al teu projecte de veu en off, ja sigui a Espanya o a l&#8217;estranger, trobarem la veu perfecta per a tu.<\/p>\t\t\t\t\t\t\t\t<\/div>\n\t\t\t\t<\/div>\n\t\t\t\t\t<\/div>\n\t\t\t\t<\/div>\n\t\t\t\t<section class=\"elementor-section elementor-top-section elementor-element elementor-element-271421e elementor-section-boxed elementor-section-height-default elementor-section-height-default\" data-id=\"271421e\" data-element_type=\"section\" data-e-type=\"section\">\n\t\t\t\t\t\t<div class=\"elementor-container elementor-column-gap-default\">\n\t\t\t\t\t<div class=\"elementor-column elementor-col-100 elementor-top-column elementor-element elementor-element-4863fe6\" data-id=\"4863fe6\" data-element_type=\"column\" data-e-type=\"column\">\n\t\t\t<div class=\"elementor-widget-wrap elementor-element-populated\">\n\t\t\t\t\t\t<div class=\"elementor-element elementor-element-d4b2a16 elementor-widget elementor-widget-image\" data-id=\"d4b2a16\" data-element_type=\"widget\" data-e-type=\"widget\" data-widget_type=\"image.default\">\n\t\t\t\t<div class=\"elementor-widget-container\">\n\t\t\t\t\t\t\t\t\t\t\t\t\t\t\t<img fetchpriority=\"high\" decoding=\"async\" width=\"567\" height=\"378\" src=\"https:\/\/recmotestudio.com\/wp-content\/uploads\/2023\/03\/Casting-de-voces.jpg\" class=\"attachment-large size-large wp-image-6995\" alt=\"\" srcset=\"https:\/\/recmotestudio.com\/wp-content\/uploads\/2023\/03\/Casting-de-voces.jpg 567w, https:\/\/recmotestudio.com\/wp-content\/uploads\/2023\/03\/Casting-de-voces-300x200.jpg 300w\" sizes=\"(max-width: 567px) 100vw, 567px\" \/>\t\t\t\t\t\t\t\t\t\t\t\t\t\t\t<\/div>\n\t\t\t\t<\/div>\n\t\t\t\t\t<\/div>\n\t\t<\/div>\n\t\t\t\t\t<\/div>\n\t\t<\/section>\n\t\t<div class=\"elementor-element elementor-element-12e9031 e-flex e-con-boxed e-con e-parent\" data-id=\"12e9031\" data-element_type=\"container\" data-e-type=\"container\">\n\t\t\t\t\t<div class=\"e-con-inner\">\n\t\t\t\t<div class=\"elementor-element elementor-element-ec6b1a3 elementor-widget elementor-widget-text-editor\" data-id=\"ec6b1a3\" data-element_type=\"widget\" data-e-type=\"widget\" data-widget_type=\"text-editor.default\">\n\t\t\t\t<div class=\"elementor-widget-container\">\n\t\t\t\t\t\t\t\t\t<h2 class=\"mob-b\">C\u00e0sting de veu gratu\u00eft<\/h2>\nA Recmote Studio, ens esforcem per fer que la cerca de la veu perfecta per al vostre projecte sigui el m\u00e9s f\u00e0cil i accessible possible. Per aix\u00f2, ens complau oferir-vos el nostre servei gratu\u00eft de c\u00e0sting de veu. No importa quantes seleccions fem per trobar la veu ideal, mai et cobrarem per aquest servei.\n\nTria la veu que millor s&#8217;adapti a les teves necessitats i comen\u00e7a a donar vida al teu projecte!\t\t\t\t\t\t\t\t<\/div>\n\t\t\t\t<\/div>\n\t\t\t\t<div class=\"elementor-element elementor-element-a200015 elementor-widget elementor-widget-text-editor\" data-id=\"a200015\" data-element_type=\"widget\" data-e-type=\"widget\" data-widget_type=\"text-editor.default\">\n\t\t\t\t<div class=\"elementor-widget-container\">\n\t\t\t\t\t\t\t\t\t<h2 class=\"mob-b\">Veus per a v\u00eddeos i doblatge: tenim el que busques<\/h2>\nTenim acc\u00e9s a una \u00e0mplia gamma de veus professionals, des d&#8217;actors i cantants fins a personalitats p\u00fabliques i locutors.\n\nTreballem amb els millors professionals del sector per garantir que el vostre projecte compleixi les vostres expectatives. Contacta amb nosaltres perqu\u00e8 puguem ajudar-te a trobar la veu perfecta per al teu projecte.\t\t\t\t\t\t\t\t<\/div>\n\t\t\t\t<\/div>\n\t\t\t\t<div class=\"elementor-element elementor-element-79b0de6 elementor-widget elementor-widget-text-editor\" data-id=\"79b0de6\" data-element_type=\"widget\" data-e-type=\"widget\" data-widget_type=\"text-editor.default\">\n\t\t\t\t<div class=\"elementor-widget-container\">\n\t\t\t\t\t\t\t\t\t<h2 class=\"mob-b\">Gravaci\u00f3 professional de veu en off<\/h2>\nL&#8217;equip de producci\u00f3 de Remote Studio t&#8217;acompanyar\u00e0 en cada pas del proc\u00e9s. Tant si ja saps amb quin doblatge vols gravar com si necessites propostes de c\u00e0sting de veu basades en el missatge que vols transmetre, el to i el p\u00fablic objectiu.\n\nA m\u00e9s, entenem que de vegades els projectes requereixen una atenci\u00f3 especial a causa de terminis ajustats, per aix\u00f2 som flexibles i disponibles les 24 hores del dia, els 7 dies de la setmana. Volem ajudar-vos a complir els terminis de lliurament.\t\t\t\t\t\t\t\t<\/div>\n\t\t\t\t<\/div>\n\t\t\t\t\t<\/div>\n\t\t\t\t<\/div>\n\t\t\t\t<section class=\"elementor-section elementor-top-section elementor-element elementor-element-61c486fd elementor-section-boxed elementor-section-height-default elementor-section-height-default\" data-id=\"61c486fd\" data-element_type=\"section\" data-e-type=\"section\">\n\t\t\t\t\t\t<div class=\"elementor-container elementor-column-gap-default\">\n\t\t\t\t\t<div class=\"elementor-column elementor-col-100 elementor-top-column elementor-element elementor-element-7d4af7b8\" data-id=\"7d4af7b8\" data-element_type=\"column\" data-e-type=\"column\">\n\t\t\t<div class=\"elementor-widget-wrap elementor-element-populated\">\n\t\t\t\t\t\t<div class=\"elementor-element elementor-element-240f6d34 elementor-align-center elementor-widget elementor-widget-button\" data-id=\"240f6d34\" data-element_type=\"widget\" data-e-type=\"widget\" data-widget_type=\"button.default\">\n\t\t\t\t<div class=\"elementor-widget-container\">\n\t\t\t\t\t\t\t\t\t<div class=\"elementor-button-wrapper\">\n\t\t\t\t\t<a class=\"elementor-button elementor-button-link elementor-size-sm\" href=\"https:\/\/recmotestudio.com\/ca\/contacte\/\">\n\t\t\t\t\t\t<span class=\"elementor-button-content-wrapper\">\n\t\t\t\t\t\t\t\t\t<span class=\"elementor-button-text\">Poseu-vos en contacte<\/span>\n\t\t\t\t\t<\/span>\n\t\t\t\t\t<\/a>\n\t\t\t\t<\/div>\n\t\t\t\t\t\t\t\t<\/div>\n\t\t\t\t<\/div>\n\t\t\t\t\t<\/div>\n\t\t<\/div>\n\t\t\t\t\t<\/div>\n\t\t<\/section>\n\t\t\t\t<\/div>\n\t\t","protected":false},"excerpt":{"rendered":"<p>C\u00e0sting de veu A Recmote Studio oferim una \u00e0mplia selecci\u00f3 de veus nacionals i internacionals, totes elles professionals natives del seu idioma. No importa quin idioma necessitis per al teu projecte de veu en off, ja sigui a Espanya o a l&#8217;estranger, trobarem la veu perfecta per a tu. C\u00e0sting de veu gratu\u00eft A Recmote [&hellip;]<\/p>\n","protected":false},"author":1,"featured_media":0,"parent":759,"menu_order":0,"comment_status":"closed","ping_status":"closed","template":"","meta":{"_acf_changed":false,"inline_featured_image":false,"_monsterinsights_skip_tracking":false,"_monsterinsights_sitenote_active":false,"_monsterinsights_sitenote_note":"","_monsterinsights_sitenote_category":0,"footnotes":""},"class_list":["post-6896","page","type-page","status-publish","hentry"],"acf":[],"yoast_head":"<!-- This site is optimized with the Yoast SEO plugin v25.3.1 - https:\/\/yoast.com\/wordpress\/plugins\/seo\/ -->\n<title>C\u00e0sting de veu a Barcelona | RemoteStudio.com<\/title>\n<meta name=\"description\" content=\"Gravaci\u00f3 de veu en off a Recmote Studio. Estudi de so totalment equipat i preparat per a qualsevol tipus de projecte. Contacta amb nosaltres!\" \/>\n<meta name=\"robots\" content=\"index, follow, max-snippet:-1, max-image-preview:large, max-video-preview:-1\" \/>\n<link rel=\"canonical\" href=\"https:\/\/recmotestudio.com\/ca\/serveis\/casting-de-veu-a-barcelona\/\" \/>\n<meta property=\"og:locale\" content=\"ca_ES\" \/>\n<meta property=\"og:type\" content=\"article\" \/>\n<meta property=\"og:title\" content=\"C\u00e0sting de veu a Barcelona | RemoteStudio.com\" \/>\n<meta property=\"og:description\" content=\"Gravaci\u00f3 de veu en off a Recmote Studio. Estudi de so totalment equipat i preparat per a qualsevol tipus de projecte. Contacta amb nosaltres!\" \/>\n<meta property=\"og:url\" content=\"https:\/\/recmotestudio.com\/ca\/serveis\/casting-de-veu-a-barcelona\/\" \/>\n<meta property=\"og:site_name\" content=\"Recmote\" \/>\n<meta property=\"article:modified_time\" content=\"2025-05-16T21:32:39+00:00\" \/>\n<meta property=\"og:image\" content=\"https:\/\/recmotestudio.com\/wp-content\/uploads\/2023\/03\/Casting-de-voces.jpg\" \/>\n\t<meta property=\"og:image:width\" content=\"567\" \/>\n\t<meta property=\"og:image:height\" content=\"378\" \/>\n\t<meta property=\"og:image:type\" content=\"image\/jpeg\" \/>\n<meta name=\"twitter:card\" content=\"summary_large_image\" \/>\n<meta name=\"twitter:label1\" content=\"Temps estimat de lectura\" \/>\n\t<meta name=\"twitter:data1\" content=\"3 minuts\" \/>\n<script type=\"application\/ld+json\" class=\"yoast-schema-graph\">{\"@context\":\"https:\/\/schema.org\",\"@graph\":[{\"@type\":\"WebPage\",\"@id\":\"https:\/\/recmotestudio.com\/ca\/serveis\/casting-de-veu-a-barcelona\/\",\"url\":\"https:\/\/recmotestudio.com\/ca\/serveis\/casting-de-veu-a-barcelona\/\",\"name\":\"C\u00e0sting de veu a Barcelona | RemoteStudio.com\",\"isPartOf\":{\"@id\":\"https:\/\/recmotestudio.com\/#website\"},\"primaryImageOfPage\":{\"@id\":\"https:\/\/recmotestudio.com\/ca\/serveis\/casting-de-veu-a-barcelona\/#primaryimage\"},\"image\":{\"@id\":\"https:\/\/recmotestudio.com\/ca\/serveis\/casting-de-veu-a-barcelona\/#primaryimage\"},\"thumbnailUrl\":\"https:\/\/recmotestudio.com\/wp-content\/uploads\/2023\/03\/Casting-de-voces.jpg\",\"datePublished\":\"2023-03-09T18:00:37+00:00\",\"dateModified\":\"2025-05-16T21:32:39+00:00\",\"description\":\"Gravaci\u00f3 de veu en off a Recmote Studio. Estudi de so totalment equipat i preparat per a qualsevol tipus de projecte. Contacta amb nosaltres!\",\"breadcrumb\":{\"@id\":\"https:\/\/recmotestudio.com\/ca\/serveis\/casting-de-veu-a-barcelona\/#breadcrumb\"},\"inLanguage\":\"ca\",\"potentialAction\":[{\"@type\":\"ReadAction\",\"target\":[\"https:\/\/recmotestudio.com\/ca\/serveis\/casting-de-veu-a-barcelona\/\"]}]},{\"@type\":\"ImageObject\",\"inLanguage\":\"ca\",\"@id\":\"https:\/\/recmotestudio.com\/ca\/serveis\/casting-de-veu-a-barcelona\/#primaryimage\",\"url\":\"https:\/\/recmotestudio.com\/wp-content\/uploads\/2023\/03\/Casting-de-voces.jpg\",\"contentUrl\":\"https:\/\/recmotestudio.com\/wp-content\/uploads\/2023\/03\/Casting-de-voces.jpg\"},{\"@type\":\"BreadcrumbList\",\"@id\":\"https:\/\/recmotestudio.com\/ca\/serveis\/casting-de-veu-a-barcelona\/#breadcrumb\",\"itemListElement\":[{\"@type\":\"ListItem\",\"position\":1,\"name\":\"Home\",\"item\":\"https:\/\/recmotestudio.com\/ca\/home-2\/\"},{\"@type\":\"ListItem\",\"position\":2,\"name\":\"Serveis\",\"item\":\"https:\/\/recmotestudio.com\/ca\/serveis\/\"},{\"@type\":\"ListItem\",\"position\":3,\"name\":\"C\u00e0sting de veu a Barcelona\"}]},{\"@type\":\"WebSite\",\"@id\":\"https:\/\/recmotestudio.com\/#website\",\"url\":\"https:\/\/recmotestudio.com\/\",\"name\":\"Recmote\",\"description\":\"Audio Post Production\",\"publisher\":{\"@id\":\"https:\/\/recmotestudio.com\/#organization\"},\"potentialAction\":[{\"@type\":\"SearchAction\",\"target\":{\"@type\":\"EntryPoint\",\"urlTemplate\":\"https:\/\/recmotestudio.com\/?s={search_term_string}\"},\"query-input\":{\"@type\":\"PropertyValueSpecification\",\"valueRequired\":true,\"valueName\":\"search_term_string\"}}],\"inLanguage\":\"ca\"},{\"@type\":\"Organization\",\"@id\":\"https:\/\/recmotestudio.com\/#organization\",\"name\":\"Recmote Studio\",\"url\":\"https:\/\/recmotestudio.com\/\",\"logo\":{\"@type\":\"ImageObject\",\"inLanguage\":\"ca\",\"@id\":\"https:\/\/recmotestudio.com\/#\/schema\/logo\/image\/\",\"url\":\"https:\/\/recmotestudio.com\/wp-content\/uploads\/2020\/11\/recmote-logo.svg\",\"contentUrl\":\"https:\/\/recmotestudio.com\/wp-content\/uploads\/2020\/11\/recmote-logo.svg\",\"width\":209,\"height\":30,\"caption\":\"Recmote Studio\"},\"image\":{\"@id\":\"https:\/\/recmotestudio.com\/#\/schema\/logo\/image\/\"},\"sameAs\":[\"https:\/\/www.linkedin.com\/company\/recmote-studio\/\"]}]}<\/script>\n<!-- \/ Yoast SEO plugin. -->","yoast_head_json":{"title":"C\u00e0sting de veu a Barcelona | RemoteStudio.com","description":"Gravaci\u00f3 de veu en off a Recmote Studio. Estudi de so totalment equipat i preparat per a qualsevol tipus de projecte. Contacta amb nosaltres!","robots":{"index":"index","follow":"follow","max-snippet":"max-snippet:-1","max-image-preview":"max-image-preview:large","max-video-preview":"max-video-preview:-1"},"canonical":"https:\/\/recmotestudio.com\/ca\/serveis\/casting-de-veu-a-barcelona\/","og_locale":"ca_ES","og_type":"article","og_title":"C\u00e0sting de veu a Barcelona | RemoteStudio.com","og_description":"Gravaci\u00f3 de veu en off a Recmote Studio. Estudi de so totalment equipat i preparat per a qualsevol tipus de projecte. Contacta amb nosaltres!","og_url":"https:\/\/recmotestudio.com\/ca\/serveis\/casting-de-veu-a-barcelona\/","og_site_name":"Recmote","article_modified_time":"2025-05-16T21:32:39+00:00","og_image":[{"width":567,"height":378,"url":"https:\/\/recmotestudio.com\/wp-content\/uploads\/2023\/03\/Casting-de-voces.jpg","type":"image\/jpeg"}],"twitter_card":"summary_large_image","twitter_misc":{"Temps estimat de lectura":"3 minuts"},"schema":{"@context":"https:\/\/schema.org","@graph":[{"@type":"WebPage","@id":"https:\/\/recmotestudio.com\/ca\/serveis\/casting-de-veu-a-barcelona\/","url":"https:\/\/recmotestudio.com\/ca\/serveis\/casting-de-veu-a-barcelona\/","name":"C\u00e0sting de veu a Barcelona | RemoteStudio.com","isPartOf":{"@id":"https:\/\/recmotestudio.com\/#website"},"primaryImageOfPage":{"@id":"https:\/\/recmotestudio.com\/ca\/serveis\/casting-de-veu-a-barcelona\/#primaryimage"},"image":{"@id":"https:\/\/recmotestudio.com\/ca\/serveis\/casting-de-veu-a-barcelona\/#primaryimage"},"thumbnailUrl":"https:\/\/recmotestudio.com\/wp-content\/uploads\/2023\/03\/Casting-de-voces.jpg","datePublished":"2023-03-09T18:00:37+00:00","dateModified":"2025-05-16T21:32:39+00:00","description":"Gravaci\u00f3 de veu en off a Recmote Studio. Estudi de so totalment equipat i preparat per a qualsevol tipus de projecte. Contacta amb nosaltres!","breadcrumb":{"@id":"https:\/\/recmotestudio.com\/ca\/serveis\/casting-de-veu-a-barcelona\/#breadcrumb"},"inLanguage":"ca","potentialAction":[{"@type":"ReadAction","target":["https:\/\/recmotestudio.com\/ca\/serveis\/casting-de-veu-a-barcelona\/"]}]},{"@type":"ImageObject","inLanguage":"ca","@id":"https:\/\/recmotestudio.com\/ca\/serveis\/casting-de-veu-a-barcelona\/#primaryimage","url":"https:\/\/recmotestudio.com\/wp-content\/uploads\/2023\/03\/Casting-de-voces.jpg","contentUrl":"https:\/\/recmotestudio.com\/wp-content\/uploads\/2023\/03\/Casting-de-voces.jpg"},{"@type":"BreadcrumbList","@id":"https:\/\/recmotestudio.com\/ca\/serveis\/casting-de-veu-a-barcelona\/#breadcrumb","itemListElement":[{"@type":"ListItem","position":1,"name":"Home","item":"https:\/\/recmotestudio.com\/ca\/home-2\/"},{"@type":"ListItem","position":2,"name":"Serveis","item":"https:\/\/recmotestudio.com\/ca\/serveis\/"},{"@type":"ListItem","position":3,"name":"C\u00e0sting de veu a Barcelona"}]},{"@type":"WebSite","@id":"https:\/\/recmotestudio.com\/#website","url":"https:\/\/recmotestudio.com\/","name":"Recmote","description":"Audio Post Production","publisher":{"@id":"https:\/\/recmotestudio.com\/#organization"},"potentialAction":[{"@type":"SearchAction","target":{"@type":"EntryPoint","urlTemplate":"https:\/\/recmotestudio.com\/?s={search_term_string}"},"query-input":{"@type":"PropertyValueSpecification","valueRequired":true,"valueName":"search_term_string"}}],"inLanguage":"ca"},{"@type":"Organization","@id":"https:\/\/recmotestudio.com\/#organization","name":"Recmote Studio","url":"https:\/\/recmotestudio.com\/","logo":{"@type":"ImageObject","inLanguage":"ca","@id":"https:\/\/recmotestudio.com\/#\/schema\/logo\/image\/","url":"https:\/\/recmotestudio.com\/wp-content\/uploads\/2020\/11\/recmote-logo.svg","contentUrl":"https:\/\/recmotestudio.com\/wp-content\/uploads\/2020\/11\/recmote-logo.svg","width":209,"height":30,"caption":"Recmote Studio"},"image":{"@id":"https:\/\/recmotestudio.com\/#\/schema\/logo\/image\/"},"sameAs":["https:\/\/www.linkedin.com\/company\/recmote-studio\/"]}]}},"_links":{"self":[{"href":"https:\/\/recmotestudio.com\/ca\/wp-json\/wp\/v2\/pages\/6896"}],"collection":[{"href":"https:\/\/recmotestudio.com\/ca\/wp-json\/wp\/v2\/pages"}],"about":[{"href":"https:\/\/recmotestudio.com\/ca\/wp-json\/wp\/v2\/types\/page"}],"author":[{"embeddable":true,"href":"https:\/\/recmotestudio.com\/ca\/wp-json\/wp\/v2\/users\/1"}],"replies":[{"embeddable":true,"href":"https:\/\/recmotestudio.com\/ca\/wp-json\/wp\/v2\/comments?post=6896"}],"version-history":[{"count":2,"href":"https:\/\/recmotestudio.com\/ca\/wp-json\/wp\/v2\/pages\/6896\/revisions"}],"predecessor-version":[{"id":9692,"href":"https:\/\/recmotestudio.com\/ca\/wp-json\/wp\/v2\/pages\/6896\/revisions\/9692"}],"up":[{"embeddable":true,"href":"https:\/\/recmotestudio.com\/ca\/wp-json\/wp\/v2\/pages\/759"}],"wp:attachment":[{"href":"https:\/\/recmotestudio.com\/ca\/wp-json\/wp\/v2\/media?parent=6896"}],"curies":[{"name":"wp","href":"https:\/\/api.w.org\/{rel}","templated":true}]}}