{"id":6884,"date":"2023-03-09T18:00:03","date_gmt":"2023-03-09T18:00:03","guid":{"rendered":"https:\/\/recmotestudio.com\/?page_id=6884"},"modified":"2025-05-16T23:05:27","modified_gmt":"2025-05-16T23:05:27","slug":"additional-dialog-recording-adr-a-barcelona","status":"publish","type":"page","link":"https:\/\/recmotestudio.com\/ca\/serveis\/additional-dialog-recording-adr-a-barcelona\/","title":{"rendered":"ADR addicional per a enregistraments de di\u00e0legs a Barcelona"},"content":{"rendered":"\t\t<div data-elementor-type=\"wp-page\" data-elementor-id=\"6884\" class=\"elementor elementor-6884 elementor-6883\" data-elementor-post-type=\"page\">\n\t\t\t\t<div class=\"elementor-element elementor-element-f4cf36c e-flex e-con-boxed e-con e-parent\" data-id=\"f4cf36c\" data-element_type=\"container\" data-e-type=\"container\">\n\t\t\t\t\t<div class=\"e-con-inner\">\n\t\t\t\t<div class=\"elementor-element elementor-element-f7d7aa4 elementor-widget elementor-widget-menu-anchor\" data-id=\"f7d7aa4\" data-element_type=\"widget\" data-e-type=\"widget\" data-widget_type=\"menu-anchor.default\">\n\t\t\t\t<div class=\"elementor-widget-container\">\n\t\t\t\t\t\t\t<div class=\"elementor-menu-anchor\" id=\"top\"><\/div>\n\t\t\t\t\t\t<\/div>\n\t\t\t\t<\/div>\n\t\t\t\t<div class=\"elementor-element elementor-element-c1b4d62 elementor-widget elementor-widget-heading\" data-id=\"c1b4d62\" data-element_type=\"widget\" data-e-type=\"widget\" data-widget_type=\"heading.default\">\n\t\t\t\t<div class=\"elementor-widget-container\">\n\t\t\t\t\t<h1 class=\"elementor-heading-title elementor-size-default\">Serveis de resoluci\u00f3 alternativa de problemes (ADR)<\/h1>\t\t\t\t<\/div>\n\t\t\t\t<\/div>\n\t\t\t\t<div class=\"elementor-element elementor-element-2944463 elementor-widget elementor-widget-text-editor\" data-id=\"2944463\" data-element_type=\"widget\" data-e-type=\"widget\" data-widget_type=\"text-editor.default\">\n\t\t\t\t<div class=\"elementor-widget-container\">\n\t\t\t\t\t\t\t\t\t<p>L&#8217;enregistrament de di\u00e0legs addicionals, tamb\u00e9 conegut com ADR, \u00e9s un proc\u00e9s de postproducci\u00f3 d&#8217;\u00e0udio en el qual es graven di\u00e0legs addicionals per ser utilitzats en un mitj\u00e0 audiovisual.<\/p><p>A Recmote Studio tenim una \u00e0mplia experi\u00e8ncia en projectes ADR, tant nacionals com internacionals.<\/p>\t\t\t\t\t\t\t\t<\/div>\n\t\t\t\t<\/div>\n\t\t\t\t\t<\/div>\n\t\t\t\t<\/div>\n\t\t\t\t<section class=\"elementor-section elementor-top-section elementor-element elementor-element-271421e elementor-section-full_width elementor-section-height-default elementor-section-height-default\" data-id=\"271421e\" data-element_type=\"section\" data-e-type=\"section\">\n\t\t\t\t\t\t<div class=\"elementor-container elementor-column-gap-default\">\n\t\t\t\t\t<div class=\"elementor-column elementor-col-100 elementor-top-column elementor-element elementor-element-4863fe6\" data-id=\"4863fe6\" data-element_type=\"column\" data-e-type=\"column\">\n\t\t\t<div class=\"elementor-widget-wrap elementor-element-populated\">\n\t\t\t\t\t\t<div class=\"elementor-element elementor-element-d4b2a16 elementor-widget elementor-widget-image\" data-id=\"d4b2a16\" data-element_type=\"widget\" data-e-type=\"widget\" data-widget_type=\"image.default\">\n\t\t\t\t<div class=\"elementor-widget-container\">\n\t\t\t\t\t\t\t\t\t\t\t\t\t\t\t<img fetchpriority=\"high\" decoding=\"async\" width=\"567\" height=\"378\" src=\"https:\/\/recmotestudio.com\/wp-content\/uploads\/2023\/03\/ADR.jpg\" class=\"attachment-large size-large wp-image-6988\" alt=\"\" srcset=\"https:\/\/recmotestudio.com\/wp-content\/uploads\/2023\/03\/ADR.jpg 567w, https:\/\/recmotestudio.com\/wp-content\/uploads\/2023\/03\/ADR-300x200.jpg 300w\" sizes=\"(max-width: 567px) 100vw, 567px\" \/>\t\t\t\t\t\t\t\t\t\t\t\t\t\t\t<\/div>\n\t\t\t\t<\/div>\n\t\t\t\t\t<\/div>\n\t\t<\/div>\n\t\t\t\t\t<\/div>\n\t\t<\/section>\n\t\t<div class=\"elementor-element elementor-element-c240aa5 e-flex e-con-boxed e-con e-parent\" data-id=\"c240aa5\" data-element_type=\"container\" data-e-type=\"container\">\n\t\t\t\t\t<div class=\"e-con-inner\">\n\t\t\t\t<div class=\"elementor-element elementor-element-3fde71a elementor-widget elementor-widget-text-editor\" data-id=\"3fde71a\" data-element_type=\"widget\" data-e-type=\"widget\" data-widget_type=\"text-editor.default\">\n\t\t\t\t<div class=\"elementor-widget-container\">\n\t\t\t\t\t\t\t\t\t<h2 class=\"mob-b\">Ubicaci\u00f3 perfecta a Barcelona<\/h2>\nEl nostre estudi de gravaci\u00f3 est\u00e0 situat al centre de Barcelona i est\u00e0 perfectament comunicat per a la comoditat d&#8217;actors i actrius. A m\u00e9s, est\u00e0 totalment equipat amb la tecnologia m\u00e9s moderna, cosa que ens permet oferir un servei d&#8217;alta qualitat.\t\t\t\t\t\t\t\t<\/div>\n\t\t\t\t<\/div>\n\t\t\t\t<div class=\"elementor-element elementor-element-13d1a00 elementor-widget elementor-widget-text-editor\" data-id=\"13d1a00\" data-element_type=\"widget\" data-e-type=\"widget\" data-widget_type=\"text-editor.default\">\n\t\t\t\t<div class=\"elementor-widget-container\">\n\t\t\t\t\t\t\t\t\t<h2 class=\"mob-b\">Gravaci\u00f3 remota<\/h2>\nA Recmote Studio oferim la possibilitat de monitoritzar l&#8217;enregistrament ADR de forma remota i en temps real per tal de facilitar la feina dels nostres clients, la gran majoria dels quals es troben fora de Barcelona.\n\nPoseu-vos en contacte amb nosaltres per sol\u00b7licitar un pressupost sense comprom\u00eds.\t\t\t\t\t\t\t\t<\/div>\n\t\t\t\t<\/div>\n\t\t\t\t\t<\/div>\n\t\t\t\t<\/div>\n\t\t\t\t<section class=\"elementor-section elementor-top-section elementor-element elementor-element-3f57cea9 elementor-section-boxed elementor-section-height-default elementor-section-height-default\" data-id=\"3f57cea9\" data-element_type=\"section\" data-e-type=\"section\">\n\t\t\t\t\t\t<div class=\"elementor-container elementor-column-gap-default\">\n\t\t\t\t\t<div class=\"elementor-column elementor-col-100 elementor-top-column elementor-element elementor-element-55084cb4\" data-id=\"55084cb4\" data-element_type=\"column\" data-e-type=\"column\">\n\t\t\t<div class=\"elementor-widget-wrap elementor-element-populated\">\n\t\t\t\t\t\t<div class=\"elementor-element elementor-element-77569edd elementor-align-center elementor-widget elementor-widget-button\" data-id=\"77569edd\" data-element_type=\"widget\" data-e-type=\"widget\" data-widget_type=\"button.default\">\n\t\t\t\t<div class=\"elementor-widget-container\">\n\t\t\t\t\t\t\t\t\t<div class=\"elementor-button-wrapper\">\n\t\t\t\t\t<a class=\"elementor-button elementor-button-link elementor-size-sm\" href=\"https:\/\/recmotestudio.com\/ca\/contacte\/\">\n\t\t\t\t\t\t<span class=\"elementor-button-content-wrapper\">\n\t\t\t\t\t\t\t\t\t<span class=\"elementor-button-text\">Poseu-vos en contacte<\/span>\n\t\t\t\t\t<\/span>\n\t\t\t\t\t<\/a>\n\t\t\t\t<\/div>\n\t\t\t\t\t\t\t\t<\/div>\n\t\t\t\t<\/div>\n\t\t\t\t\t<\/div>\n\t\t<\/div>\n\t\t\t\t\t<\/div>\n\t\t<\/section>\n\t\t\t\t<\/div>\n\t\t","protected":false},"excerpt":{"rendered":"<p>Serveis de resoluci\u00f3 alternativa de problemes (ADR) L&#8217;enregistrament de di\u00e0legs addicionals, tamb\u00e9 conegut com ADR, \u00e9s un proc\u00e9s de postproducci\u00f3 d&#8217;\u00e0udio en el qual es graven di\u00e0legs addicionals per ser utilitzats en un mitj\u00e0 audiovisual. A Recmote Studio tenim una \u00e0mplia experi\u00e8ncia en projectes ADR, tant nacionals com internacionals. Ubicaci\u00f3 perfecta a Barcelona El nostre [&hellip;]<\/p>\n","protected":false},"author":1,"featured_media":0,"parent":759,"menu_order":0,"comment_status":"closed","ping_status":"closed","template":"","meta":{"_acf_changed":false,"inline_featured_image":false,"_monsterinsights_skip_tracking":false,"_monsterinsights_sitenote_active":false,"_monsterinsights_sitenote_note":"","_monsterinsights_sitenote_category":0,"footnotes":""},"class_list":["post-6884","page","type-page","status-publish","hentry"],"acf":[],"yoast_head":"<!-- This site is optimized with the Yoast SEO plugin v25.3.1 - https:\/\/yoast.com\/wordpress\/plugins\/seo\/ -->\n<title>ADR addicional per a enregistraments de di\u00e0legs a Barcelona | RecmoteStudio.com<\/title>\n<meta name=\"description\" content=\"Serveis ADR a Recmote Studio. Estudi de so totalment equipat i preparat per a qualsevol tipus de projecte. Contacta amb nosaltres!\" \/>\n<meta name=\"robots\" content=\"index, follow, max-snippet:-1, max-image-preview:large, max-video-preview:-1\" \/>\n<link rel=\"canonical\" href=\"https:\/\/recmotestudio.com\/ca\/serveis\/additional-dialog-recording-adr-a-barcelona\/\" \/>\n<meta property=\"og:locale\" content=\"ca_ES\" \/>\n<meta property=\"og:type\" content=\"article\" \/>\n<meta property=\"og:title\" content=\"ADR addicional per a enregistraments de di\u00e0legs a Barcelona | RecmoteStudio.com\" \/>\n<meta property=\"og:description\" content=\"Serveis ADR a Recmote Studio. Estudi de so totalment equipat i preparat per a qualsevol tipus de projecte. Contacta amb nosaltres!\" \/>\n<meta property=\"og:url\" content=\"https:\/\/recmotestudio.com\/ca\/serveis\/additional-dialog-recording-adr-a-barcelona\/\" \/>\n<meta property=\"og:site_name\" content=\"Recmote\" \/>\n<meta property=\"article:modified_time\" content=\"2025-05-16T23:05:27+00:00\" \/>\n<meta property=\"og:image\" content=\"https:\/\/recmotestudio.com\/wp-content\/uploads\/2023\/03\/ADR.jpg\" \/>\n\t<meta property=\"og:image:width\" content=\"567\" \/>\n\t<meta property=\"og:image:height\" content=\"378\" \/>\n\t<meta property=\"og:image:type\" content=\"image\/jpeg\" \/>\n<meta name=\"twitter:card\" content=\"summary_large_image\" \/>\n<meta name=\"twitter:label1\" content=\"Temps estimat de lectura\" \/>\n\t<meta name=\"twitter:data1\" content=\"1 minut\" \/>\n<script type=\"application\/ld+json\" class=\"yoast-schema-graph\">{\"@context\":\"https:\/\/schema.org\",\"@graph\":[{\"@type\":\"WebPage\",\"@id\":\"https:\/\/recmotestudio.com\/ca\/serveis\/additional-dialog-recording-adr-a-barcelona\/\",\"url\":\"https:\/\/recmotestudio.com\/ca\/serveis\/additional-dialog-recording-adr-a-barcelona\/\",\"name\":\"ADR addicional per a enregistraments de di\u00e0legs a Barcelona | RecmoteStudio.com\",\"isPartOf\":{\"@id\":\"https:\/\/recmotestudio.com\/#website\"},\"primaryImageOfPage\":{\"@id\":\"https:\/\/recmotestudio.com\/ca\/serveis\/additional-dialog-recording-adr-a-barcelona\/#primaryimage\"},\"image\":{\"@id\":\"https:\/\/recmotestudio.com\/ca\/serveis\/additional-dialog-recording-adr-a-barcelona\/#primaryimage\"},\"thumbnailUrl\":\"https:\/\/recmotestudio.com\/wp-content\/uploads\/2023\/03\/ADR.jpg\",\"datePublished\":\"2023-03-09T18:00:03+00:00\",\"dateModified\":\"2025-05-16T23:05:27+00:00\",\"description\":\"Serveis ADR a Recmote Studio. Estudi de so totalment equipat i preparat per a qualsevol tipus de projecte. Contacta amb nosaltres!\",\"breadcrumb\":{\"@id\":\"https:\/\/recmotestudio.com\/ca\/serveis\/additional-dialog-recording-adr-a-barcelona\/#breadcrumb\"},\"inLanguage\":\"ca\",\"potentialAction\":[{\"@type\":\"ReadAction\",\"target\":[\"https:\/\/recmotestudio.com\/ca\/serveis\/additional-dialog-recording-adr-a-barcelona\/\"]}]},{\"@type\":\"ImageObject\",\"inLanguage\":\"ca\",\"@id\":\"https:\/\/recmotestudio.com\/ca\/serveis\/additional-dialog-recording-adr-a-barcelona\/#primaryimage\",\"url\":\"https:\/\/recmotestudio.com\/wp-content\/uploads\/2023\/03\/ADR.jpg\",\"contentUrl\":\"https:\/\/recmotestudio.com\/wp-content\/uploads\/2023\/03\/ADR.jpg\"},{\"@type\":\"BreadcrumbList\",\"@id\":\"https:\/\/recmotestudio.com\/ca\/serveis\/additional-dialog-recording-adr-a-barcelona\/#breadcrumb\",\"itemListElement\":[{\"@type\":\"ListItem\",\"position\":1,\"name\":\"Home\",\"item\":\"https:\/\/recmotestudio.com\/ca\/home-2\/\"},{\"@type\":\"ListItem\",\"position\":2,\"name\":\"Serveis\",\"item\":\"https:\/\/recmotestudio.com\/ca\/serveis\/\"},{\"@type\":\"ListItem\",\"position\":3,\"name\":\"ADR addicional per a enregistraments de di\u00e0legs a Barcelona\"}]},{\"@type\":\"WebSite\",\"@id\":\"https:\/\/recmotestudio.com\/#website\",\"url\":\"https:\/\/recmotestudio.com\/\",\"name\":\"Recmote\",\"description\":\"Audio Post Production\",\"publisher\":{\"@id\":\"https:\/\/recmotestudio.com\/#organization\"},\"potentialAction\":[{\"@type\":\"SearchAction\",\"target\":{\"@type\":\"EntryPoint\",\"urlTemplate\":\"https:\/\/recmotestudio.com\/?s={search_term_string}\"},\"query-input\":{\"@type\":\"PropertyValueSpecification\",\"valueRequired\":true,\"valueName\":\"search_term_string\"}}],\"inLanguage\":\"ca\"},{\"@type\":\"Organization\",\"@id\":\"https:\/\/recmotestudio.com\/#organization\",\"name\":\"Recmote Studio\",\"url\":\"https:\/\/recmotestudio.com\/\",\"logo\":{\"@type\":\"ImageObject\",\"inLanguage\":\"ca\",\"@id\":\"https:\/\/recmotestudio.com\/#\/schema\/logo\/image\/\",\"url\":\"https:\/\/recmotestudio.com\/wp-content\/uploads\/2020\/11\/recmote-logo.svg\",\"contentUrl\":\"https:\/\/recmotestudio.com\/wp-content\/uploads\/2020\/11\/recmote-logo.svg\",\"width\":209,\"height\":30,\"caption\":\"Recmote Studio\"},\"image\":{\"@id\":\"https:\/\/recmotestudio.com\/#\/schema\/logo\/image\/\"},\"sameAs\":[\"https:\/\/www.linkedin.com\/company\/recmote-studio\/\"]}]}<\/script>\n<!-- \/ Yoast SEO plugin. -->","yoast_head_json":{"title":"ADR addicional per a enregistraments de di\u00e0legs a Barcelona | RecmoteStudio.com","description":"Serveis ADR a Recmote Studio. Estudi de so totalment equipat i preparat per a qualsevol tipus de projecte. Contacta amb nosaltres!","robots":{"index":"index","follow":"follow","max-snippet":"max-snippet:-1","max-image-preview":"max-image-preview:large","max-video-preview":"max-video-preview:-1"},"canonical":"https:\/\/recmotestudio.com\/ca\/serveis\/additional-dialog-recording-adr-a-barcelona\/","og_locale":"ca_ES","og_type":"article","og_title":"ADR addicional per a enregistraments de di\u00e0legs a Barcelona | RecmoteStudio.com","og_description":"Serveis ADR a Recmote Studio. Estudi de so totalment equipat i preparat per a qualsevol tipus de projecte. Contacta amb nosaltres!","og_url":"https:\/\/recmotestudio.com\/ca\/serveis\/additional-dialog-recording-adr-a-barcelona\/","og_site_name":"Recmote","article_modified_time":"2025-05-16T23:05:27+00:00","og_image":[{"width":567,"height":378,"url":"https:\/\/recmotestudio.com\/wp-content\/uploads\/2023\/03\/ADR.jpg","type":"image\/jpeg"}],"twitter_card":"summary_large_image","twitter_misc":{"Temps estimat de lectura":"1 minut"},"schema":{"@context":"https:\/\/schema.org","@graph":[{"@type":"WebPage","@id":"https:\/\/recmotestudio.com\/ca\/serveis\/additional-dialog-recording-adr-a-barcelona\/","url":"https:\/\/recmotestudio.com\/ca\/serveis\/additional-dialog-recording-adr-a-barcelona\/","name":"ADR addicional per a enregistraments de di\u00e0legs a Barcelona | RecmoteStudio.com","isPartOf":{"@id":"https:\/\/recmotestudio.com\/#website"},"primaryImageOfPage":{"@id":"https:\/\/recmotestudio.com\/ca\/serveis\/additional-dialog-recording-adr-a-barcelona\/#primaryimage"},"image":{"@id":"https:\/\/recmotestudio.com\/ca\/serveis\/additional-dialog-recording-adr-a-barcelona\/#primaryimage"},"thumbnailUrl":"https:\/\/recmotestudio.com\/wp-content\/uploads\/2023\/03\/ADR.jpg","datePublished":"2023-03-09T18:00:03+00:00","dateModified":"2025-05-16T23:05:27+00:00","description":"Serveis ADR a Recmote Studio. Estudi de so totalment equipat i preparat per a qualsevol tipus de projecte. Contacta amb nosaltres!","breadcrumb":{"@id":"https:\/\/recmotestudio.com\/ca\/serveis\/additional-dialog-recording-adr-a-barcelona\/#breadcrumb"},"inLanguage":"ca","potentialAction":[{"@type":"ReadAction","target":["https:\/\/recmotestudio.com\/ca\/serveis\/additional-dialog-recording-adr-a-barcelona\/"]}]},{"@type":"ImageObject","inLanguage":"ca","@id":"https:\/\/recmotestudio.com\/ca\/serveis\/additional-dialog-recording-adr-a-barcelona\/#primaryimage","url":"https:\/\/recmotestudio.com\/wp-content\/uploads\/2023\/03\/ADR.jpg","contentUrl":"https:\/\/recmotestudio.com\/wp-content\/uploads\/2023\/03\/ADR.jpg"},{"@type":"BreadcrumbList","@id":"https:\/\/recmotestudio.com\/ca\/serveis\/additional-dialog-recording-adr-a-barcelona\/#breadcrumb","itemListElement":[{"@type":"ListItem","position":1,"name":"Home","item":"https:\/\/recmotestudio.com\/ca\/home-2\/"},{"@type":"ListItem","position":2,"name":"Serveis","item":"https:\/\/recmotestudio.com\/ca\/serveis\/"},{"@type":"ListItem","position":3,"name":"ADR addicional per a enregistraments de di\u00e0legs a Barcelona"}]},{"@type":"WebSite","@id":"https:\/\/recmotestudio.com\/#website","url":"https:\/\/recmotestudio.com\/","name":"Recmote","description":"Audio Post Production","publisher":{"@id":"https:\/\/recmotestudio.com\/#organization"},"potentialAction":[{"@type":"SearchAction","target":{"@type":"EntryPoint","urlTemplate":"https:\/\/recmotestudio.com\/?s={search_term_string}"},"query-input":{"@type":"PropertyValueSpecification","valueRequired":true,"valueName":"search_term_string"}}],"inLanguage":"ca"},{"@type":"Organization","@id":"https:\/\/recmotestudio.com\/#organization","name":"Recmote Studio","url":"https:\/\/recmotestudio.com\/","logo":{"@type":"ImageObject","inLanguage":"ca","@id":"https:\/\/recmotestudio.com\/#\/schema\/logo\/image\/","url":"https:\/\/recmotestudio.com\/wp-content\/uploads\/2020\/11\/recmote-logo.svg","contentUrl":"https:\/\/recmotestudio.com\/wp-content\/uploads\/2020\/11\/recmote-logo.svg","width":209,"height":30,"caption":"Recmote Studio"},"image":{"@id":"https:\/\/recmotestudio.com\/#\/schema\/logo\/image\/"},"sameAs":["https:\/\/www.linkedin.com\/company\/recmote-studio\/"]}]}},"_links":{"self":[{"href":"https:\/\/recmotestudio.com\/ca\/wp-json\/wp\/v2\/pages\/6884"}],"collection":[{"href":"https:\/\/recmotestudio.com\/ca\/wp-json\/wp\/v2\/pages"}],"about":[{"href":"https:\/\/recmotestudio.com\/ca\/wp-json\/wp\/v2\/types\/page"}],"author":[{"embeddable":true,"href":"https:\/\/recmotestudio.com\/ca\/wp-json\/wp\/v2\/users\/1"}],"replies":[{"embeddable":true,"href":"https:\/\/recmotestudio.com\/ca\/wp-json\/wp\/v2\/comments?post=6884"}],"version-history":[{"count":2,"href":"https:\/\/recmotestudio.com\/ca\/wp-json\/wp\/v2\/pages\/6884\/revisions"}],"predecessor-version":[{"id":9710,"href":"https:\/\/recmotestudio.com\/ca\/wp-json\/wp\/v2\/pages\/6884\/revisions\/9710"}],"up":[{"embeddable":true,"href":"https:\/\/recmotestudio.com\/ca\/wp-json\/wp\/v2\/pages\/759"}],"wp:attachment":[{"href":"https:\/\/recmotestudio.com\/ca\/wp-json\/wp\/v2\/media?parent=6884"}],"curies":[{"name":"wp","href":"https:\/\/api.w.org\/{rel}","templated":true}]}}